{"id":12314,"date":"2025-04-08T04:22:53","date_gmt":"2025-04-08T04:22:53","guid":{"rendered":"https:\/\/www.cfaebooks.com\/?post_type=product&#038;p=12314"},"modified":"2026-04-03T08:03:20","modified_gmt":"2026-04-03T08:03:20","slug":"cfa-2025-schweser-mock-exams-level-1","status":"publish","type":"product","link":"https:\/\/www.cfaebooks.com\/pt\/products\/cfa-2025-schweser-mock-exams-level-1\/","title":{"rendered":"CFA 2025 Schweser Mock Exams N\u00edvel 1"},"content":{"rendered":"<p>Vende-se um livro eletr\u00f3nico <strong>2025 CFA Schweser Mock Exams N\u00edvel 1<\/strong> PDF<\/p>\n\n\n\n<ul class=\"wp-block-list\">\n<li>Inclui 6 exames de simula\u00e7\u00e3o<\/li>\n\n\n\n<li>Inclui perguntas e respostas para cada pergunta<\/li>\n<\/ul>\n\n\n\n<p>O texto pode ser pesquisado utilizando a fun\u00e7\u00e3o de pesquisa no teclado do seu computador \"ctrl+f\" e atrav\u00e9s da pesquisa no seu smartphone\/tablet<\/p>\n\n\n\n<p>Estes n\u00e3o s\u00e3o livros f\u00edsicos, s\u00e3o c\u00f3pias digitais em PDF. Por favor, n\u00e3o compre se quiser uma c\u00f3pia f\u00edsica<\/p>\n\n\n\n<p>Ap\u00f3s a finaliza\u00e7\u00e3o da compra, pode descarregar os livros electr\u00f3nicos imediatamente<\/p>","protected":false},"excerpt":{"rendered":"<p>For sale is an e-Book 2025 CFA Schweser\u00a0Mock Exams Level 1 PDF The text is searchable using the find feature on your computer keyboard &#8216;ctrl+f&#8217; and through search on your smartphone\/tablet These are not physical books they are PDF digital copies. Please do not purchase if you want a physical hard copy After checkout you [&hellip;]<\/p>\n","protected":false},"featured_media":12315,"comment_status":"closed","ping_status":"closed","template":"","meta":[],"product_brand":[],"product_cat":[260],"product_tag":[261,93,88,90,87,311,91,92,176],"class_list":{"0":"post-12314","1":"product","2":"type-product","3":"status-publish","4":"has-post-thumbnail","6":"product_cat-cfa-level-1","7":"product_tag-cfa-2025","8":"product_tag-cfa-books","9":"product_tag-cfa-ebooks","10":"product_tag-cfa-exam","11":"product_tag-cfa-level-i","12":"product_tag-cfa-mocks","13":"product_tag-cfa-prep","14":"product_tag-cfa-test","15":"product_tag-mock-exam","17":"first","18":"instock","19":"downloadable","20":"virtual","21":"sold-individually","22":"purchasable","23":"product-type-simple"},"_links":{"self":[{"href":"https:\/\/www.cfaebooks.com\/pt\/wp-json\/wp\/v2\/product\/12314","targetHints":{"allow":["GET"]}}],"collection":[{"href":"https:\/\/www.cfaebooks.com\/pt\/wp-json\/wp\/v2\/product"}],"about":[{"href":"https:\/\/www.cfaebooks.com\/pt\/wp-json\/wp\/v2\/types\/product"}],"replies":[{"embeddable":true,"href":"https:\/\/www.cfaebooks.com\/pt\/wp-json\/wp\/v2\/comments?post=12314"}],"wp:featuredmedia":[{"embeddable":true,"href":"https:\/\/www.cfaebooks.com\/pt\/wp-json\/wp\/v2\/media\/12315"}],"wp:attachment":[{"href":"https:\/\/www.cfaebooks.com\/pt\/wp-json\/wp\/v2\/media?parent=12314"}],"wp:term":[{"taxonomy":"product_brand","embeddable":true,"href":"https:\/\/www.cfaebooks.com\/pt\/wp-json\/wp\/v2\/product_brand?post=12314"},{"taxonomy":"product_cat","embeddable":true,"href":"https:\/\/www.cfaebooks.com\/pt\/wp-json\/wp\/v2\/product_cat?post=12314"},{"taxonomy":"product_tag","embeddable":true,"href":"https:\/\/www.cfaebooks.com\/pt\/wp-json\/wp\/v2\/product_tag?post=12314"}],"curies":[{"name":"wp","href":"https:\/\/api.w.org\/{rel}","templated":true}]}}