{"id":12284,"date":"2025-04-07T07:51:06","date_gmt":"2025-04-07T07:51:06","guid":{"rendered":"https:\/\/www.cfaebooks.com\/?post_type=product&#038;p=12284"},"modified":"2026-04-03T08:03:08","modified_gmt":"2026-04-03T08:03:08","slug":"frm-2026-schweser-videos-parte-2-com-caderno-de-exercicios","status":"publish","type":"product","link":"https:\/\/www.cfaebooks.com\/pt\/products\/frm-2026-schweser-videos-parte-2-com-caderno-de-exercicios\/","title":{"rendered":"V\u00eddeos FRM 2026 da Schweser, Parte 2, com livro de exerc\u00edcios"},"content":{"rendered":"<p>Vende-se o conjunto de v\u00eddeo-aulas FRM Schweser 2026, Parte 2, com caderno de exerc\u00edcios.<\/p>\n\n\n\n<p><strong>T\u00f3picos abordados:<\/strong><\/p>\n\n\n\n<ul class=\"wp-block-list\">\n<li>Medi\u00e7\u00e3o e gest\u00e3o do risco de mercado<\/li>\n\n\n\n<li>Medi\u00e7\u00e3o e gest\u00e3o do risco de cr\u00e9dito<\/li>\n\n\n\n<li>Risco operacional e resili\u00eancia<\/li>\n\n\n\n<li>Medi\u00e7\u00e3o e gest\u00e3o do risco de liquidez e de tesouraria<\/li>\n\n\n\n<li>Gest\u00e3o de riscos, gest\u00e3o de investimentos e quest\u00f5es actuais dos mercados financeiros<\/li>\n<\/ul>\n\n\n\n<p><strong>O que est\u00e1 inclu\u00eddo:<\/strong><\/p>\n\n\n\n<ul class=\"wp-block-list\">\n<li><strong>Aulas em v\u00eddeo<\/strong>: Apresenta\u00e7\u00f5es aprofundadas por instrutores experientes, abrangendo todos os t\u00f3picos essenciais da Parte 2.<\/li>\n\n\n\n<li><strong>Livro de exerc\u00edcios<\/strong>: Slides bem estruturados que resumem os pontos-chave, perfeitos para uma revis\u00e3o r\u00e1pida e eficaz.<\/li>\n<\/ul>\n\n\n\n<p>Ap\u00f3s o checkout, pode descarregar instantaneamente.<\/p>","protected":false},"excerpt":{"rendered":"<p>For sale is the 2026 FRM Schweser Video Lectures Part 2 with Workbook. Topics Covered: What\u2019s Included: After checkout you can download instantly.<\/p>","protected":false},"featured_media":17229,"comment_status":"closed","ping_status":"closed","template":"","meta":[],"product_brand":[],"product_cat":[325],"product_tag":[184,409,181,411,182,183,175,271],"class_list":{"0":"post-12284","1":"product","2":"type-product","3":"status-publish","4":"has-post-thumbnail","6":"product_cat-frm-part-2","7":"product_tag-frm","8":"product_tag-frm-2026","9":"product_tag-frm-exam","10":"product_tag-frm-part-2-2026","11":"product_tag-frm-prep","12":"product_tag-frm-test","13":"product_tag-video","14":"product_tag-video-lectures","16":"first","17":"instock","18":"downloadable","19":"virtual","20":"sold-individually","21":"purchasable","22":"product-type-simple"},"_links":{"self":[{"href":"https:\/\/www.cfaebooks.com\/pt\/wp-json\/wp\/v2\/product\/12284","targetHints":{"allow":["GET"]}}],"collection":[{"href":"https:\/\/www.cfaebooks.com\/pt\/wp-json\/wp\/v2\/product"}],"about":[{"href":"https:\/\/www.cfaebooks.com\/pt\/wp-json\/wp\/v2\/types\/product"}],"replies":[{"embeddable":true,"href":"https:\/\/www.cfaebooks.com\/pt\/wp-json\/wp\/v2\/comments?post=12284"}],"wp:featuredmedia":[{"embeddable":true,"href":"https:\/\/www.cfaebooks.com\/pt\/wp-json\/wp\/v2\/media\/17229"}],"wp:attachment":[{"href":"https:\/\/www.cfaebooks.com\/pt\/wp-json\/wp\/v2\/media?parent=12284"}],"wp:term":[{"taxonomy":"product_brand","embeddable":true,"href":"https:\/\/www.cfaebooks.com\/pt\/wp-json\/wp\/v2\/product_brand?post=12284"},{"taxonomy":"product_cat","embeddable":true,"href":"https:\/\/www.cfaebooks.com\/pt\/wp-json\/wp\/v2\/product_cat?post=12284"},{"taxonomy":"product_tag","embeddable":true,"href":"https:\/\/www.cfaebooks.com\/pt\/wp-json\/wp\/v2\/product_tag?post=12284"}],"curies":[{"name":"wp","href":"https:\/\/api.w.org\/{rel}","templated":true}]}}