{"id":12228,"date":"2025-04-03T14:41:28","date_gmt":"2025-04-03T14:41:28","guid":{"rendered":"https:\/\/www.cfaebooks.com\/?post_type=product&#038;p=12228"},"modified":"2026-04-03T08:02:55","modified_gmt":"2026-04-03T08:02:55","slug":"cfa-2025-schweser-question-bank-level-3-private-wealth-pathway","status":"publish","type":"product","link":"https:\/\/www.cfaebooks.com\/pt\/products\/cfa-2025-schweser-question-bank-level-3-private-wealth-pathway\/","title":{"rendered":"CFA 2025 Schweser Question Bank Level 3 Private Wealth Pathway (Caminho do patrim\u00f3nio privado)"},"content":{"rendered":"<p>Est\u00e1 \u00e0 venda um e-Book 2025 CFA Schweser Question Bank Level 3 Private Wealth Pathway PDF.<\/p>\n\n\n\n<p><strong>Inclui os seguintes t\u00f3picos:<\/strong><\/p>\n\n\n\n<ul class=\"wp-block-list\">\n<li>Aloca\u00e7\u00e3o de activos<\/li>\n\n\n\n<li>Constru\u00e7\u00e3o da carteira<\/li>\n\n\n\n<li>Medi\u00e7\u00e3o de desempenho<\/li>\n\n\n\n<li>Derivados e gest\u00e3o de riscos<\/li>\n\n\n\n<li>Normas \u00e9ticas e profissionais<\/li>\n\n\n\n<li><strong>Patrim\u00f3nio privado<\/strong><\/li>\n<\/ul>\n\n\n\n<p>Depois de finalizar a compra, pode descarregar o livro eletr\u00f3nico imediatamente. Este n\u00e3o \u00e9 um livro f\u00edsico, \u00e9 uma c\u00f3pia digital em PDF. Por favor, n\u00e3o compre se quiser uma c\u00f3pia f\u00edsica.<\/p>","protected":false},"excerpt":{"rendered":"<p>For sale is an e-Book 2025 CFA Schweser Question Bank Level 3 Private Wealth Pathway PDF. Includes the following topics: After checkout you can download the e-Book immediately. This is not a physical book it is a&nbsp;PDF&nbsp;digital copy. Please do not purchase if you want a physical hard copy.<\/p>","protected":false},"featured_media":12229,"comment_status":"closed","ping_status":"closed","template":"","meta":[],"product_brand":[],"product_cat":[265],"product_tag":[261,93,88,90,180,267,91,166,92,162,161,163],"class_list":{"0":"post-12228","1":"product","2":"type-product","3":"status-publish","4":"has-post-thumbnail","6":"product_cat-cfa-level-3","7":"product_tag-cfa-2025","8":"product_tag-cfa-books","9":"product_tag-cfa-ebooks","10":"product_tag-cfa-exam","11":"product_tag-cfa-level-3","12":"product_tag-cfa-level-3-2025","13":"product_tag-cfa-prep","14":"product_tag-cfa-question-bank","15":"product_tag-cfa-test","16":"product_tag-qbank","17":"product_tag-question-bank","18":"product_tag-schweser-qbank","20":"first","21":"instock","22":"downloadable","23":"virtual","24":"sold-individually","25":"purchasable","26":"product-type-simple"},"_links":{"self":[{"href":"https:\/\/www.cfaebooks.com\/pt\/wp-json\/wp\/v2\/product\/12228","targetHints":{"allow":["GET"]}}],"collection":[{"href":"https:\/\/www.cfaebooks.com\/pt\/wp-json\/wp\/v2\/product"}],"about":[{"href":"https:\/\/www.cfaebooks.com\/pt\/wp-json\/wp\/v2\/types\/product"}],"replies":[{"embeddable":true,"href":"https:\/\/www.cfaebooks.com\/pt\/wp-json\/wp\/v2\/comments?post=12228"}],"wp:featuredmedia":[{"embeddable":true,"href":"https:\/\/www.cfaebooks.com\/pt\/wp-json\/wp\/v2\/media\/12229"}],"wp:attachment":[{"href":"https:\/\/www.cfaebooks.com\/pt\/wp-json\/wp\/v2\/media?parent=12228"}],"wp:term":[{"taxonomy":"product_brand","embeddable":true,"href":"https:\/\/www.cfaebooks.com\/pt\/wp-json\/wp\/v2\/product_brand?post=12228"},{"taxonomy":"product_cat","embeddable":true,"href":"https:\/\/www.cfaebooks.com\/pt\/wp-json\/wp\/v2\/product_cat?post=12228"},{"taxonomy":"product_tag","embeddable":true,"href":"https:\/\/www.cfaebooks.com\/pt\/wp-json\/wp\/v2\/product_tag?post=12228"}],"curies":[{"name":"wp","href":"https:\/\/api.w.org\/{rel}","templated":true}]}}