{"id":12213,"date":"2025-04-03T14:07:52","date_gmt":"2025-04-03T14:07:52","guid":{"rendered":"https:\/\/www.cfaebooks.com\/?post_type=product&#038;p=12213"},"modified":"2026-04-03T08:02:47","modified_gmt":"2026-04-03T08:02:47","slug":"cfa-2025-schweser-secret-sauce-nivel-3-caminho-do-patrimonio-privado","status":"publish","type":"product","link":"https:\/\/www.cfaebooks.com\/pt\/products\/cfa-2025-schweser-secret-sauce-nivel-3-caminho-do-patrimonio-privado\/","title":{"rendered":"CFA 2025 Schweser Secret Sauce N\u00edvel 3 - Percurso do patrim\u00f3nio privado"},"content":{"rendered":"<p>Para venda est\u00e1 o <strong>2025 CFA Schweser Secret Sauce Level 3 Private Wealth Pathway (Caminho para o patrim\u00f3nio privado)<\/strong> PDF.<\/p>\n\n\n\n<p><strong>Inclui os seguintes t\u00f3picos:<\/strong><\/p>\n\n\n\n<ul class=\"wp-block-list\">\n<li>Aloca\u00e7\u00e3o de activos<\/li>\n\n\n\n<li>Constru\u00e7\u00e3o da carteira<\/li>\n\n\n\n<li>Medi\u00e7\u00e3o de desempenho<\/li>\n\n\n\n<li>Derivados e gest\u00e3o de riscos<\/li>\n\n\n\n<li>Normas \u00e9ticas e profissionais<\/li>\n\n\n\n<li>Patrim\u00f3nio privado<\/li>\n\n\n\n<li>Estrat\u00e9gias essenciais para exames<\/li>\n<\/ul>\n\n\n\n<p>O texto pode ser pesquisado utilizando a fun\u00e7\u00e3o de pesquisa no teclado do seu computador 'ctrl+f' e atrav\u00e9s da pesquisa no seu smartphone\/tablet. Estes livros n\u00e3o s\u00e3o f\u00edsicos, s\u00e3o c\u00f3pias digitais em PDF. Por favor, n\u00e3o compre se quiser uma c\u00f3pia f\u00edsica.<\/p>\n\n\n\n<p>Ap\u00f3s o checkout, pode descarregar o livro eletr\u00f3nico imediatamente.<\/p>","protected":false},"excerpt":{"rendered":"<p>For sale is the 2025 CFA Schweser Secret Sauce Level 3 Private Wealth Pathway PDF. Includes the following topics: The text is searchable using the find feature on your computer keyboard \u2018ctrl+f\u2019 and through search on your smartphone\/tablet. These are not physical books they are PDF digital copies. Please do not purchase if you want [&hellip;]<\/p>\n","protected":false},"featured_media":12214,"comment_status":"closed","ping_status":"closed","template":"","meta":[],"product_brand":[],"product_cat":[265],"product_tag":[261,93,88,90,180,267,91,92,159],"class_list":{"0":"post-12213","1":"product","2":"type-product","3":"status-publish","4":"has-post-thumbnail","6":"product_cat-cfa-level-3","7":"product_tag-cfa-2025","8":"product_tag-cfa-books","9":"product_tag-cfa-ebooks","10":"product_tag-cfa-exam","11":"product_tag-cfa-level-3","12":"product_tag-cfa-level-3-2025","13":"product_tag-cfa-prep","14":"product_tag-cfa-test","15":"product_tag-secret-sauce","17":"first","18":"instock","19":"downloadable","20":"virtual","21":"sold-individually","22":"purchasable","23":"product-type-simple"},"_links":{"self":[{"href":"https:\/\/www.cfaebooks.com\/pt\/wp-json\/wp\/v2\/product\/12213","targetHints":{"allow":["GET"]}}],"collection":[{"href":"https:\/\/www.cfaebooks.com\/pt\/wp-json\/wp\/v2\/product"}],"about":[{"href":"https:\/\/www.cfaebooks.com\/pt\/wp-json\/wp\/v2\/types\/product"}],"replies":[{"embeddable":true,"href":"https:\/\/www.cfaebooks.com\/pt\/wp-json\/wp\/v2\/comments?post=12213"}],"wp:featuredmedia":[{"embeddable":true,"href":"https:\/\/www.cfaebooks.com\/pt\/wp-json\/wp\/v2\/media\/12214"}],"wp:attachment":[{"href":"https:\/\/www.cfaebooks.com\/pt\/wp-json\/wp\/v2\/media?parent=12213"}],"wp:term":[{"taxonomy":"product_brand","embeddable":true,"href":"https:\/\/www.cfaebooks.com\/pt\/wp-json\/wp\/v2\/product_brand?post=12213"},{"taxonomy":"product_cat","embeddable":true,"href":"https:\/\/www.cfaebooks.com\/pt\/wp-json\/wp\/v2\/product_cat?post=12213"},{"taxonomy":"product_tag","embeddable":true,"href":"https:\/\/www.cfaebooks.com\/pt\/wp-json\/wp\/v2\/product_tag?post=12213"}],"curies":[{"name":"wp","href":"https:\/\/api.w.org\/{rel}","templated":true}]}}