{"id":12195,"date":"2025-04-02T14:14:39","date_gmt":"2025-04-02T14:14:39","guid":{"rendered":"https:\/\/www.cfaebooks.com\/?post_type=product&#038;p=12195"},"modified":"2026-04-03T08:02:35","modified_gmt":"2026-04-03T08:02:35","slug":"cfa-2025-analystprep-question-bank-level-2","status":"publish","type":"product","link":"https:\/\/www.cfaebooks.com\/pt\/products\/cfa-2025-analystprep-question-bank-level-2\/","title":{"rendered":"CFA 2025 AnalystPrep Question Bank Level 2"},"content":{"rendered":"<p>Est\u00e1 \u00e0 venda o PDF 2025 CFA AnalystPrep Question Bank Level 2.<\/p>\n\n\n\n<p>1.200 perguntas dif\u00edceis para praticar<\/p>\n\n\n\n<p>Inclui conjunto de 10 volumes:<\/p>\n\n\n\n<ul class=\"wp-block-list\">\n<li>M\u00e9todos quantitativos<\/li>\n\n\n\n<li>Economia<\/li>\n\n\n\n<li>Relat\u00f3rios e an\u00e1lises financeiras<\/li>\n\n\n\n<li>Emissores empresariais<\/li>\n\n\n\n<li>Patrim\u00f3nio<\/li>\n\n\n\n<li>Rendimento fixo<\/li>\n\n\n\n<li>Derivados<\/li>\n\n\n\n<li>Investimentos alternativos<\/li>\n\n\n\n<li>Gest\u00e3o da carteira<\/li>\n\n\n\n<li>\u00c9tica<\/li>\n<\/ul>\n\n\n\n<p>Por favor, n\u00e3o compre se quiser uma c\u00f3pia f\u00edsica. <\/p>\n\n\n\n<p>Ap\u00f3s o checkout, pode descarregar o material imediatamente.<\/p>","protected":false},"excerpt":{"rendered":"<p>For sale is the 2025 CFA AnalystPrep Question Bank Level 2 PDF. 1,200 Hard Practice Questions Includes Set of 10 volumes: Please do not purchase if you want a physical hard copy. After checkout you can download the material immediately.<\/p>","protected":false},"featured_media":12196,"comment_status":"closed","ping_status":"closed","template":"","meta":[],"product_brand":[],"product_cat":[266],"product_tag":[261,93,88,90,293,166,92,168],"class_list":{"0":"post-12195","1":"product","2":"type-product","3":"status-publish","4":"has-post-thumbnail","6":"product_cat-cfa-level-2","7":"product_tag-cfa-2025","8":"product_tag-cfa-books","9":"product_tag-cfa-ebooks","10":"product_tag-cfa-exam","11":"product_tag-cfa-level-2-2025","12":"product_tag-cfa-question-bank","13":"product_tag-cfa-test","14":"product_tag-study-notes","16":"first","17":"instock","18":"downloadable","19":"virtual","20":"sold-individually","21":"purchasable","22":"product-type-simple"},"_links":{"self":[{"href":"https:\/\/www.cfaebooks.com\/pt\/wp-json\/wp\/v2\/product\/12195","targetHints":{"allow":["GET"]}}],"collection":[{"href":"https:\/\/www.cfaebooks.com\/pt\/wp-json\/wp\/v2\/product"}],"about":[{"href":"https:\/\/www.cfaebooks.com\/pt\/wp-json\/wp\/v2\/types\/product"}],"replies":[{"embeddable":true,"href":"https:\/\/www.cfaebooks.com\/pt\/wp-json\/wp\/v2\/comments?post=12195"}],"wp:featuredmedia":[{"embeddable":true,"href":"https:\/\/www.cfaebooks.com\/pt\/wp-json\/wp\/v2\/media\/12196"}],"wp:attachment":[{"href":"https:\/\/www.cfaebooks.com\/pt\/wp-json\/wp\/v2\/media?parent=12195"}],"wp:term":[{"taxonomy":"product_brand","embeddable":true,"href":"https:\/\/www.cfaebooks.com\/pt\/wp-json\/wp\/v2\/product_brand?post=12195"},{"taxonomy":"product_cat","embeddable":true,"href":"https:\/\/www.cfaebooks.com\/pt\/wp-json\/wp\/v2\/product_cat?post=12195"},{"taxonomy":"product_tag","embeddable":true,"href":"https:\/\/www.cfaebooks.com\/pt\/wp-json\/wp\/v2\/product_tag?post=12195"}],"curies":[{"name":"wp","href":"https:\/\/api.w.org\/{rel}","templated":true}]}}