{"id":12184,"date":"2025-04-02T02:18:26","date_gmt":"2025-04-02T02:18:26","guid":{"rendered":"https:\/\/www.cfaebooks.com\/?post_type=product&#038;p=12184"},"modified":"2026-04-03T08:02:33","modified_gmt":"2026-04-03T08:02:33","slug":"notas-de-estudo-cfa-nivel-2-2025-analystprep","status":"publish","type":"product","link":"https:\/\/www.cfaebooks.com\/pt\/products\/notas-de-estudo-cfa-nivel-2-2025-analystprep\/","title":{"rendered":"CFA N\u00edvel 2 2025 Notas de estudo do AnalystPrep"},"content":{"rendered":"<p>Vende-se o PDF 2025 CFA AnalystPrep Study Notes Level 2.<\/p>\n\n\n\n<p>Inclui conjunto de 10 volumes:<\/p>\n\n\n\n<ul class=\"wp-block-list\">\n<li>M\u00e9todos quantitativos<\/li>\n\n\n\n<li>Economia<\/li>\n\n\n\n<li>Relat\u00f3rios e an\u00e1lises financeiras<\/li>\n\n\n\n<li>Emissores empresariais<\/li>\n\n\n\n<li>Patrim\u00f3nio<\/li>\n\n\n\n<li>Rendimento fixo<\/li>\n\n\n\n<li>Derivados<\/li>\n\n\n\n<li>Investimentos alternativos<\/li>\n\n\n\n<li>Gest\u00e3o da carteira<\/li>\n\n\n\n<li>\u00c9tica<\/li>\n<\/ul>\n\n\n\n<p>Por favor, n\u00e3o compre se quiser uma c\u00f3pia f\u00edsica. <\/p>\n\n\n\n<p>Ap\u00f3s o checkout, pode descarregar o material imediatamente.<\/p>","protected":false},"excerpt":{"rendered":"<p>For sale is the 2025 CFA AnalystPrep Study Notes Level 2 PDF. Includes Set of 10 volumes: Please do not purchase if you want a physical hard copy. After checkout you can download the material immediately.<\/p>","protected":false},"featured_media":12185,"comment_status":"closed","ping_status":"closed","template":"","meta":[],"product_brand":[],"product_cat":[266],"product_tag":[261,93,88,90,293,92,168],"class_list":{"0":"post-12184","1":"product","2":"type-product","3":"status-publish","4":"has-post-thumbnail","6":"product_cat-cfa-level-2","7":"product_tag-cfa-2025","8":"product_tag-cfa-books","9":"product_tag-cfa-ebooks","10":"product_tag-cfa-exam","11":"product_tag-cfa-level-2-2025","12":"product_tag-cfa-test","13":"product_tag-study-notes","15":"first","16":"instock","17":"downloadable","18":"virtual","19":"sold-individually","20":"purchasable","21":"product-type-simple"},"_links":{"self":[{"href":"https:\/\/www.cfaebooks.com\/pt\/wp-json\/wp\/v2\/product\/12184","targetHints":{"allow":["GET"]}}],"collection":[{"href":"https:\/\/www.cfaebooks.com\/pt\/wp-json\/wp\/v2\/product"}],"about":[{"href":"https:\/\/www.cfaebooks.com\/pt\/wp-json\/wp\/v2\/types\/product"}],"replies":[{"embeddable":true,"href":"https:\/\/www.cfaebooks.com\/pt\/wp-json\/wp\/v2\/comments?post=12184"}],"wp:featuredmedia":[{"embeddable":true,"href":"https:\/\/www.cfaebooks.com\/pt\/wp-json\/wp\/v2\/media\/12185"}],"wp:attachment":[{"href":"https:\/\/www.cfaebooks.com\/pt\/wp-json\/wp\/v2\/media?parent=12184"}],"wp:term":[{"taxonomy":"product_brand","embeddable":true,"href":"https:\/\/www.cfaebooks.com\/pt\/wp-json\/wp\/v2\/product_brand?post=12184"},{"taxonomy":"product_cat","embeddable":true,"href":"https:\/\/www.cfaebooks.com\/pt\/wp-json\/wp\/v2\/product_cat?post=12184"},{"taxonomy":"product_tag","embeddable":true,"href":"https:\/\/www.cfaebooks.com\/pt\/wp-json\/wp\/v2\/product_tag?post=12184"}],"curies":[{"name":"wp","href":"https:\/\/api.w.org\/{rel}","templated":true}]}}