{"id":12048,"date":"2025-03-12T01:09:58","date_gmt":"2025-03-12T01:09:58","guid":{"rendered":"https:\/\/www.cfaebooks.com\/?post_type=product&#038;p=12048"},"modified":"2026-04-03T08:02:10","modified_gmt":"2026-04-03T08:02:10","slug":"curriculo-do-programa-cfa-2025-nivel-iii-conjunto-completo-todos-os-3-percursos-2","status":"publish","type":"product","link":"https:\/\/www.cfaebooks.com\/pt\/products\/curriculo-do-programa-cfa-2025-nivel-iii-conjunto-completo-todos-os-3-percursos-2\/","title":{"rendered":"Curr\u00edculo do Programa CFA 2025 N\u00edvel III Conjunto completo Todos os 3 percursos"},"content":{"rendered":"<p>Est\u00e1 \u00e0 venda um e-book 2025 CFA Program Curriculum Level III Full Set All Pathways PDF.<\/p>\n\n\n\n<p>Os volumes incluem:<\/p>\n\n\n\n<ul class=\"wp-block-list\">\n<li>Curr\u00edculo de base\n<ul class=\"wp-block-list\">\n<li>Volume 1: Aloca\u00e7\u00e3o de activos<\/li>\n\n\n\n<li>Volume 2: Constru\u00e7\u00e3o de carteiras<\/li>\n\n\n\n<li>Volume 3: Medi\u00e7\u00e3o do desempenho<\/li>\n\n\n\n<li>Volume 4: Derivados e gest\u00e3o de riscos<\/li>\n\n\n\n<li>Volume 5: Normas \u00e9ticas e profissionais<\/li>\n<\/ul>\n<\/li>\n\n\n\n<li>Percurso de gest\u00e3o de carteiras\n<ul class=\"wp-block-list\">\n<li>Volume 1: Percurso de gest\u00e3o da carteira<\/li>\n\n\n\n<li>Volume 2: Percurso de gest\u00e3o da carteira<\/li>\n<\/ul>\n<\/li>\n\n\n\n<li>Percurso dos mercados privados\n<ul class=\"wp-block-list\">\n<li>Volume 1: Percurso dos mercados privados<\/li>\n\n\n\n<li>Volume 2 Percurso dos mercados privados<\/li>\n<\/ul>\n<\/li>\n\n\n\n<li>Percurso do patrim\u00f3nio privado\n<ul class=\"wp-block-list\">\n<li>Volume 1: Percurso do patrim\u00f3nio privado<\/li>\n\n\n\n<li>Volume 2 Percurso do patrim\u00f3nio privado<\/li>\n<\/ul>\n<\/li>\n<\/ul>\n\n\n\n<p>O texto pode ser pesquisado utilizando a fun\u00e7\u00e3o de pesquisa no teclado do seu computador 'ctrl+f' e atrav\u00e9s da pesquisa no seu smartphone\/tablet. Este n\u00e3o \u00e9 um livro f\u00edsico, \u00e9 uma c\u00f3pia digital em PDF. Por favor, n\u00e3o compre se quiser uma c\u00f3pia f\u00edsica. <\/p>\n\n\n\n<p>Depois de finalizar a compra, pode descarregar o livro eletr\u00f3nico imediatamente.<\/p>","protected":false},"excerpt":{"rendered":"<p>For sale is an e-book 2025 CFA Program Curriculum Level III Full Set All Pathways PDF. Volumes include: The text is searchable using the find feature on your computer keyboard &#8216;ctrl+f&#8217; and through search on your smartphone\/tablet. This is not a physical book it is a\u00a0PDF\u00a0digital copy. Please do not purchase if you want a [&hellip;]<\/p>\n","protected":false},"featured_media":12049,"comment_status":"closed","ping_status":"closed","template":"","meta":[],"product_brand":[],"product_cat":[265],"product_tag":[261,93,88,90,267,91,92,167],"class_list":{"0":"post-12048","1":"product","2":"type-product","3":"status-publish","4":"has-post-thumbnail","6":"product_cat-cfa-level-3","7":"product_tag-cfa-2025","8":"product_tag-cfa-books","9":"product_tag-cfa-ebooks","10":"product_tag-cfa-exam","11":"product_tag-cfa-level-3-2025","12":"product_tag-cfa-prep","13":"product_tag-cfa-test","14":"product_tag-ift","16":"first","17":"instock","18":"downloadable","19":"virtual","20":"sold-individually","21":"purchasable","22":"product-type-simple"},"_links":{"self":[{"href":"https:\/\/www.cfaebooks.com\/pt\/wp-json\/wp\/v2\/product\/12048","targetHints":{"allow":["GET"]}}],"collection":[{"href":"https:\/\/www.cfaebooks.com\/pt\/wp-json\/wp\/v2\/product"}],"about":[{"href":"https:\/\/www.cfaebooks.com\/pt\/wp-json\/wp\/v2\/types\/product"}],"replies":[{"embeddable":true,"href":"https:\/\/www.cfaebooks.com\/pt\/wp-json\/wp\/v2\/comments?post=12048"}],"wp:featuredmedia":[{"embeddable":true,"href":"https:\/\/www.cfaebooks.com\/pt\/wp-json\/wp\/v2\/media\/12049"}],"wp:attachment":[{"href":"https:\/\/www.cfaebooks.com\/pt\/wp-json\/wp\/v2\/media?parent=12048"}],"wp:term":[{"taxonomy":"product_brand","embeddable":true,"href":"https:\/\/www.cfaebooks.com\/pt\/wp-json\/wp\/v2\/product_brand?post=12048"},{"taxonomy":"product_cat","embeddable":true,"href":"https:\/\/www.cfaebooks.com\/pt\/wp-json\/wp\/v2\/product_cat?post=12048"},{"taxonomy":"product_tag","embeddable":true,"href":"https:\/\/www.cfaebooks.com\/pt\/wp-json\/wp\/v2\/product_tag?post=12048"}],"curies":[{"name":"wp","href":"https:\/\/api.w.org\/{rel}","templated":true}]}}