{"id":11866,"date":"2025-05-03T02:54:41","date_gmt":"2025-05-03T02:54:41","guid":{"rendered":"https:\/\/www.cfaebooks.com\/?post_type=product&#038;p=11866"},"modified":"2026-04-03T08:02:02","modified_gmt":"2026-04-03T08:02:02","slug":"cfa-2025-nivel-3-ift-high-yield-notes-todas-as-3-vias-2","status":"publish","type":"product","link":"https:\/\/www.cfaebooks.com\/pt\/products\/cfa-2025-nivel-3-ift-high-yield-notes-todas-as-3-vias-2\/","title":{"rendered":"CFA 2025 N\u00edvel 3 IFT High Yield Notes Todos os 3 percursos"},"content":{"rendered":"<p>Est\u00e1 \u00e0 venda um e-Book 2025 CFA N\u00edvel 3 IFT High Yield Notes All Pathways PDF.<\/p>\n\n\n\n<p><strong>T\u00f3pico inclu\u00eddo:<\/strong><\/p>\n\n\n\n<ul class=\"wp-block-list\">\n<li>Volume 1 - Aloca\u00e7\u00e3o de activos<\/li>\n\n\n\n<li>Volume 2 - Constru\u00e7\u00e3o de carteiras<\/li>\n\n\n\n<li>Volume 3 - Medi\u00e7\u00e3o do desempenho<\/li>\n\n\n\n<li>Volume 4 - Derivados e gest\u00e3o de riscos<\/li>\n\n\n\n<li>Volume 5 - Normas \u00e9ticas e profissionais<\/li>\n\n\n\n<li>Percurso de gest\u00e3o de carteiras<\/li>\n\n\n\n<li>Percurso dos mercados privados<\/li>\n\n\n\n<li>Percurso do patrim\u00f3nio privado<\/li>\n<\/ul>\n\n\n\n<p>Depois de finalizar a compra, pode descarregar o livro eletr\u00f3nico imediatamente. Este n\u00e3o \u00e9 um livro f\u00edsico, \u00e9 uma c\u00f3pia digital em PDF. Por favor, n\u00e3o compre se quiser uma c\u00f3pia f\u00edsica.<\/p>","protected":false},"excerpt":{"rendered":"<p>For sale is an e-Book 2025 CFA Level 3 IFT High Yield Notes All Pathways PDF. Topic Included: After checkout you can download the e-Book immediately. This is not a physical book it is a&nbsp;PDF&nbsp;digital copy. Please do not purchase if you want a physical hard copy.<\/p>","protected":false},"featured_media":12518,"comment_status":"closed","ping_status":"closed","template":"","meta":[],"product_brand":[],"product_cat":[265],"product_tag":[261,93,88,90,180,267,91,92,335,167,332],"class_list":{"0":"post-11866","1":"product","2":"type-product","3":"status-publish","4":"has-post-thumbnail","6":"product_cat-cfa-level-3","7":"product_tag-cfa-2025","8":"product_tag-cfa-books","9":"product_tag-cfa-ebooks","10":"product_tag-cfa-exam","11":"product_tag-cfa-level-3","12":"product_tag-cfa-level-3-2025","13":"product_tag-cfa-prep","14":"product_tag-cfa-test","15":"product_tag-high-yield-notes","16":"product_tag-ift","17":"product_tag-ift-2025","19":"first","20":"instock","21":"downloadable","22":"virtual","23":"sold-individually","24":"purchasable","25":"product-type-simple"},"_links":{"self":[{"href":"https:\/\/www.cfaebooks.com\/pt\/wp-json\/wp\/v2\/product\/11866","targetHints":{"allow":["GET"]}}],"collection":[{"href":"https:\/\/www.cfaebooks.com\/pt\/wp-json\/wp\/v2\/product"}],"about":[{"href":"https:\/\/www.cfaebooks.com\/pt\/wp-json\/wp\/v2\/types\/product"}],"replies":[{"embeddable":true,"href":"https:\/\/www.cfaebooks.com\/pt\/wp-json\/wp\/v2\/comments?post=11866"}],"wp:featuredmedia":[{"embeddable":true,"href":"https:\/\/www.cfaebooks.com\/pt\/wp-json\/wp\/v2\/media\/12518"}],"wp:attachment":[{"href":"https:\/\/www.cfaebooks.com\/pt\/wp-json\/wp\/v2\/media?parent=11866"}],"wp:term":[{"taxonomy":"product_brand","embeddable":true,"href":"https:\/\/www.cfaebooks.com\/pt\/wp-json\/wp\/v2\/product_brand?post=11866"},{"taxonomy":"product_cat","embeddable":true,"href":"https:\/\/www.cfaebooks.com\/pt\/wp-json\/wp\/v2\/product_cat?post=11866"},{"taxonomy":"product_tag","embeddable":true,"href":"https:\/\/www.cfaebooks.com\/pt\/wp-json\/wp\/v2\/product_tag?post=11866"}],"curies":[{"name":"wp","href":"https:\/\/api.w.org\/{rel}","templated":true}]}}