{"id":11178,"date":"2024-11-06T13:31:00","date_gmt":"2024-11-06T13:31:00","guid":{"rendered":"https:\/\/www.cfaebooks.com\/?post_type=product&#038;p=11178"},"modified":"2026-04-03T08:01:14","modified_gmt":"2026-04-03T08:01:14","slug":"cfa-2025-video-lectures-level-2-with-workbook","status":"publish","type":"product","link":"https:\/\/www.cfaebooks.com\/pt\/products\/cfa-2025-video-lectures-level-2-with-workbook\/","title":{"rendered":"CFA 2025 Video Lectures Level 2 with Workbook"},"content":{"rendered":"<p>Est\u00e1 \u00e0 venda o 2025 CFA Schweser Video Lectures Level 2 with Workbook<\/p>\n\n\n\n<p>Inclui os seguintes t\u00f3picos: <\/p>\n\n\n\n<ul class=\"wp-block-list\">\n<li><em>M\u00e9todos quantitativos<\/em><\/li>\n\n\n\n<li><em>Economia<\/em><\/li>\n\n\n\n<li><em>An\u00e1lise das demonstra\u00e7\u00f5es financeiras<\/em><\/li>\n\n\n\n<li><em>Emissores empresariais<\/em><\/li>\n\n\n\n<li><em>Investimentos em ac\u00e7\u00f5es<\/em><\/li>\n\n\n\n<li><em>Rendimento fixo<\/em><\/li>\n\n\n\n<li><em>Derivados<\/em><\/li>\n\n\n\n<li><em>Investimentos alternativos<\/em><\/li>\n\n\n\n<li><em>Gest\u00e3o de Carteiras e \u00c9tica e Normas Profissionais<\/em>. <\/li>\n<\/ul>\n\n\n\n<p>Ap\u00f3s o checkout, pode descarregar o v\u00eddeo e o livro de exerc\u00edcios imediatamente.<\/p>","protected":false},"excerpt":{"rendered":"<p>For sale is the 2025 CFA Schweser Video Lectures Level 2 with Workbook Includes the following topics: After checkout you can download the video and workbook immediately.<\/p>","protected":false},"featured_media":11179,"comment_status":"closed","ping_status":"closed","template":"","meta":[],"product_brand":[],"product_cat":[269,266],"product_tag":[261,93,88,90,178,293,91,92,302,303,163,175,271,270],"class_list":{"0":"post-11178","1":"product","2":"type-product","3":"status-publish","4":"has-post-thumbnail","6":"product_cat-cfa-video-lectures","7":"product_cat-cfa-level-2","8":"product_tag-cfa-2025","9":"product_tag-cfa-books","10":"product_tag-cfa-ebooks","11":"product_tag-cfa-exam","12":"product_tag-cfa-level-2","13":"product_tag-cfa-level-2-2025","14":"product_tag-cfa-prep","15":"product_tag-cfa-test","16":"product_tag-cfa-video-lectures","17":"product_tag-cfa-video-lessons","18":"product_tag-schweser-qbank","19":"product_tag-video","20":"product_tag-video-lectures","21":"product_tag-video-lessons","23":"first","24":"instock","25":"downloadable","26":"virtual","27":"sold-individually","28":"purchasable","29":"product-type-simple"},"_links":{"self":[{"href":"https:\/\/www.cfaebooks.com\/pt\/wp-json\/wp\/v2\/product\/11178","targetHints":{"allow":["GET"]}}],"collection":[{"href":"https:\/\/www.cfaebooks.com\/pt\/wp-json\/wp\/v2\/product"}],"about":[{"href":"https:\/\/www.cfaebooks.com\/pt\/wp-json\/wp\/v2\/types\/product"}],"replies":[{"embeddable":true,"href":"https:\/\/www.cfaebooks.com\/pt\/wp-json\/wp\/v2\/comments?post=11178"}],"wp:featuredmedia":[{"embeddable":true,"href":"https:\/\/www.cfaebooks.com\/pt\/wp-json\/wp\/v2\/media\/11179"}],"wp:attachment":[{"href":"https:\/\/www.cfaebooks.com\/pt\/wp-json\/wp\/v2\/media?parent=11178"}],"wp:term":[{"taxonomy":"product_brand","embeddable":true,"href":"https:\/\/www.cfaebooks.com\/pt\/wp-json\/wp\/v2\/product_brand?post=11178"},{"taxonomy":"product_cat","embeddable":true,"href":"https:\/\/www.cfaebooks.com\/pt\/wp-json\/wp\/v2\/product_cat?post=11178"},{"taxonomy":"product_tag","embeddable":true,"href":"https:\/\/www.cfaebooks.com\/pt\/wp-json\/wp\/v2\/product_tag?post=11178"}],"curies":[{"name":"wp","href":"https:\/\/api.w.org\/{rel}","templated":true}]}}