{"id":10941,"date":"2024-10-25T15:23:41","date_gmt":"2024-10-25T15:23:41","guid":{"rendered":"https:\/\/www.cfaebooks.com\/?post_type=product&#038;p=10941"},"modified":"2026-04-03T08:00:44","modified_gmt":"2026-04-03T08:00:44","slug":"2026-cfa-schweser-videos-nivel-1-com-caderno-de-exercicios","status":"publish","type":"product","link":"https:\/\/www.cfaebooks.com\/pt\/products\/2026-cfa-schweser-videos-nivel-1-com-caderno-de-exercicios\/","title":{"rendered":"V\u00eddeos CFA Schweser 2026 \u2013 N\u00edvel 1 com livro de exerc\u00edcios"},"content":{"rendered":"<p>Para venda est\u00e1 o <strong>V\u00eddeos CFA Schweser 2026 \u2013 N\u00edvel 1 com livro de exerc\u00edcios<\/strong>.<\/p>\n\n\n\n<p>Inclui os seguintes 10 t\u00f3picos:&nbsp;<\/p>\n\n\n\n<ol class=\"wp-block-list\">\n<li><em><strong>M\u00e9todos quantitativos<\/strong><\/em><\/li>\n\n\n\n<li><em><strong>Economia<\/strong><\/em><\/li>\n\n\n\n<li><em><strong>Emissores empresariais<\/strong><\/em><\/li>\n\n\n\n<li><em><strong>An\u00e1lise das demonstra\u00e7\u00f5es financeiras<\/strong><\/em><\/li>\n\n\n\n<li><em><strong>Investimentos em ac\u00e7\u00f5es<\/strong><\/em><\/li>\n\n\n\n<li><em><strong>Rendimento fixo<\/strong><\/em><\/li>\n\n\n\n<li><em><strong> Derivados<\/strong><\/em><\/li>\n\n\n\n<li><em><strong>Investimentos alternativos<\/strong><\/em><\/li>\n\n\n\n<li><em><strong>Gest\u00e3o da carteira<\/strong><\/em><\/li>\n\n\n\n<li><em><strong>Normas \u00e9ticas e profissionais. <\/strong><\/em><\/li>\n<\/ol>\n\n\n\n<p>Ap\u00f3s o checkout, pode descarregar o v\u00eddeo e o slide imediatamente.<\/p>","protected":false},"excerpt":{"rendered":"<p>For sale is the 2026 CFA Schweser Videos Level 1 with Workbook. Includes the following 10 topics:&nbsp; After checkout you can download the video and slide immediately.<\/p>","protected":false},"featured_media":17261,"comment_status":"closed","ping_status":"closed","template":"","meta":[],"product_brand":[],"product_cat":[260,269],"product_tag":[369,93,90,370,87,91,92,302,303,272,271,270],"class_list":{"0":"post-10941","1":"product","2":"type-product","3":"status-publish","4":"has-post-thumbnail","6":"product_cat-cfa-level-1","7":"product_cat-cfa-video-lectures","8":"product_tag-cfa-2026","9":"product_tag-cfa-books","10":"product_tag-cfa-exam","11":"product_tag-cfa-level-1-2026","12":"product_tag-cfa-level-i","13":"product_tag-cfa-prep","14":"product_tag-cfa-test","15":"product_tag-cfa-video-lectures","16":"product_tag-cfa-video-lessons","17":"product_tag-prerequisite-program","18":"product_tag-video-lectures","19":"product_tag-video-lessons","21":"first","22":"instock","23":"downloadable","24":"virtual","25":"sold-individually","26":"purchasable","27":"product-type-simple"},"_links":{"self":[{"href":"https:\/\/www.cfaebooks.com\/pt\/wp-json\/wp\/v2\/product\/10941","targetHints":{"allow":["GET"]}}],"collection":[{"href":"https:\/\/www.cfaebooks.com\/pt\/wp-json\/wp\/v2\/product"}],"about":[{"href":"https:\/\/www.cfaebooks.com\/pt\/wp-json\/wp\/v2\/types\/product"}],"replies":[{"embeddable":true,"href":"https:\/\/www.cfaebooks.com\/pt\/wp-json\/wp\/v2\/comments?post=10941"}],"wp:featuredmedia":[{"embeddable":true,"href":"https:\/\/www.cfaebooks.com\/pt\/wp-json\/wp\/v2\/media\/17261"}],"wp:attachment":[{"href":"https:\/\/www.cfaebooks.com\/pt\/wp-json\/wp\/v2\/media?parent=10941"}],"wp:term":[{"taxonomy":"product_brand","embeddable":true,"href":"https:\/\/www.cfaebooks.com\/pt\/wp-json\/wp\/v2\/product_brand?post=10941"},{"taxonomy":"product_cat","embeddable":true,"href":"https:\/\/www.cfaebooks.com\/pt\/wp-json\/wp\/v2\/product_cat?post=10941"},{"taxonomy":"product_tag","embeddable":true,"href":"https:\/\/www.cfaebooks.com\/pt\/wp-json\/wp\/v2\/product_tag?post=10941"}],"curies":[{"name":"wp","href":"https:\/\/api.w.org\/{rel}","templated":true}]}}