{"id":10751,"date":"2024-10-12T13:11:32","date_gmt":"2024-10-12T13:11:32","guid":{"rendered":"https:\/\/www.cfaebooks.com\/?post_type=product&#038;p=10751"},"modified":"2026-04-03T08:00:00","modified_gmt":"2026-04-03T08:00:00","slug":"frm-parte-2-perguntas-e-respostas-dos-exames-simulados-2","status":"publish","type":"product","link":"https:\/\/www.cfaebooks.com\/pt\/products\/frm-parte-2-perguntas-e-respostas-dos-exames-simulados-2\/","title":{"rendered":"Perguntas e respostas dos exames simulados FRM Parte 2"},"content":{"rendered":"<p>Est\u00e1 \u00e0 venda um e-Book 2024 FRM Part 2 Schweser Mock Exams PDF.<\/p>\n\n\n\n<ul class=\"wp-block-list\">\n<li>Este n\u00e3o \u00e9 um livro f\u00edsico, \u00e9 uma c\u00f3pia digital em PDF. <\/li>\n\n\n\n<li>Por favor, n\u00e3o compre se quiser uma c\u00f3pia f\u00edsica em papel. Depois de finalizar a compra, pode descarregar o livro eletr\u00f3nico instantaneamente.<\/li>\n<\/ul>","protected":false},"excerpt":{"rendered":"<p>Est\u00e1 \u00e0 venda um e-Book 2024 FRM Part 2 Schweser Mock Exams PDF.<\/p>","protected":false},"featured_media":10752,"comment_status":"closed","ping_status":"closed","template":"","meta":[],"product_brand":[],"product_cat":[356],"product_tag":[184,189,185,186,181,275,188,176],"class_list":{"0":"post-10751","1":"product","2":"type-product","3":"status-publish","4":"has-post-thumbnail","6":"product_cat-frm-part-2-2024","7":"product_tag-frm","8":"product_tag-frm-2024","9":"product_tag-frm-books","10":"product_tag-frm-ebooks","11":"product_tag-frm-exam","12":"product_tag-frm-mock-exams","13":"product_tag-frm-part-2","14":"product_tag-mock-exam","16":"first","17":"instock","18":"downloadable","19":"virtual","20":"sold-individually","21":"purchasable","22":"product-type-simple"},"_links":{"self":[{"href":"https:\/\/www.cfaebooks.com\/pt\/wp-json\/wp\/v2\/product\/10751","targetHints":{"allow":["GET"]}}],"collection":[{"href":"https:\/\/www.cfaebooks.com\/pt\/wp-json\/wp\/v2\/product"}],"about":[{"href":"https:\/\/www.cfaebooks.com\/pt\/wp-json\/wp\/v2\/types\/product"}],"replies":[{"embeddable":true,"href":"https:\/\/www.cfaebooks.com\/pt\/wp-json\/wp\/v2\/comments?post=10751"}],"wp:featuredmedia":[{"embeddable":true,"href":"https:\/\/www.cfaebooks.com\/pt\/wp-json\/wp\/v2\/media\/10752"}],"wp:attachment":[{"href":"https:\/\/www.cfaebooks.com\/pt\/wp-json\/wp\/v2\/media?parent=10751"}],"wp:term":[{"taxonomy":"product_brand","embeddable":true,"href":"https:\/\/www.cfaebooks.com\/pt\/wp-json\/wp\/v2\/product_brand?post=10751"},{"taxonomy":"product_cat","embeddable":true,"href":"https:\/\/www.cfaebooks.com\/pt\/wp-json\/wp\/v2\/product_cat?post=10751"},{"taxonomy":"product_tag","embeddable":true,"href":"https:\/\/www.cfaebooks.com\/pt\/wp-json\/wp\/v2\/product_tag?post=10751"}],"curies":[{"name":"wp","href":"https:\/\/api.w.org\/{rel}","templated":true}]}}