{"id":10445,"date":"2025-10-08T00:22:52","date_gmt":"2025-10-08T00:22:52","guid":{"rendered":"https:\/\/www.cfaebooks.com\/?post_type=product&#038;p=10445"},"modified":"2026-04-03T07:59:57","modified_gmt":"2026-04-03T07:59:57","slug":"pacote-cfa-nivel-2","status":"publish","type":"product","link":"https:\/\/www.cfaebooks.com\/pt\/products\/pacote-cfa-nivel-2\/","title":{"rendered":"2026 CFA Level 3 Bundle"},"content":{"rendered":"<p><strong>2026 CFA Level 3 Bundle<\/strong> A oferta permite-lhe <strong>escolha quaisquer 4 materiais de estudo CFA<\/strong> - incluindo notas, bancos de perguntas, exames simulados e aulas em v\u00eddeo.<\/p>\n\n\n\n<p><strong>O que est\u00e1 inclu\u00eddo:<\/strong><\/p>\n\n\n\n<ul class=\"wp-block-list\">\n<li>Escolher <strong>quaisquer 4 materiais de estudo<\/strong> de <strong>CFA N\u00edvel 3<\/strong><\/li>\n\n\n\n<li>Transfer\u00eancia instant\u00e2nea ap\u00f3s o checkout<\/li>\n\n\n\n<li>Cobertura exaustiva de todos os <strong>T\u00f3picos do CFA N\u00edvel 3<\/strong><\/li>\n\n\n\n<li>O texto pode ser pesquisado utilizando a fun\u00e7\u00e3o de pesquisa no teclado do seu computador \"ctrl+f\" e atrav\u00e9s da pesquisa no seu smartphone\/tablet<\/li>\n\n\n\n<li>Aulas em v\u00eddeo em formato MP4<\/li>\n<\/ul>\n\n\n\n<p><strong>Porqu\u00ea escolher este pacote:<\/strong><\/p>\n\n\n\n<ul class=\"wp-block-list\">\n<li>Personalize o seu pr\u00f3prio conjunto de aprendizagem<\/li>\n\n\n\n<li>Poupar mais em compara\u00e7\u00e3o com as compras individuais<\/li>\n\n\n\n<li>Obter os mais recentes materiais de estudo CFA N\u00edvel 3<\/li>\n<\/ul>","protected":false},"excerpt":{"rendered":"<p>2026 CFA Level 3 Bundle offer lets you choose any 4 CFA study materials \u2014 including notes, question banks, mock exams and video lessons. What\u2019s included: Why choose this bundle:<\/p>","protected":false},"featured_media":17119,"comment_status":"closed","ping_status":"closed","template":"","meta":[],"product_brand":[],"product_cat":[273],"product_tag":[93,88,90,180,91,92],"class_list":{"0":"post-10445","1":"product","2":"type-product","3":"status-publish","4":"has-post-thumbnail","6":"product_cat-cfa-bundles","7":"product_tag-cfa-books","8":"product_tag-cfa-ebooks","9":"product_tag-cfa-exam","10":"product_tag-cfa-level-3","11":"product_tag-cfa-prep","12":"product_tag-cfa-test","14":"first","15":"instock","16":"downloadable","17":"virtual","18":"sold-individually","19":"purchasable","20":"product-type-bopobb"},"_links":{"self":[{"href":"https:\/\/www.cfaebooks.com\/pt\/wp-json\/wp\/v2\/product\/10445","targetHints":{"allow":["GET"]}}],"collection":[{"href":"https:\/\/www.cfaebooks.com\/pt\/wp-json\/wp\/v2\/product"}],"about":[{"href":"https:\/\/www.cfaebooks.com\/pt\/wp-json\/wp\/v2\/types\/product"}],"replies":[{"embeddable":true,"href":"https:\/\/www.cfaebooks.com\/pt\/wp-json\/wp\/v2\/comments?post=10445"}],"wp:featuredmedia":[{"embeddable":true,"href":"https:\/\/www.cfaebooks.com\/pt\/wp-json\/wp\/v2\/media\/17119"}],"wp:attachment":[{"href":"https:\/\/www.cfaebooks.com\/pt\/wp-json\/wp\/v2\/media?parent=10445"}],"wp:term":[{"taxonomy":"product_brand","embeddable":true,"href":"https:\/\/www.cfaebooks.com\/pt\/wp-json\/wp\/v2\/product_brand?post=10445"},{"taxonomy":"product_cat","embeddable":true,"href":"https:\/\/www.cfaebooks.com\/pt\/wp-json\/wp\/v2\/product_cat?post=10445"},{"taxonomy":"product_tag","embeddable":true,"href":"https:\/\/www.cfaebooks.com\/pt\/wp-json\/wp\/v2\/product_tag?post=10445"}],"curies":[{"name":"wp","href":"https:\/\/api.w.org\/{rel}","templated":true}]}}