{"id":10234,"date":"2024-09-02T13:55:26","date_gmt":"2024-09-02T13:55:26","guid":{"rendered":"https:\/\/www.cfaebooks.com\/?post_type=product&#038;p=10234"},"modified":"2026-04-03T07:59:17","modified_gmt":"2026-04-03T07:59:17","slug":"notas-de-estudo-cfa-nivel-2-2025-ift-2","status":"publish","type":"product","link":"https:\/\/www.cfaebooks.com\/pt\/products\/notas-de-estudo-cfa-nivel-2-2025-ift-2\/","title":{"rendered":"Notas de estudo CFA N\u00edvel 2 2025 IFT"},"content":{"rendered":"<p>Est\u00e1 \u00e0 venda um e-Book 2025 CFA Level 2 IFT Study Notes PDF.<\/p>\n\n\n\n<p>Inclui os seguintes t\u00f3picos: <\/p>\n\n\n\n<ul class=\"wp-block-list\">\n<li><em>M\u00e9todos quantitativos<\/em><\/li>\n\n\n\n<li><em>Economia<\/em><\/li>\n\n\n\n<li><em>An\u00e1lise das demonstra\u00e7\u00f5es financeiras<\/em><\/li>\n\n\n\n<li><em>Emissores empresariais<\/em><\/li>\n\n\n\n<li><em>Patrim\u00f3nio<\/em><\/li>\n\n\n\n<li><em>Rendimento fixo<\/em><\/li>\n\n\n\n<li><em>Derivados<\/em><\/li>\n\n\n\n<li><em>Investimentos alternativos<\/em><\/li>\n\n\n\n<li><em>Gest\u00e3o da carteira<\/em><\/li>\n\n\n\n<li><em>Normas \u00e9ticas e profissionais<\/em>.<\/li>\n<\/ul>\n\n\n\n<p>Depois de finalizar a compra, pode descarregar o livro eletr\u00f3nico imediatamente. Este n\u00e3o \u00e9 um livro f\u00edsico, \u00e9 uma c\u00f3pia digital em PDF. Por favor, n\u00e3o compre se quiser uma c\u00f3pia f\u00edsica.<\/p>","protected":false},"excerpt":{"rendered":"<p>For sale is an e-Book 2025 CFA Level 2 IFT Study Notes PDF. Includes the following topics: After checkout you can download the e-Book immediately. This is not a physical book it is a&nbsp;PDF&nbsp;digital copy. Please do not purchase if you want a physical hard copy.<\/p>","protected":false},"featured_media":10235,"comment_status":"closed","ping_status":"closed","template":"","meta":[],"product_brand":[],"product_cat":[266],"product_tag":[261,93,88,90,178,91,92,167,168],"class_list":{"0":"post-10234","1":"product","2":"type-product","3":"status-publish","4":"has-post-thumbnail","6":"product_cat-cfa-level-2","7":"product_tag-cfa-2025","8":"product_tag-cfa-books","9":"product_tag-cfa-ebooks","10":"product_tag-cfa-exam","11":"product_tag-cfa-level-2","12":"product_tag-cfa-prep","13":"product_tag-cfa-test","14":"product_tag-ift","15":"product_tag-study-notes","17":"first","18":"instock","19":"downloadable","20":"virtual","21":"sold-individually","22":"purchasable","23":"product-type-simple"},"_links":{"self":[{"href":"https:\/\/www.cfaebooks.com\/pt\/wp-json\/wp\/v2\/product\/10234","targetHints":{"allow":["GET"]}}],"collection":[{"href":"https:\/\/www.cfaebooks.com\/pt\/wp-json\/wp\/v2\/product"}],"about":[{"href":"https:\/\/www.cfaebooks.com\/pt\/wp-json\/wp\/v2\/types\/product"}],"replies":[{"embeddable":true,"href":"https:\/\/www.cfaebooks.com\/pt\/wp-json\/wp\/v2\/comments?post=10234"}],"wp:featuredmedia":[{"embeddable":true,"href":"https:\/\/www.cfaebooks.com\/pt\/wp-json\/wp\/v2\/media\/10235"}],"wp:attachment":[{"href":"https:\/\/www.cfaebooks.com\/pt\/wp-json\/wp\/v2\/media?parent=10234"}],"wp:term":[{"taxonomy":"product_brand","embeddable":true,"href":"https:\/\/www.cfaebooks.com\/pt\/wp-json\/wp\/v2\/product_brand?post=10234"},{"taxonomy":"product_cat","embeddable":true,"href":"https:\/\/www.cfaebooks.com\/pt\/wp-json\/wp\/v2\/product_cat?post=10234"},{"taxonomy":"product_tag","embeddable":true,"href":"https:\/\/www.cfaebooks.com\/pt\/wp-json\/wp\/v2\/product_tag?post=10234"}],"curies":[{"name":"wp","href":"https:\/\/api.w.org\/{rel}","templated":true}]}}