{"id":9825,"date":"2024-07-25T01:38:49","date_gmt":"2024-07-25T01:38:49","guid":{"rendered":"https:\/\/www.cfaebooks.com\/?post_type=product&#038;p=9825"},"modified":"2026-04-03T07:58:45","modified_gmt":"2026-04-03T07:58:45","slug":"cfa-level-2-formula-sheet-2024-noesis-salt-uworld","status":"publish","type":"product","link":"https:\/\/www.cfaebooks.com\/pl\/products\/cfa-level-2-formula-sheet-2024-noesis-salt-uworld\/","title":{"rendered":"CFA level 2 Formula Sheet 2024 (Noesis + SALT + UWorld)"},"content":{"rendered":"<p>Na sprzeda\u017c jest e-book CFA level 2 Formula Sheet 2024 (Noesis + SALT + UWorld) PDF. To nie jest fizyczna ksi\u0105\u017cka, tylko cyfrowa kopia PDF. Nie kupuj, je\u015bli chcesz otrzyma\u0107 fizyczn\u0105 kopi\u0119. Po dokonaniu zakupu mo\u017cesz natychmiast pobra\u0107 e-book.<\/p>","protected":false},"excerpt":{"rendered":"<p>Na sprzeda\u017c jest e-book CFA level 2 Formula Sheet 2024 (Noesis + SALT + UWorld) PDF. To nie jest fizyczna ksi\u0105\u017cka, tylko cyfrowa kopia PDF. Nie kupuj, je\u015bli chcesz otrzyma\u0107 fizyczn\u0105 kopi\u0119. Po dokonaniu zakupu mo\u017cesz natychmiast pobra\u0107 e-book.<\/p>","protected":false},"featured_media":9827,"comment_status":"closed","ping_status":"closed","template":"","meta":[],"product_brand":[],"product_cat":[266],"product_tag":[86,93,88,90,178,91,92,164],"class_list":{"0":"post-9825","1":"product","2":"type-product","3":"status-publish","4":"has-post-thumbnail","6":"product_cat-cfa-level-2","7":"product_tag-cfa-2024","8":"product_tag-cfa-books","9":"product_tag-cfa-ebooks","10":"product_tag-cfa-exam","11":"product_tag-cfa-level-2","12":"product_tag-cfa-prep","13":"product_tag-cfa-test","14":"product_tag-formula-sheet","16":"first","17":"instock","18":"downloadable","19":"virtual","20":"sold-individually","21":"purchasable","22":"product-type-simple"},"_links":{"self":[{"href":"https:\/\/www.cfaebooks.com\/pl\/wp-json\/wp\/v2\/product\/9825","targetHints":{"allow":["GET"]}}],"collection":[{"href":"https:\/\/www.cfaebooks.com\/pl\/wp-json\/wp\/v2\/product"}],"about":[{"href":"https:\/\/www.cfaebooks.com\/pl\/wp-json\/wp\/v2\/types\/product"}],"replies":[{"embeddable":true,"href":"https:\/\/www.cfaebooks.com\/pl\/wp-json\/wp\/v2\/comments?post=9825"}],"wp:featuredmedia":[{"embeddable":true,"href":"https:\/\/www.cfaebooks.com\/pl\/wp-json\/wp\/v2\/media\/9827"}],"wp:attachment":[{"href":"https:\/\/www.cfaebooks.com\/pl\/wp-json\/wp\/v2\/media?parent=9825"}],"wp:term":[{"taxonomy":"product_brand","embeddable":true,"href":"https:\/\/www.cfaebooks.com\/pl\/wp-json\/wp\/v2\/product_brand?post=9825"},{"taxonomy":"product_cat","embeddable":true,"href":"https:\/\/www.cfaebooks.com\/pl\/wp-json\/wp\/v2\/product_cat?post=9825"},{"taxonomy":"product_tag","embeddable":true,"href":"https:\/\/www.cfaebooks.com\/pl\/wp-json\/wp\/v2\/product_tag?post=9825"}],"curies":[{"name":"wp","href":"https:\/\/api.w.org\/{rel}","templated":true}]}}