{"id":9190,"date":"2024-05-20T01:56:36","date_gmt":"2024-05-20T01:56:36","guid":{"rendered":"https:\/\/www.cfaebooks.com\/?post_type=product&#038;p=9190"},"modified":"2026-04-03T07:57:52","modified_gmt":"2026-04-03T07:57:52","slug":"frm-2024-part-ii-schweser-secret-sauce","status":"publish","type":"product","link":"https:\/\/www.cfaebooks.com\/pl\/products\/frm-2024-part-ii-schweser-secret-sauce\/","title":{"rendered":"FRM 2024 cz\u0119\u015b\u0107 II Sekretny sos Schwesera"},"content":{"rendered":"<p>Na sprzeda\u017c jest e-book FRM 2024 Cz\u0119\u015b\u0107 2 Schweser Secret Sauce PDF. To nie jest fizyczna ksi\u0105\u017cka, to jest cyfrowa kopia PDF. Nie kupuj, je\u015bli chcesz otrzyma\u0107 fizyczn\u0105 kopi\u0119. Po dokonaniu zakupu mo\u017cesz natychmiast pobra\u0107 e-book.<\/p>","protected":false},"excerpt":{"rendered":"<p>Na sprzeda\u017c jest e-book FRM 2024 Cz\u0119\u015b\u0107 2 Schweser Secret Sauce PDF. To nie jest fizyczna ksi\u0105\u017cka, to jest cyfrowa kopia PDF. Nie kupuj, je\u015bli chcesz otrzyma\u0107 fizyczn\u0105 kopi\u0119. Po dokonaniu zakupu mo\u017cesz natychmiast pobra\u0107 e-book.<\/p>","protected":false},"featured_media":9344,"comment_status":"closed","ping_status":"closed","template":"","meta":[],"product_brand":[],"product_cat":[356],"product_tag":[184,189,186,181,188,182,183],"class_list":{"0":"post-9190","1":"product","2":"type-product","3":"status-publish","4":"has-post-thumbnail","6":"product_cat-frm-part-2-2024","7":"product_tag-frm","8":"product_tag-frm-2024","9":"product_tag-frm-ebooks","10":"product_tag-frm-exam","11":"product_tag-frm-part-2","12":"product_tag-frm-prep","13":"product_tag-frm-test","15":"first","16":"instock","17":"downloadable","18":"virtual","19":"sold-individually","20":"purchasable","21":"product-type-simple"},"_links":{"self":[{"href":"https:\/\/www.cfaebooks.com\/pl\/wp-json\/wp\/v2\/product\/9190","targetHints":{"allow":["GET"]}}],"collection":[{"href":"https:\/\/www.cfaebooks.com\/pl\/wp-json\/wp\/v2\/product"}],"about":[{"href":"https:\/\/www.cfaebooks.com\/pl\/wp-json\/wp\/v2\/types\/product"}],"replies":[{"embeddable":true,"href":"https:\/\/www.cfaebooks.com\/pl\/wp-json\/wp\/v2\/comments?post=9190"}],"wp:featuredmedia":[{"embeddable":true,"href":"https:\/\/www.cfaebooks.com\/pl\/wp-json\/wp\/v2\/media\/9344"}],"wp:attachment":[{"href":"https:\/\/www.cfaebooks.com\/pl\/wp-json\/wp\/v2\/media?parent=9190"}],"wp:term":[{"taxonomy":"product_brand","embeddable":true,"href":"https:\/\/www.cfaebooks.com\/pl\/wp-json\/wp\/v2\/product_brand?post=9190"},{"taxonomy":"product_cat","embeddable":true,"href":"https:\/\/www.cfaebooks.com\/pl\/wp-json\/wp\/v2\/product_cat?post=9190"},{"taxonomy":"product_tag","embeddable":true,"href":"https:\/\/www.cfaebooks.com\/pl\/wp-json\/wp\/v2\/product_tag?post=9190"}],"curies":[{"name":"wp","href":"https:\/\/api.w.org\/{rel}","templated":true}]}}