{"id":8436,"date":"2024-03-08T03:47:10","date_gmt":"2024-03-08T03:47:10","guid":{"rendered":"https:\/\/www.cfaebooks.com\/?post_type=product&#038;p=8436"},"modified":"2026-04-03T07:57:12","modified_gmt":"2026-04-03T07:57:12","slug":"2024-cfa-uworld-level-2-qbank-pytania-odpowiedzi-probny-egzamin-2","status":"publish","type":"product","link":"https:\/\/www.cfaebooks.com\/pl\/products\/2024-cfa-uworld-level-2-qbank-pytania-odpowiedzi-probny-egzamin-2\/","title":{"rendered":"2024 CFA UWorld Level 2 Qbank (Pytania Odpowiedzi) + Egzamin pr\u00f3bny"},"content":{"rendered":"<p>Na sprzeda\u017c jest e-book 2024 CFA UWorld Question Bank and Mock Exams Level 2 PDF. <\/p>\n\n\n\n<p>Zawiera bank pyta\u0144 - ponad 400 pyta\u0144 i odpowiedzi na ka\u017cde pytanie. Zawiera r\u00f3wnie\u017c 2 pr\u00f3bne egzaminy z pytaniami i odpowiedziami. Obejmuje ca\u0142y program nauczania - pytania do ka\u017cdego tematu<\/p>\n\n\n\n<p>Nie jest to fizyczna ksi\u0105\u017cka, lecz cyfrowa kopia w formacie PDF. Nie dokonuj zakupu, je\u015bli chcesz otrzyma\u0107 fizyczn\u0105 kopi\u0119. Po dokonaniu zakupu mo\u017cesz natychmiast pobra\u0107 e-booka.<\/p>","protected":false},"excerpt":{"rendered":"<p>For sale is an e-Book 2024 CFA UWorld Question Bank and Mock Exams Level 2 PDF. Includes Question Bank &#8211; Over 400+ Questions and Answers for every question. Also includes 2 Mock exams with questions and answers. Covers entire curriculum &#8211; Questions for each topic This is not a physical book it is a\u00a0PDF\u00a0digital copy. [&hellip;]<\/p>\n","protected":false},"featured_media":8437,"comment_status":"closed","ping_status":"closed","template":"","meta":[],"product_brand":[],"product_cat":[266],"product_tag":[86,93,88,90,178,91,166,92,162,161],"class_list":{"0":"post-8436","1":"product","2":"type-product","3":"status-publish","4":"has-post-thumbnail","6":"product_cat-cfa-level-2","7":"product_tag-cfa-2024","8":"product_tag-cfa-books","9":"product_tag-cfa-ebooks","10":"product_tag-cfa-exam","11":"product_tag-cfa-level-2","12":"product_tag-cfa-prep","13":"product_tag-cfa-question-bank","14":"product_tag-cfa-test","15":"product_tag-qbank","16":"product_tag-question-bank","18":"first","19":"instock","20":"downloadable","21":"virtual","22":"sold-individually","23":"purchasable","24":"product-type-simple"},"_links":{"self":[{"href":"https:\/\/www.cfaebooks.com\/pl\/wp-json\/wp\/v2\/product\/8436","targetHints":{"allow":["GET"]}}],"collection":[{"href":"https:\/\/www.cfaebooks.com\/pl\/wp-json\/wp\/v2\/product"}],"about":[{"href":"https:\/\/www.cfaebooks.com\/pl\/wp-json\/wp\/v2\/types\/product"}],"replies":[{"embeddable":true,"href":"https:\/\/www.cfaebooks.com\/pl\/wp-json\/wp\/v2\/comments?post=8436"}],"wp:featuredmedia":[{"embeddable":true,"href":"https:\/\/www.cfaebooks.com\/pl\/wp-json\/wp\/v2\/media\/8437"}],"wp:attachment":[{"href":"https:\/\/www.cfaebooks.com\/pl\/wp-json\/wp\/v2\/media?parent=8436"}],"wp:term":[{"taxonomy":"product_brand","embeddable":true,"href":"https:\/\/www.cfaebooks.com\/pl\/wp-json\/wp\/v2\/product_brand?post=8436"},{"taxonomy":"product_cat","embeddable":true,"href":"https:\/\/www.cfaebooks.com\/pl\/wp-json\/wp\/v2\/product_cat?post=8436"},{"taxonomy":"product_tag","embeddable":true,"href":"https:\/\/www.cfaebooks.com\/pl\/wp-json\/wp\/v2\/product_tag?post=8436"}],"curies":[{"name":"wp","href":"https:\/\/api.w.org\/{rel}","templated":true}]}}