{"id":8406,"date":"2024-03-07T12:44:15","date_gmt":"2024-03-07T12:44:15","guid":{"rendered":"https:\/\/www.cfaebooks.com\/?post_type=product&#038;p=8406"},"modified":"2026-04-03T07:57:04","modified_gmt":"2026-04-03T07:57:04","slug":"2024-cfa-poziom-1-eoc-pytania-programu-nauczania","status":"publish","type":"product","link":"https:\/\/www.cfaebooks.com\/pl\/products\/2024-cfa-poziom-1-eoc-pytania-programu-nauczania\/","title":{"rendered":"2024 CFA Poziom 1 EOC Pytania dotycz\u0105ce programu nauczania"},"content":{"rendered":"<p>Na sprzeda\u017c jest 2024 CFA Level 1 EOC Questions of Curriculum PDF. <\/p>\n\n\n\n<p>Uwzgl\u0119dnij 10 temat\u00f3w w <a href=\"https:\/\/www.cfaebooks.com\/pl\/produkt\/2024-cfa-program-curriculum-level-i-box-set\/\">Program nauczania Poziom 1<\/a>: 1. Inwestycje alternatywne 2. Emitenci korporacyjni 3. Instrumenty pochodne 4. Ekonomia 5. Kapita\u0142 w\u0142asny 6. Etyka 7. Analiza sprawozda\u0144 finansowych 8. Sta\u0142y doch\u00f3d 9. Zarz\u0105dzanie portfelem 10. Metody ilo\u015bciowe<\/p>\n\n\n\n<ul class=\"wp-block-list\">\n<li>Nie jest to fizyczna ksi\u0105\u017cka, lecz cyfrowa kopia w formacie PDF. Nie kupuj, je\u015bli chcesz otrzyma\u0107 fizyczn\u0105 kopi\u0119.<\/li>\n\n\n\n<li>Po dokonaniu zakupu mo\u017cesz natychmiast pobra\u0107 e-booka.<\/li>\n<\/ul>","protected":false},"excerpt":{"rendered":"<p>Na sprzeda\u017c jest 2024 CFA Level 1 EOC Pytania Curriculum PDF. Obejmuje 10 temat\u00f3w na poziomie programu nauczania 1: 1. Inwestycje alternatywne 2. Emitenci korporacyjni 3. Instrumenty pochodne 4. Ekonomia 5. Kapita\u0142 w\u0142asny 6. Etyka 7. Analiza sprawozda\u0144 finansowych 8. Sta\u0142y doch\u00f3d 9. Zarz\u0105dzanie portfelem 10. Metody ilo\u015bciowe<\/p>","protected":false},"featured_media":8407,"comment_status":"closed","ping_status":"closed","template":"","meta":[],"product_brand":[],"product_cat":[260],"product_tag":[86,93,88,90,87,91,89,92,201],"class_list":{"0":"post-8406","1":"product","2":"type-product","3":"status-publish","4":"has-post-thumbnail","6":"product_cat-cfa-level-1","7":"product_tag-cfa-2024","8":"product_tag-cfa-books","9":"product_tag-cfa-ebooks","10":"product_tag-cfa-exam","11":"product_tag-cfa-level-i","12":"product_tag-cfa-prep","13":"product_tag-cfa-program-curriculum","14":"product_tag-cfa-test","15":"product_tag-eoc-questions","17":"first","18":"instock","19":"downloadable","20":"virtual","21":"sold-individually","22":"purchasable","23":"product-type-simple"},"_links":{"self":[{"href":"https:\/\/www.cfaebooks.com\/pl\/wp-json\/wp\/v2\/product\/8406","targetHints":{"allow":["GET"]}}],"collection":[{"href":"https:\/\/www.cfaebooks.com\/pl\/wp-json\/wp\/v2\/product"}],"about":[{"href":"https:\/\/www.cfaebooks.com\/pl\/wp-json\/wp\/v2\/types\/product"}],"replies":[{"embeddable":true,"href":"https:\/\/www.cfaebooks.com\/pl\/wp-json\/wp\/v2\/comments?post=8406"}],"wp:featuredmedia":[{"embeddable":true,"href":"https:\/\/www.cfaebooks.com\/pl\/wp-json\/wp\/v2\/media\/8407"}],"wp:attachment":[{"href":"https:\/\/www.cfaebooks.com\/pl\/wp-json\/wp\/v2\/media?parent=8406"}],"wp:term":[{"taxonomy":"product_brand","embeddable":true,"href":"https:\/\/www.cfaebooks.com\/pl\/wp-json\/wp\/v2\/product_brand?post=8406"},{"taxonomy":"product_cat","embeddable":true,"href":"https:\/\/www.cfaebooks.com\/pl\/wp-json\/wp\/v2\/product_cat?post=8406"},{"taxonomy":"product_tag","embeddable":true,"href":"https:\/\/www.cfaebooks.com\/pl\/wp-json\/wp\/v2\/product_tag?post=8406"}],"curies":[{"name":"wp","href":"https:\/\/api.w.org\/{rel}","templated":true}]}}