{"id":8372,"date":"2024-03-06T06:45:57","date_gmt":"2024-03-06T06:45:57","guid":{"rendered":"https:\/\/www.cfaebooks.com\/?post_type=product&#038;p=8372"},"modified":"2026-04-03T07:57:02","modified_gmt":"2026-04-03T07:57:02","slug":"2024-frm-egzamin-czesc-2-garp","status":"publish","type":"product","link":"https:\/\/www.cfaebooks.com\/pl\/products\/2024-frm-egzamin-czesc-2-garp\/","title":{"rendered":"2024 Egzamin FRM cz\u0119\u015b\u0107 2 GARP"},"content":{"rendered":"<p>Na sprzeda\u017c jest e-book 2024 FRM Exam Part 2 GARP PDF. To nie jest fizyczna ksi\u0105\u017cka, jest to cyfrowa kopia PDF. Nie kupuj, je\u015bli chcesz otrzyma\u0107 fizyczn\u0105 kopi\u0119. Po dokonaniu zakupu mo\u017cesz natychmiast pobra\u0107 e-book.<\/p>","protected":false},"excerpt":{"rendered":"<p>Na sprzeda\u017c jest e-book 2024 FRM Exam Part 2 GARP PDF. To nie jest fizyczna ksi\u0105\u017cka, jest to cyfrowa kopia PDF. Nie kupuj, je\u015bli chcesz otrzyma\u0107 fizyczn\u0105 kopi\u0119. Po dokonaniu zakupu mo\u017cesz natychmiast pobra\u0107 e-book.<\/p>","protected":false},"featured_media":8373,"comment_status":"closed","ping_status":"closed","template":"","meta":[],"product_brand":[],"product_cat":[356],"product_tag":[184,189,185,186,181,188,182,183,187],"class_list":{"0":"post-8372","1":"product","2":"type-product","3":"status-publish","4":"has-post-thumbnail","6":"product_cat-frm-part-2-2024","7":"product_tag-frm","8":"product_tag-frm-2024","9":"product_tag-frm-books","10":"product_tag-frm-ebooks","11":"product_tag-frm-exam","12":"product_tag-frm-part-2","13":"product_tag-frm-prep","14":"product_tag-frm-test","15":"product_tag-garp","17":"first","18":"instock","19":"downloadable","20":"virtual","21":"sold-individually","22":"purchasable","23":"product-type-simple"},"_links":{"self":[{"href":"https:\/\/www.cfaebooks.com\/pl\/wp-json\/wp\/v2\/product\/8372","targetHints":{"allow":["GET"]}}],"collection":[{"href":"https:\/\/www.cfaebooks.com\/pl\/wp-json\/wp\/v2\/product"}],"about":[{"href":"https:\/\/www.cfaebooks.com\/pl\/wp-json\/wp\/v2\/types\/product"}],"replies":[{"embeddable":true,"href":"https:\/\/www.cfaebooks.com\/pl\/wp-json\/wp\/v2\/comments?post=8372"}],"wp:featuredmedia":[{"embeddable":true,"href":"https:\/\/www.cfaebooks.com\/pl\/wp-json\/wp\/v2\/media\/8373"}],"wp:attachment":[{"href":"https:\/\/www.cfaebooks.com\/pl\/wp-json\/wp\/v2\/media?parent=8372"}],"wp:term":[{"taxonomy":"product_brand","embeddable":true,"href":"https:\/\/www.cfaebooks.com\/pl\/wp-json\/wp\/v2\/product_brand?post=8372"},{"taxonomy":"product_cat","embeddable":true,"href":"https:\/\/www.cfaebooks.com\/pl\/wp-json\/wp\/v2\/product_cat?post=8372"},{"taxonomy":"product_tag","embeddable":true,"href":"https:\/\/www.cfaebooks.com\/pl\/wp-json\/wp\/v2\/product_tag?post=8372"}],"curies":[{"name":"wp","href":"https:\/\/api.w.org\/{rel}","templated":true}]}}