{"id":8328,"date":"2024-03-05T13:57:53","date_gmt":"2024-03-05T13:57:53","guid":{"rendered":"https:\/\/www.cfaebooks.com\/?post_type=product&#038;p=8328"},"modified":"2026-04-03T07:56:52","modified_gmt":"2026-04-03T07:56:52","slug":"2024-cfa-program-nauczania-poziom-iii-zestaw-pudelkowy","status":"publish","type":"product","link":"https:\/\/www.cfaebooks.com\/pl\/products\/2024-cfa-program-nauczania-poziom-iii-zestaw-pudelkowy\/","title":{"rendered":"2024 Program CFA Poziom III Zestaw pude\u0142kowy"},"content":{"rendered":"<p>Na sprzeda\u017c jest e-Book 2024 CFA Program Curriculum Level III Box Set PDF. <\/p>\n\n\n\n<p>Zawiera zestaw 6 tom\u00f3w: <\/p>\n\n\n\n<ul class=\"wp-block-list\">\n<li>Tom 1: Finanse behawioralne, oczekiwania rynku kapita\u0142owego i alokacja aktyw\u00f3w<\/li>\n\n\n\n<li>Tom 2: Instrumenty pochodne, zarz\u0105dzanie walutami i instrumenty o sta\u0142ym dochodzie<\/li>\n\n\n\n<li>Tom 3: Zarz\u0105dzanie portfelem instrument\u00f3w o sta\u0142ym dochodzie i akcji<\/li>\n\n\n\n<li>Tom 4: Inwestycje alternatywne, zarz\u0105dzanie portfelem i zarz\u0105dzanie maj\u0105tkiem prywatnym<\/li>\n\n\n\n<li>Tom 5: Inwestorzy instytucjonalni, inne tematy zwi\u0105zane z zarz\u0105dzaniem portfelem i przypadki<\/li>\n\n\n\n<li>Tom 6: Etyka i standardy zawodowe<\/li>\n<\/ul>\n\n\n\n<p>Nie jest to fizyczna ksi\u0105\u017cka, lecz cyfrowa kopia w formacie PDF. Nie dokonuj zakupu, je\u015bli chcesz otrzyma\u0107 fizyczn\u0105 kopi\u0119. Po dokonaniu zakupu mo\u017cesz natychmiast pobra\u0107 e-booka.<\/p>","protected":false},"excerpt":{"rendered":"<p>For sale is an e-Book 2024 CFA Program Curriculum Level III Box Set PDF. Includes Set of 6 volumes: This is not a physical book it is a\u00a0PDF\u00a0digital copy. Please do not purchase if you want a physical hard copy. After checkout you can download the e-Book instantly.<\/p>","protected":false},"featured_media":8329,"comment_status":"closed","ping_status":"closed","template":"","meta":[],"product_brand":[],"product_cat":[351],"product_tag":[86,93,88,90,174,180,91,89,92,169],"class_list":{"0":"post-8328","1":"product","2":"type-product","3":"status-publish","4":"has-post-thumbnail","6":"product_cat-cfa-level-3-2024","7":"product_tag-cfa-2024","8":"product_tag-cfa-books","9":"product_tag-cfa-ebooks","10":"product_tag-cfa-exam","11":"product_tag-cfa-institute","12":"product_tag-cfa-level-3","13":"product_tag-cfa-prep","14":"product_tag-cfa-program-curriculum","15":"product_tag-cfa-test","16":"product_tag-wiley","18":"first","19":"instock","20":"downloadable","21":"virtual","22":"sold-individually","23":"purchasable","24":"product-type-simple"},"_links":{"self":[{"href":"https:\/\/www.cfaebooks.com\/pl\/wp-json\/wp\/v2\/product\/8328","targetHints":{"allow":["GET"]}}],"collection":[{"href":"https:\/\/www.cfaebooks.com\/pl\/wp-json\/wp\/v2\/product"}],"about":[{"href":"https:\/\/www.cfaebooks.com\/pl\/wp-json\/wp\/v2\/types\/product"}],"replies":[{"embeddable":true,"href":"https:\/\/www.cfaebooks.com\/pl\/wp-json\/wp\/v2\/comments?post=8328"}],"wp:featuredmedia":[{"embeddable":true,"href":"https:\/\/www.cfaebooks.com\/pl\/wp-json\/wp\/v2\/media\/8329"}],"wp:attachment":[{"href":"https:\/\/www.cfaebooks.com\/pl\/wp-json\/wp\/v2\/media?parent=8328"}],"wp:term":[{"taxonomy":"product_brand","embeddable":true,"href":"https:\/\/www.cfaebooks.com\/pl\/wp-json\/wp\/v2\/product_brand?post=8328"},{"taxonomy":"product_cat","embeddable":true,"href":"https:\/\/www.cfaebooks.com\/pl\/wp-json\/wp\/v2\/product_cat?post=8328"},{"taxonomy":"product_tag","embeddable":true,"href":"https:\/\/www.cfaebooks.com\/pl\/wp-json\/wp\/v2\/product_tag?post=8328"}],"curies":[{"name":"wp","href":"https:\/\/api.w.org\/{rel}","templated":true}]}}