{"id":8287,"date":"2024-03-04T15:19:29","date_gmt":"2024-03-04T15:19:29","guid":{"rendered":"https:\/\/www.cfaebooks.com\/?post_type=product&#038;p=8287"},"modified":"2026-04-03T07:56:39","modified_gmt":"2026-04-03T07:56:39","slug":"2024-cfa-level-2-schweser-notes","status":"publish","type":"product","link":"https:\/\/www.cfaebooks.com\/pl\/products\/2024-cfa-level-2-schweser-notes\/","title":{"rendered":"2024 Notatki Schwesera na poziomie 2 CFA"},"content":{"rendered":"<p>Na sprzeda\u017c jest e-book 2024 CFA Level 2 Schweser Notes PDF. Zawiera zestaw 5 ksi\u0105\u017cek: Ksi\u0105\u017cka 1: Metody ilo\u015bciowe i ekonomia, Ksi\u0119ga 2: Analiza sprawozda\u0144 finansowych i emitenci korporacyjni, Ksi\u0119ga 3: Wycena akcji, Ksi\u0119ga 4: Sta\u0142y doch\u00f3d, instrumenty pochodne i inwestycje alternatywne, Ksi\u0119ga 5: Zarz\u0105dzanie portfelem oraz etyka i profesjonalizm.<\/p>\n\n\n\n<ul class=\"wp-block-list\">\n<li>To nie jest fizyczna ksi\u0105\u017cka, to plik PDF w wersji cyfrowej. Nie kupuj jej, je\u015bli chcesz otrzyma\u0107 fizyczn\u0105 wersj\u0119 papierow\u0105.<\/li>\n\n\n\n<li>Po dokonaniu zakupu mo\u017cesz natychmiast pobra\u0107 e-booka.<\/li>\n<\/ul>","protected":false},"excerpt":{"rendered":"<p>Na sprzeda\u017c jest e-book 2024 CFA Level 2 Schweser Notes PDF. Zawiera zestaw 5 ksi\u0105\u017cek: Ksi\u0105\u017cka 1: Metody ilo\u015bciowe i ekonomia, Ksi\u0119ga 2: Analiza sprawozda\u0144 finansowych i emitenci korporacyjni, Ksi\u0119ga 3: Wycena akcji, Ksi\u0119ga 4: Sta\u0142y doch\u00f3d, instrumenty pochodne i inwestycje alternatywne, Ksi\u0119ga 5: Zarz\u0105dzanie portfelem oraz etyka i profesjonalizm.<\/p>","protected":false},"featured_media":8291,"comment_status":"closed","ping_status":"closed","template":"","meta":[],"product_brand":[],"product_cat":[350],"product_tag":[86,93,88,90,178,91,92,158,179],"class_list":{"0":"post-8287","1":"product","2":"type-product","3":"status-publish","4":"has-post-thumbnail","6":"product_cat-cfa-level-2-2024","7":"product_tag-cfa-2024","8":"product_tag-cfa-books","9":"product_tag-cfa-ebooks","10":"product_tag-cfa-exam","11":"product_tag-cfa-level-2","12":"product_tag-cfa-prep","13":"product_tag-cfa-test","14":"product_tag-kaplan-schweser","15":"product_tag-schweser-notes","17":"first","18":"instock","19":"downloadable","20":"virtual","21":"sold-individually","22":"purchasable","23":"product-type-simple"},"_links":{"self":[{"href":"https:\/\/www.cfaebooks.com\/pl\/wp-json\/wp\/v2\/product\/8287","targetHints":{"allow":["GET"]}}],"collection":[{"href":"https:\/\/www.cfaebooks.com\/pl\/wp-json\/wp\/v2\/product"}],"about":[{"href":"https:\/\/www.cfaebooks.com\/pl\/wp-json\/wp\/v2\/types\/product"}],"replies":[{"embeddable":true,"href":"https:\/\/www.cfaebooks.com\/pl\/wp-json\/wp\/v2\/comments?post=8287"}],"wp:featuredmedia":[{"embeddable":true,"href":"https:\/\/www.cfaebooks.com\/pl\/wp-json\/wp\/v2\/media\/8291"}],"wp:attachment":[{"href":"https:\/\/www.cfaebooks.com\/pl\/wp-json\/wp\/v2\/media?parent=8287"}],"wp:term":[{"taxonomy":"product_brand","embeddable":true,"href":"https:\/\/www.cfaebooks.com\/pl\/wp-json\/wp\/v2\/product_brand?post=8287"},{"taxonomy":"product_cat","embeddable":true,"href":"https:\/\/www.cfaebooks.com\/pl\/wp-json\/wp\/v2\/product_cat?post=8287"},{"taxonomy":"product_tag","embeddable":true,"href":"https:\/\/www.cfaebooks.com\/pl\/wp-json\/wp\/v2\/product_tag?post=8287"}],"curies":[{"name":"wp","href":"https:\/\/api.w.org\/{rel}","templated":true}]}}