{"id":8264,"date":"2024-03-04T06:47:15","date_gmt":"2024-03-04T06:47:15","guid":{"rendered":"https:\/\/www.cfaebooks.com\/?post_type=product&#038;p=8264"},"modified":"2026-04-03T07:56:32","modified_gmt":"2026-04-03T07:56:32","slug":"2024-cfa-level-1-quicksheet","status":"publish","type":"product","link":"https:\/\/www.cfaebooks.com\/pl\/products\/2024-cfa-level-1-quicksheet\/","title":{"rendered":"2024 CFA Level 1 Quicksheet"},"content":{"rendered":"<p>Na sprzeda\u017c jest e-Book 2024 CFA Level 1 Quicksheet PDF. To nie jest fizyczna ksi\u0105\u017cka, tylko cyfrowa kopia PDF. Nie dokonuj zakupu, je\u015bli chcesz otrzyma\u0107 fizyczn\u0105 kopi\u0119. Po dokonaniu zakupu mo\u017cesz natychmiast pobra\u0107 e-book.<\/p>","protected":false},"excerpt":{"rendered":"<p>Na sprzeda\u017c jest e-Book 2024 CFA Level 1 Quicksheet PDF. To nie jest fizyczna ksi\u0105\u017cka, tylko cyfrowa kopia PDF. Nie dokonuj zakupu, je\u015bli chcesz otrzyma\u0107 fizyczn\u0105 kopi\u0119. Po dokonaniu zakupu mo\u017cesz natychmiast pobra\u0107 e-book.<\/p>","protected":false},"featured_media":8265,"comment_status":"closed","ping_status":"closed","template":"","meta":[],"product_brand":[],"product_cat":[349],"product_tag":[86,90,87,91,92,158,177],"class_list":{"0":"post-8264","1":"product","2":"type-product","3":"status-publish","4":"has-post-thumbnail","6":"product_cat-cfa-level-1-2024","7":"product_tag-cfa-2024","8":"product_tag-cfa-exam","9":"product_tag-cfa-level-i","10":"product_tag-cfa-prep","11":"product_tag-cfa-test","12":"product_tag-kaplan-schweser","13":"product_tag-quicksheet","15":"first","16":"instock","17":"downloadable","18":"virtual","19":"sold-individually","20":"purchasable","21":"product-type-simple"},"_links":{"self":[{"href":"https:\/\/www.cfaebooks.com\/pl\/wp-json\/wp\/v2\/product\/8264","targetHints":{"allow":["GET"]}}],"collection":[{"href":"https:\/\/www.cfaebooks.com\/pl\/wp-json\/wp\/v2\/product"}],"about":[{"href":"https:\/\/www.cfaebooks.com\/pl\/wp-json\/wp\/v2\/types\/product"}],"replies":[{"embeddable":true,"href":"https:\/\/www.cfaebooks.com\/pl\/wp-json\/wp\/v2\/comments?post=8264"}],"wp:featuredmedia":[{"embeddable":true,"href":"https:\/\/www.cfaebooks.com\/pl\/wp-json\/wp\/v2\/media\/8265"}],"wp:attachment":[{"href":"https:\/\/www.cfaebooks.com\/pl\/wp-json\/wp\/v2\/media?parent=8264"}],"wp:term":[{"taxonomy":"product_brand","embeddable":true,"href":"https:\/\/www.cfaebooks.com\/pl\/wp-json\/wp\/v2\/product_brand?post=8264"},{"taxonomy":"product_cat","embeddable":true,"href":"https:\/\/www.cfaebooks.com\/pl\/wp-json\/wp\/v2\/product_cat?post=8264"},{"taxonomy":"product_tag","embeddable":true,"href":"https:\/\/www.cfaebooks.com\/pl\/wp-json\/wp\/v2\/product_tag?post=8264"}],"curies":[{"name":"wp","href":"https:\/\/api.w.org\/{rel}","templated":true}]}}