{"id":8199,"date":"2024-03-03T13:54:09","date_gmt":"2024-03-03T13:54:09","guid":{"rendered":"https:\/\/www.cfaebooks.com\/?post_type=product&#038;p=8199"},"modified":"2026-04-03T07:56:24","modified_gmt":"2026-04-03T07:56:24","slug":"sok-notatki-cfa-poziom-i-2024-fintree","status":"publish","type":"product","link":"https:\/\/www.cfaebooks.com\/pl\/products\/sok-notatki-cfa-poziom-i-2024-fintree\/","title":{"rendered":"Juice Notes CFA poziom I 2024 Fintree"},"content":{"rendered":"<p>Na sprzeda\u017c jest e-book 2024 CFA level I Fintree Juice Notes PDF.<\/p>\n\n\n\n<p>Zawiera zestaw 10 ksi\u0105\u017cek:<\/p>\n\n\n\n<ol class=\"wp-block-list\">\n<li>Standardy etyczne i zawodowe<\/li>\n\n\n\n<li>Metody ilo\u015bciowe<\/li>\n\n\n\n<li>Ekonomia<\/li>\n\n\n\n<li>Analiza sprawozda\u0144 finansowych<\/li>\n\n\n\n<li>Emitenci korporacyjni<\/li>\n\n\n\n<li>Inwestycje kapita\u0142owe<\/li>\n\n\n\n<li>Sta\u0142y doch\u00f3d<\/li>\n\n\n\n<li>Instrumenty pochodne<\/li>\n\n\n\n<li>Inwestycje alternatywne<\/li>\n\n\n\n<li>Zarz\u0105dzanie portfelem<\/li>\n<\/ol>\n\n\n\n<p>Nie jest to fizyczna ksi\u0105\u017cka, lecz cyfrowa kopia w formacie PDF. Nie dokonuj zakupu, je\u015bli chcesz otrzyma\u0107 fizyczn\u0105 kopi\u0119. Po dokonaniu zakupu mo\u017cesz natychmiast pobra\u0107 e-booka.<\/p>","protected":false},"excerpt":{"rendered":"<p>For sale is an e-Book 2024 CFA level I Fintree Juice Notes PDF. Includes Set of 10 books: This is not a physical book it is a&nbsp;PDF&nbsp;digital copy. Please do not purchase if you want a physical hard copy. After checkout you can download the e-Book instantly.<\/p>","protected":false},"featured_media":8402,"comment_status":"closed","ping_status":"closed","template":"","meta":[],"product_brand":[],"product_cat":[260],"product_tag":[86,93,88,90,87,91,92,173],"class_list":{"0":"post-8199","1":"product","2":"type-product","3":"status-publish","4":"has-post-thumbnail","6":"product_cat-cfa-level-1","7":"product_tag-cfa-2024","8":"product_tag-cfa-books","9":"product_tag-cfa-ebooks","10":"product_tag-cfa-exam","11":"product_tag-cfa-level-i","12":"product_tag-cfa-prep","13":"product_tag-cfa-test","14":"product_tag-juicenotes","16":"first","17":"instock","18":"downloadable","19":"virtual","20":"sold-individually","21":"purchasable","22":"product-type-simple"},"_links":{"self":[{"href":"https:\/\/www.cfaebooks.com\/pl\/wp-json\/wp\/v2\/product\/8199","targetHints":{"allow":["GET"]}}],"collection":[{"href":"https:\/\/www.cfaebooks.com\/pl\/wp-json\/wp\/v2\/product"}],"about":[{"href":"https:\/\/www.cfaebooks.com\/pl\/wp-json\/wp\/v2\/types\/product"}],"replies":[{"embeddable":true,"href":"https:\/\/www.cfaebooks.com\/pl\/wp-json\/wp\/v2\/comments?post=8199"}],"wp:featuredmedia":[{"embeddable":true,"href":"https:\/\/www.cfaebooks.com\/pl\/wp-json\/wp\/v2\/media\/8402"}],"wp:attachment":[{"href":"https:\/\/www.cfaebooks.com\/pl\/wp-json\/wp\/v2\/media?parent=8199"}],"wp:term":[{"taxonomy":"product_brand","embeddable":true,"href":"https:\/\/www.cfaebooks.com\/pl\/wp-json\/wp\/v2\/product_brand?post=8199"},{"taxonomy":"product_cat","embeddable":true,"href":"https:\/\/www.cfaebooks.com\/pl\/wp-json\/wp\/v2\/product_cat?post=8199"},{"taxonomy":"product_tag","embeddable":true,"href":"https:\/\/www.cfaebooks.com\/pl\/wp-json\/wp\/v2\/product_tag?post=8199"}],"curies":[{"name":"wp","href":"https:\/\/api.w.org\/{rel}","templated":true}]}}