{"id":8191,"date":"2024-03-03T07:11:13","date_gmt":"2024-03-03T07:11:13","guid":{"rendered":"https:\/\/www.cfaebooks.com\/?post_type=product&#038;p=8191"},"modified":"2026-04-03T07:56:20","modified_gmt":"2026-04-03T07:56:20","slug":"2024-uworld-poziom-1-cfa-program-study-guide-notatki-kompletny-zestaw-2","status":"publish","type":"product","link":"https:\/\/www.cfaebooks.com\/pl\/products\/2024-uworld-poziom-1-cfa-program-study-guide-notatki-kompletny-zestaw-2\/","title":{"rendered":"2024 UWorld Level 1 CFA Program Study Guide Notes Complete Set + Formula Sheet"},"content":{"rendered":"<p>Na sprzeda\u017c jest e-book 2024 CFA Level 1 UWorld Program Study Guide Notes Complete Set + Formula Sheet PDF.<\/p>\n\n\n\n<p>Zawiera zestaw 6 tom\u00f3w: <\/p>\n\n\n\n<p>Tom 1: Metody ilo\u015bciowe, Tom 2: Ekonomia i analiza sprawozda\u0144 finansowych, Tom 3: Analiza sprawozda\u0144 finansowych i emitenci korporacyjni, Tom 4: Emitenci korporacyjni, inwestycje kapita\u0142owe i instrumenty o sta\u0142ym dochodzie, Tom 5: Instrumenty o sta\u0142ym dochodzie, instrumenty pochodne, inwestycje alternatywne i zarz\u0105dzanie portfelemTom 6: Zarz\u0105dzanie portfelem oraz standardy etyczne i zawodowe<\/p>\n\n\n\n<ul class=\"wp-block-list\">\n<li>Nie jest to fizyczna ksi\u0105\u017cka, lecz cyfrowa kopia w formacie PDF. Nie kupuj, je\u015bli chcesz otrzyma\u0107 fizyczn\u0105 kopi\u0119.<\/li>\n\n\n\n<li>Po dokonaniu zakupu mo\u017cesz natychmiast pobra\u0107 e-booka.<\/li>\n<\/ul>","protected":false},"excerpt":{"rendered":"<p>For sale is an e-Book 2024 CFA Level 1 UWorld Program Study Guide Notes Complete Set + Formula Sheet PDF. Includes Set of 6 volumes: Volume 1: Quantitative Methods, Volume 2: Economics and Financial Statement Analysis, Volume 3: Financial Statement Analysis and Corporate Issuers, Volume 4: Corporate Issuers, Equity Investments, and Fixed Income, Volume 5: [&hellip;]<\/p>\n","protected":false},"featured_media":8192,"comment_status":"closed","ping_status":"closed","template":"","meta":[],"product_brand":[],"product_cat":[260],"product_tag":[86,93,88,90,87,91,92,171,169],"class_list":{"0":"post-8191","1":"product","2":"type-product","3":"status-publish","4":"has-post-thumbnail","6":"product_cat-cfa-level-1","7":"product_tag-cfa-2024","8":"product_tag-cfa-books","9":"product_tag-cfa-ebooks","10":"product_tag-cfa-exam","11":"product_tag-cfa-level-i","12":"product_tag-cfa-prep","13":"product_tag-cfa-test","14":"product_tag-study-guide","15":"product_tag-wiley","17":"first","18":"instock","19":"downloadable","20":"virtual","21":"sold-individually","22":"purchasable","23":"product-type-simple"},"_links":{"self":[{"href":"https:\/\/www.cfaebooks.com\/pl\/wp-json\/wp\/v2\/product\/8191","targetHints":{"allow":["GET"]}}],"collection":[{"href":"https:\/\/www.cfaebooks.com\/pl\/wp-json\/wp\/v2\/product"}],"about":[{"href":"https:\/\/www.cfaebooks.com\/pl\/wp-json\/wp\/v2\/types\/product"}],"replies":[{"embeddable":true,"href":"https:\/\/www.cfaebooks.com\/pl\/wp-json\/wp\/v2\/comments?post=8191"}],"wp:featuredmedia":[{"embeddable":true,"href":"https:\/\/www.cfaebooks.com\/pl\/wp-json\/wp\/v2\/media\/8192"}],"wp:attachment":[{"href":"https:\/\/www.cfaebooks.com\/pl\/wp-json\/wp\/v2\/media?parent=8191"}],"wp:term":[{"taxonomy":"product_brand","embeddable":true,"href":"https:\/\/www.cfaebooks.com\/pl\/wp-json\/wp\/v2\/product_brand?post=8191"},{"taxonomy":"product_cat","embeddable":true,"href":"https:\/\/www.cfaebooks.com\/pl\/wp-json\/wp\/v2\/product_cat?post=8191"},{"taxonomy":"product_tag","embeddable":true,"href":"https:\/\/www.cfaebooks.com\/pl\/wp-json\/wp\/v2\/product_tag?post=8191"}],"curies":[{"name":"wp","href":"https:\/\/api.w.org\/{rel}","templated":true}]}}