{"id":8183,"date":"2024-03-03T06:17:35","date_gmt":"2024-03-03T06:17:35","guid":{"rendered":"https:\/\/www.cfaebooks.com\/?post_type=product&#038;p=8183"},"modified":"2026-04-03T07:56:17","modified_gmt":"2026-04-03T07:56:17","slug":"2024-cfa-level-1-ift-study-notes","status":"publish","type":"product","link":"https:\/\/www.cfaebooks.com\/pl\/products\/2024-cfa-level-1-ift-study-notes\/","title":{"rendered":"2024 CFA Level 1 IFT Study Notes"},"content":{"rendered":"<p>Na sprzeda\u017c jest e-book 2024 CFA Level 1 IFT Study Notes PDF. To nie jest fizyczna ksi\u0105\u017cka, jest to cyfrowa kopia PDF. Nie kupuj, je\u015bli chcesz otrzyma\u0107 fizyczn\u0105 kopi\u0119. Po dokonaniu zakupu mo\u017cesz natychmiast pobra\u0107 e-book.<\/p>\n\n\n\n<p>Obejmuje nast\u0119puj\u0105ce tematy:<\/p>\n\n\n\n<ol class=\"wp-block-list\">\n<li>Metody ilo\u015bciowe<\/li>\n\n\n\n<li>Ekonomia<\/li>\n\n\n\n<li>Emitenci korporacyjni<\/li>\n\n\n\n<li>Analiza sprawozda\u0144 finansowych<\/li>\n\n\n\n<li>Inwestycje kapita\u0142owe<\/li>\n\n\n\n<li>Sta\u0142y doch\u00f3d<\/li>\n\n\n\n<li>Instrumenty pochodne<\/li>\n\n\n\n<li>Inwestycje alternatywne<\/li>\n\n\n\n<li>Zarz\u0105dzanie portfelem<\/li>\n\n\n\n<li>Standardy etyczne i zawodowe<\/li>\n<\/ol>\n\n\n\n<p>Otrzymasz szczeg\u00f3\u0142owe notatki do nauki obejmuj\u0105ce wszystkie LOS, w tym:<\/p>\n\n\n\n<ul class=\"wp-block-list\">\n<li>Przyk\u0142ady<\/li>\n\n\n\n<li>Pytania praktyczne<\/li>\n\n\n\n<li>Podsumowanie ka\u017cdego odczytu<\/li>\n<\/ul>","protected":false},"excerpt":{"rendered":"<p>For sale is an e-Book 2024 CFA Level 1 IFT Study Notes PDF. This is not a physical book it is a\u00a0PDF\u00a0digital copy. Please do not purchase if you want a physical hard copy. After checkout you can download the e-Book instantly. Includes the following topics: You will get detailed Study Notes covering all LOS, [&hellip;]<\/p>\n","protected":false},"featured_media":8313,"comment_status":"closed","ping_status":"closed","template":"","meta":[],"product_brand":[],"product_cat":[349],"product_tag":[86,93,88,90,87,91,92,167,168],"class_list":{"0":"post-8183","1":"product","2":"type-product","3":"status-publish","4":"has-post-thumbnail","6":"product_cat-cfa-level-1-2024","7":"product_tag-cfa-2024","8":"product_tag-cfa-books","9":"product_tag-cfa-ebooks","10":"product_tag-cfa-exam","11":"product_tag-cfa-level-i","12":"product_tag-cfa-prep","13":"product_tag-cfa-test","14":"product_tag-ift","15":"product_tag-study-notes","17":"first","18":"instock","19":"downloadable","20":"virtual","21":"sold-individually","22":"purchasable","23":"product-type-simple"},"_links":{"self":[{"href":"https:\/\/www.cfaebooks.com\/pl\/wp-json\/wp\/v2\/product\/8183","targetHints":{"allow":["GET"]}}],"collection":[{"href":"https:\/\/www.cfaebooks.com\/pl\/wp-json\/wp\/v2\/product"}],"about":[{"href":"https:\/\/www.cfaebooks.com\/pl\/wp-json\/wp\/v2\/types\/product"}],"replies":[{"embeddable":true,"href":"https:\/\/www.cfaebooks.com\/pl\/wp-json\/wp\/v2\/comments?post=8183"}],"wp:featuredmedia":[{"embeddable":true,"href":"https:\/\/www.cfaebooks.com\/pl\/wp-json\/wp\/v2\/media\/8313"}],"wp:attachment":[{"href":"https:\/\/www.cfaebooks.com\/pl\/wp-json\/wp\/v2\/media?parent=8183"}],"wp:term":[{"taxonomy":"product_brand","embeddable":true,"href":"https:\/\/www.cfaebooks.com\/pl\/wp-json\/wp\/v2\/product_brand?post=8183"},{"taxonomy":"product_cat","embeddable":true,"href":"https:\/\/www.cfaebooks.com\/pl\/wp-json\/wp\/v2\/product_cat?post=8183"},{"taxonomy":"product_tag","embeddable":true,"href":"https:\/\/www.cfaebooks.com\/pl\/wp-json\/wp\/v2\/product_tag?post=8183"}],"curies":[{"name":"wp","href":"https:\/\/api.w.org\/{rel}","templated":true}]}}