{"id":7775,"date":"2024-03-01T07:34:24","date_gmt":"2024-03-01T07:34:24","guid":{"rendered":"https:\/\/www.cfaebooks.com\/?post_type=product&#038;p=7775"},"modified":"2026-04-03T07:55:55","modified_gmt":"2026-04-03T07:55:55","slug":"2024-cfa-program-curriculum-level-1-full-box-set","status":"publish","type":"product","link":"https:\/\/www.cfaebooks.com\/pl\/products\/2024-cfa-program-curriculum-level-1-full-box-set\/","title":{"rendered":"2024 Program nauczania CFA Poziom 1 Pe\u0142ny zestaw pude\u0142kowy"},"content":{"rendered":"<p>Na sprzeda\u017c jest e-Book 2024 CFA Program Curriculum Level I Box Set.<\/p>\n\n\n\n<p>Tomy obejmuj\u0105:<\/p>\n\n\n\n<ul class=\"wp-block-list\">\n<li>Tom 1: Metody ilo\u015bciowe<\/li>\n\n\n\n<li>Tom 2: Ekonomia i analiza sprawozda\u0144 finansowych<\/li>\n\n\n\n<li>Tom 3: Analiza sprawozda\u0144 finansowych i emitenci korporacyjni<\/li>\n\n\n\n<li>Tom 4: Emitenci korporacyjni, inwestycje kapita\u0142owe i instrumenty o sta\u0142ym dochodzie<\/li>\n\n\n\n<li>Tom 5: Sta\u0142y doch\u00f3d, instrumenty pochodne, inwestycje alternatywne i zarz\u0105dzanie portfelem<\/li>\n\n\n\n<li>Tom 6: Zarz\u0105dzanie portfelem oraz standardy etyczne i zawodowe<\/li>\n<\/ul>\n\n\n\n<p>Nie jest to fizyczna ksi\u0105\u017cka, lecz cyfrowa kopia w formacie PDF. Nie dokonuj zakupu, je\u015bli chcesz otrzyma\u0107 fizyczn\u0105 kopi\u0119. Po dokonaniu zakupu mo\u017cesz natychmiast pobra\u0107 e-booka.<\/p>","protected":false},"excerpt":{"rendered":"<p>For sale is an e-Book 2024 CFA Program Curriculum Level I Box Set. Volumes include: This is not a physical book it is a\u00a0PDF\u00a0digital copy. Please do not purchase if you want a physical hard copy. After checkout you can download the e-Book instantly.<\/p>","protected":false},"featured_media":8111,"comment_status":"closed","ping_status":"closed","template":"","meta":[],"product_brand":[],"product_cat":[349],"product_tag":[86,87,89],"class_list":{"0":"post-7775","1":"product","2":"type-product","3":"status-publish","4":"has-post-thumbnail","6":"product_cat-cfa-level-1-2024","7":"product_tag-cfa-2024","8":"product_tag-cfa-level-i","9":"product_tag-cfa-program-curriculum","11":"first","12":"instock","13":"downloadable","14":"virtual","15":"sold-individually","16":"purchasable","17":"product-type-simple"},"_links":{"self":[{"href":"https:\/\/www.cfaebooks.com\/pl\/wp-json\/wp\/v2\/product\/7775","targetHints":{"allow":["GET"]}}],"collection":[{"href":"https:\/\/www.cfaebooks.com\/pl\/wp-json\/wp\/v2\/product"}],"about":[{"href":"https:\/\/www.cfaebooks.com\/pl\/wp-json\/wp\/v2\/types\/product"}],"replies":[{"embeddable":true,"href":"https:\/\/www.cfaebooks.com\/pl\/wp-json\/wp\/v2\/comments?post=7775"}],"wp:featuredmedia":[{"embeddable":true,"href":"https:\/\/www.cfaebooks.com\/pl\/wp-json\/wp\/v2\/media\/8111"}],"wp:attachment":[{"href":"https:\/\/www.cfaebooks.com\/pl\/wp-json\/wp\/v2\/media?parent=7775"}],"wp:term":[{"taxonomy":"product_brand","embeddable":true,"href":"https:\/\/www.cfaebooks.com\/pl\/wp-json\/wp\/v2\/product_brand?post=7775"},{"taxonomy":"product_cat","embeddable":true,"href":"https:\/\/www.cfaebooks.com\/pl\/wp-json\/wp\/v2\/product_cat?post=7775"},{"taxonomy":"product_tag","embeddable":true,"href":"https:\/\/www.cfaebooks.com\/pl\/wp-json\/wp\/v2\/product_tag?post=7775"}],"curies":[{"name":"wp","href":"https:\/\/api.w.org\/{rel}","templated":true}]}}