{"id":17434,"date":"2026-04-05T01:51:18","date_gmt":"2026-04-05T01:51:18","guid":{"rendered":"https:\/\/www.cfaebooks.com\/?post_type=product&#038;p=17434"},"modified":"2026-04-05T04:56:31","modified_gmt":"2026-04-05T04:56:31","slug":"cpa-2026-uworld-study-guide-far","status":"publish","type":"product","link":"https:\/\/www.cfaebooks.com\/pl\/products\/cpa-2026-uworld-study-guide-far\/","title":{"rendered":"CPA 2026 &#8211; UWorld Study Guide FAR"},"content":{"rendered":"<p>For sale is an e-Book CPA 2026 &#8211; UWorld Study Guide FAR pdf.<\/p>\n\n\n\n<p><strong>Core section:<\/strong><\/p>\n\n\n\n<ul class=\"wp-block-list\">\n<li>FAR &#8211; <strong>Financial Accounting and Reporting<\/strong><\/li>\n<\/ul>\n\n\n\n<p>We also have the full set available includes all 6 exam sections.<\/p>\n\n\n\n<p>Tekst mo\u017cna przeszukiwa\u0107 za pomoc\u0105 funkcji wyszukiwania na klawiaturze komputera \"ctrl + f\" oraz poprzez wyszukiwanie na smartfonie\/tablecie. Nie s\u0105 to fizyczne ksi\u0105\u017cki, lecz cyfrowe kopie w formacie PDF. Nie dokonuj zakupu, je\u015bli chcesz otrzyma\u0107 fizyczn\u0105 kopi\u0119.<\/p>\n\n\n\n<p>Po dokonaniu zakupu mo\u017cesz natychmiast pobra\u0107 e-booka.<\/p>","protected":false},"excerpt":{"rendered":"<p>For sale is an e-Book CPA 2026 &#8211; UWorld Study Guide FAR pdf. Core section: We also have the full set available includes all 6 exam sections. The text is searchable using the find feature on your computer keyboard \u2018ctrl+f\u2019 and through search on your smartphone\/tablet. These are not physical books they are PDF digital [&hellip;]<\/p>\n","protected":false},"featured_media":17436,"comment_status":"closed","ping_status":"closed","template":"","meta":[],"product_brand":[],"product_cat":[424],"product_tag":[425,430,429,427,432,428,426,171,170],"class_list":{"0":"post-17434","1":"product","2":"type-product","3":"status-publish","4":"has-post-thumbnail","6":"product_cat-cpa","7":"product_tag-cpa-2026","8":"product_tag-cpa-book","9":"product_tag-cpa-ebooks","10":"product_tag-cpa-exam","11":"product_tag-cpa-far","12":"product_tag-cpa-test","13":"product_tag-cpa-uworld","14":"product_tag-study-guide","15":"product_tag-uworld","17":"first","18":"instock","19":"downloadable","20":"virtual","21":"sold-individually","22":"purchasable","23":"product-type-simple"},"_links":{"self":[{"href":"https:\/\/www.cfaebooks.com\/pl\/wp-json\/wp\/v2\/product\/17434","targetHints":{"allow":["GET"]}}],"collection":[{"href":"https:\/\/www.cfaebooks.com\/pl\/wp-json\/wp\/v2\/product"}],"about":[{"href":"https:\/\/www.cfaebooks.com\/pl\/wp-json\/wp\/v2\/types\/product"}],"replies":[{"embeddable":true,"href":"https:\/\/www.cfaebooks.com\/pl\/wp-json\/wp\/v2\/comments?post=17434"}],"wp:featuredmedia":[{"embeddable":true,"href":"https:\/\/www.cfaebooks.com\/pl\/wp-json\/wp\/v2\/media\/17436"}],"wp:attachment":[{"href":"https:\/\/www.cfaebooks.com\/pl\/wp-json\/wp\/v2\/media?parent=17434"}],"wp:term":[{"taxonomy":"product_brand","embeddable":true,"href":"https:\/\/www.cfaebooks.com\/pl\/wp-json\/wp\/v2\/product_brand?post=17434"},{"taxonomy":"product_cat","embeddable":true,"href":"https:\/\/www.cfaebooks.com\/pl\/wp-json\/wp\/v2\/product_cat?post=17434"},{"taxonomy":"product_tag","embeddable":true,"href":"https:\/\/www.cfaebooks.com\/pl\/wp-json\/wp\/v2\/product_tag?post=17434"}],"curies":[{"name":"wp","href":"https:\/\/api.w.org\/{rel}","templated":true}]}}