{"id":16435,"date":"2026-02-20T15:50:39","date_gmt":"2026-02-20T15:50:39","guid":{"rendered":"https:\/\/www.cfaebooks.com\/?post_type=product&#038;p=16435"},"modified":"2026-04-03T08:09:28","modified_gmt":"2026-04-03T08:09:28","slug":"cfa-2026-uworld-question-bank-level-1","status":"publish","type":"product","link":"https:\/\/www.cfaebooks.com\/pl\/products\/cfa-2026-uworld-question-bank-level-1\/","title":{"rendered":"CFA 2026 UWorld Question Bank Level 1"},"content":{"rendered":"<p>Na sprzeda\u017c jest e-book <strong>CFA 2026 UWorld Question Bank Level 1<\/strong>.<\/p>\n\n\n\n<p>W tym nast\u0119puj\u0105ce tematy:<\/p>\n\n\n\n<ol class=\"wp-block-list\">\n<li><strong>Metody ilo\u015bciowe<\/strong><\/li>\n\n\n\n<li><strong>Ekonomia<\/strong><\/li>\n\n\n\n<li><strong>Emitenci korporacyjni<\/strong><\/li>\n\n\n\n<li><strong>Analiza sprawozda\u0144 finansowych<\/strong><\/li>\n\n\n\n<li><strong>Inwestycje kapita\u0142owe<\/strong><\/li>\n\n\n\n<li><strong>Sta\u0142y doch\u00f3d<\/strong><\/li>\n\n\n\n<li><strong>Instrumenty pochodne<\/strong><\/li>\n\n\n\n<li><strong>Inwestycje alternatywne<\/strong><\/li>\n\n\n\n<li><strong>Zarz\u0105dzanie portfelem<\/strong><\/li>\n\n\n\n<li><strong>Etyka<\/strong><\/li>\n<\/ol>\n\n\n\n<p>Tekst mo\u017cna przeszukiwa\u0107 za pomoc\u0105 funkcji wyszukiwania na klawiaturze komputera \"ctrl + f\" oraz poprzez wyszukiwanie na smartfonie\/tablecie. Nie s\u0105 to fizyczne ksi\u0105\u017cki, lecz cyfrowe kopie w formacie PDF. Nie dokonuj zakupu, je\u015bli chcesz otrzyma\u0107 fizyczn\u0105 kopi\u0119.<\/p>\n\n\n\n<p>Po dokonaniu p\u0142atno\u015bci mo\u017cesz natychmiast pobra\u0107 eBook.<\/p>","protected":false},"excerpt":{"rendered":"<p>For sale is an e-Book CFA 2026 UWorld Question Bank Level 1. Including the following topics: The text is searchable using the find feature on your computer keyboard \u2018ctrl+f\u2019 and through search on your smartphone\/tablet. These are not physical books they are PDF digital copies. Please do not purchase if you want a physical hard [&hellip;]<\/p>\n","protected":false},"featured_media":16447,"comment_status":"closed","ping_status":"closed","template":"","meta":[],"product_brand":[],"product_cat":[260],"product_tag":[369,93,88,90,370,87,91,166,92,365,408,162,395],"class_list":{"0":"post-16435","1":"product","2":"type-product","3":"status-publish","4":"has-post-thumbnail","6":"product_cat-cfa-level-1","7":"product_tag-cfa-2026","8":"product_tag-cfa-books","9":"product_tag-cfa-ebooks","10":"product_tag-cfa-exam","11":"product_tag-cfa-level-1-2026","12":"product_tag-cfa-level-i","13":"product_tag-cfa-prep","14":"product_tag-cfa-question-bank","15":"product_tag-cfa-test","16":"product_tag-cfa-uworld","17":"product_tag-cfa-uworld-qbank","18":"product_tag-qbank","19":"product_tag-uworld-qbank","21":"first","22":"instock","23":"downloadable","24":"virtual","25":"sold-individually","26":"purchasable","27":"product-type-simple"},"_links":{"self":[{"href":"https:\/\/www.cfaebooks.com\/pl\/wp-json\/wp\/v2\/product\/16435","targetHints":{"allow":["GET"]}}],"collection":[{"href":"https:\/\/www.cfaebooks.com\/pl\/wp-json\/wp\/v2\/product"}],"about":[{"href":"https:\/\/www.cfaebooks.com\/pl\/wp-json\/wp\/v2\/types\/product"}],"replies":[{"embeddable":true,"href":"https:\/\/www.cfaebooks.com\/pl\/wp-json\/wp\/v2\/comments?post=16435"}],"wp:featuredmedia":[{"embeddable":true,"href":"https:\/\/www.cfaebooks.com\/pl\/wp-json\/wp\/v2\/media\/16447"}],"wp:attachment":[{"href":"https:\/\/www.cfaebooks.com\/pl\/wp-json\/wp\/v2\/media?parent=16435"}],"wp:term":[{"taxonomy":"product_brand","embeddable":true,"href":"https:\/\/www.cfaebooks.com\/pl\/wp-json\/wp\/v2\/product_brand?post=16435"},{"taxonomy":"product_cat","embeddable":true,"href":"https:\/\/www.cfaebooks.com\/pl\/wp-json\/wp\/v2\/product_cat?post=16435"},{"taxonomy":"product_tag","embeddable":true,"href":"https:\/\/www.cfaebooks.com\/pl\/wp-json\/wp\/v2\/product_tag?post=16435"}],"curies":[{"name":"wp","href":"https:\/\/api.w.org\/{rel}","templated":true}]}}