{"id":15941,"date":"2026-01-19T14:53:28","date_gmt":"2026-01-19T14:53:28","guid":{"rendered":"https:\/\/www.cfaebooks.com\/?post_type=product&#038;p=15941"},"modified":"2026-04-03T08:09:20","modified_gmt":"2026-04-03T08:09:20","slug":"cfa-2025-2026-level-1-quintedge-question-bank-and-mock-exam","status":"publish","type":"product","link":"https:\/\/www.cfaebooks.com\/pl\/products\/cfa-2025-2026-level-1-quintedge-question-bank-and-mock-exam\/","title":{"rendered":"CFA 2026 Level 1 QuintEdge Question Bank and Mock Exam"},"content":{"rendered":"<p>Na sprzeda\u017c jest e-book <strong>CFA 2026 Level 1 QuintEdge Question Bank and Mock Exam<\/strong> PDF.<\/p>\n\n\n\n<ul class=\"wp-block-list\">\n<li>The package includes&nbsp;<strong>QBank<\/strong> oraz <strong>2 Mock Exams<\/strong>.<\/li>\n\n\n\n<li>Includes a total of 1,130 questions and answers.<\/li>\n\n\n\n<li>Includes seperate file for questions and answers so that you can do questions then compare your answers.<\/li>\n<\/ul>\n\n\n\n<p>Obj\u0119ty temat:<\/p>\n\n\n\n<ul class=\"wp-block-list\">\n<li><strong>Metody ilo\u015bciowe<\/strong><\/li>\n\n\n\n<li><strong>Ekonomia<\/strong><\/li>\n\n\n\n<li><strong>Emitenci korporacyjni<\/strong><\/li>\n\n\n\n<li><strong>Analiza sprawozda\u0144 finansowych<\/strong><\/li>\n\n\n\n<li><strong>Inwestycje kapita\u0142owe<\/strong><\/li>\n\n\n\n<li><strong>Sta\u0142y doch\u00f3d<\/strong><\/li>\n\n\n\n<li><strong>Instrumenty pochodne<\/strong><\/li>\n\n\n\n<li><strong>Inwestycje alternatywne<\/strong><\/li>\n\n\n\n<li><strong>Zarz\u0105dzanie portfelem<\/strong><\/li>\n\n\n\n<li><strong>Standardy etyczne i zawodowe<\/strong><\/li>\n<\/ul>\n\n\n\n<p>Tekst mo\u017cna przeszukiwa\u0107 za pomoc\u0105 funkcji wyszukiwania na klawiaturze komputera \"ctrl + f\" oraz poprzez wyszukiwanie na smartfonie\/tablecie. Nie s\u0105 to fizyczne ksi\u0105\u017cki, lecz cyfrowe kopie w formacie PDF. Nie dokonuj zakupu, je\u015bli chcesz otrzyma\u0107 fizyczn\u0105 kopi\u0119.<\/p>\n\n\n\n<p>Po dokonaniu p\u0142atno\u015bci mo\u017cesz natychmiast pobra\u0107 eBook.<\/p>","protected":false},"excerpt":{"rendered":"<p>For sale is an e-Book CFA 2026 Level 1 QuintEdge Question Bank and Mock Exam PDF. Topic covered: The text is searchable using the find feature on your computer keyboard \u2018ctrl+f\u2019 and through search on your smartphone\/tablet. These are not physical books they are PDF digital copies. Please do not purchase if you want a [&hellip;]<\/p>\n","protected":false},"featured_media":15943,"comment_status":"closed","ping_status":"closed","template":"","meta":[],"product_brand":[],"product_cat":[260],"product_tag":[369,93,88,90,370,87,361,91,166,92,176,162,407],"class_list":{"0":"post-15941","1":"product","2":"type-product","3":"status-publish","4":"has-post-thumbnail","6":"product_cat-cfa-level-1","7":"product_tag-cfa-2026","8":"product_tag-cfa-books","9":"product_tag-cfa-ebooks","10":"product_tag-cfa-exam","11":"product_tag-cfa-level-1-2026","12":"product_tag-cfa-level-i","13":"product_tag-cfa-mock-exams","14":"product_tag-cfa-prep","15":"product_tag-cfa-question-bank","16":"product_tag-cfa-test","17":"product_tag-mock-exam","18":"product_tag-qbank","19":"product_tag-quintedge","21":"first","22":"instock","23":"downloadable","24":"virtual","25":"sold-individually","26":"purchasable","27":"product-type-simple"},"_links":{"self":[{"href":"https:\/\/www.cfaebooks.com\/pl\/wp-json\/wp\/v2\/product\/15941","targetHints":{"allow":["GET"]}}],"collection":[{"href":"https:\/\/www.cfaebooks.com\/pl\/wp-json\/wp\/v2\/product"}],"about":[{"href":"https:\/\/www.cfaebooks.com\/pl\/wp-json\/wp\/v2\/types\/product"}],"replies":[{"embeddable":true,"href":"https:\/\/www.cfaebooks.com\/pl\/wp-json\/wp\/v2\/comments?post=15941"}],"wp:featuredmedia":[{"embeddable":true,"href":"https:\/\/www.cfaebooks.com\/pl\/wp-json\/wp\/v2\/media\/15943"}],"wp:attachment":[{"href":"https:\/\/www.cfaebooks.com\/pl\/wp-json\/wp\/v2\/media?parent=15941"}],"wp:term":[{"taxonomy":"product_brand","embeddable":true,"href":"https:\/\/www.cfaebooks.com\/pl\/wp-json\/wp\/v2\/product_brand?post=15941"},{"taxonomy":"product_cat","embeddable":true,"href":"https:\/\/www.cfaebooks.com\/pl\/wp-json\/wp\/v2\/product_cat?post=15941"},{"taxonomy":"product_tag","embeddable":true,"href":"https:\/\/www.cfaebooks.com\/pl\/wp-json\/wp\/v2\/product_tag?post=15941"}],"curies":[{"name":"wp","href":"https:\/\/api.w.org\/{rel}","templated":true}]}}