{"id":15362,"date":"2025-12-08T04:55:56","date_gmt":"2025-12-08T04:55:56","guid":{"rendered":"https:\/\/www.cfaebooks.com\/?post_type=product&#038;p=15362"},"modified":"2026-04-03T08:08:07","modified_gmt":"2026-04-03T08:08:07","slug":"2026-cfa-level-2-schweser-question-bank-module-quiz-checkpoint-exam-and-topic-quiz","status":"publish","type":"product","link":"https:\/\/www.cfaebooks.com\/pl\/products\/2026-cfa-level-2-schweser-question-bank-module-quiz-checkpoint-exam-and-topic-quiz\/","title":{"rendered":"2026 CFA Level 2 Schweser Question Bank, Module Quiz, Checkpoint Exam and Topic Quiz"},"content":{"rendered":"<p>For sale is an e-Book CFA 2026 Level 2 Schweser Question Bank, Module Quiz,  Checkpoint Exam and Topic Quiz.<\/p>\n\n\n\n<p><strong>Obejmuje nast\u0119puj\u0105ce tematy:<\/strong><\/p>\n\n\n\n<ol class=\"wp-block-list\">\n<li><em>Metody ilo\u015bciowe<\/em><\/li>\n\n\n\n<li><em>Ekonomia<\/em><\/li>\n\n\n\n<li><em>Analiza sprawozda\u0144 finansowych<\/em><\/li>\n\n\n\n<li><em>Emitenci korporacyjni<\/em><\/li>\n\n\n\n<li><em>Wycena kapita\u0142u w\u0142asnego<\/em><\/li>\n\n\n\n<li><em>Sta\u0142y doch\u00f3d<\/em><\/li>\n\n\n\n<li><em>Instrumenty pochodne<\/em><\/li>\n\n\n\n<li><em>Inwestycje alternatywne<\/em><\/li>\n\n\n\n<li><em>Zarz\u0105dzanie portfelem<\/em><\/li>\n\n\n\n<li><em>Ethics and Professional Standards<\/em>.<\/li>\n<\/ol>\n\n\n\n<ul class=\"wp-block-list\">\n<li>Zawiera oddzielny plik z pytaniami i odpowiedziami, dzi\u0119ki czemu mo\u017cna zadawa\u0107 pytania, a nast\u0119pnie por\u00f3wnywa\u0107 odpowiedzi.<\/li>\n\n\n\n<li>Tekst mo\u017cna przeszukiwa\u0107 za pomoc\u0105 funkcji wyszukiwania na klawiaturze komputera \"ctrl+f\" oraz poprzez wyszukiwanie na smartfonie\/tablecie.<\/li>\n\n\n\n<li>Nie jest to fizyczna ksi\u0105\u017cka, lecz cyfrowa kopia w formacie PDF. Nie dokonuj zakupu, je\u015bli chcesz otrzyma\u0107 fizyczn\u0105 kopi\u0119.<\/li>\n\n\n\n<li>Po dokonaniu p\u0142atno\u015bci mo\u017cesz natychmiast pobra\u0107 e-booka.<\/li>\n<\/ul>","protected":false},"excerpt":{"rendered":"<p>For sale is an e-Book CFA 2026 Level 2 Schweser Question Bank, Module Quiz, Checkpoint Exam and Topic Quiz. Includes the following topics:<\/p>","protected":false},"featured_media":15363,"comment_status":"closed","ping_status":"closed","template":"","meta":[],"product_brand":[],"product_cat":[266],"product_tag":[369,93,88,90,178,375,91,166,92,162,161,394,163],"class_list":{"0":"post-15362","1":"product","2":"type-product","3":"status-publish","4":"has-post-thumbnail","6":"product_cat-cfa-level-2","7":"product_tag-cfa-2026","8":"product_tag-cfa-books","9":"product_tag-cfa-ebooks","10":"product_tag-cfa-exam","11":"product_tag-cfa-level-2","12":"product_tag-cfa-level-2-2026","13":"product_tag-cfa-prep","14":"product_tag-cfa-question-bank","15":"product_tag-cfa-test","16":"product_tag-qbank","17":"product_tag-question-bank","18":"product_tag-schweser","19":"product_tag-schweser-qbank","21":"first","22":"instock","23":"downloadable","24":"virtual","25":"sold-individually","26":"purchasable","27":"product-type-simple"},"_links":{"self":[{"href":"https:\/\/www.cfaebooks.com\/pl\/wp-json\/wp\/v2\/product\/15362","targetHints":{"allow":["GET"]}}],"collection":[{"href":"https:\/\/www.cfaebooks.com\/pl\/wp-json\/wp\/v2\/product"}],"about":[{"href":"https:\/\/www.cfaebooks.com\/pl\/wp-json\/wp\/v2\/types\/product"}],"replies":[{"embeddable":true,"href":"https:\/\/www.cfaebooks.com\/pl\/wp-json\/wp\/v2\/comments?post=15362"}],"wp:featuredmedia":[{"embeddable":true,"href":"https:\/\/www.cfaebooks.com\/pl\/wp-json\/wp\/v2\/media\/15363"}],"wp:attachment":[{"href":"https:\/\/www.cfaebooks.com\/pl\/wp-json\/wp\/v2\/media?parent=15362"}],"wp:term":[{"taxonomy":"product_brand","embeddable":true,"href":"https:\/\/www.cfaebooks.com\/pl\/wp-json\/wp\/v2\/product_brand?post=15362"},{"taxonomy":"product_cat","embeddable":true,"href":"https:\/\/www.cfaebooks.com\/pl\/wp-json\/wp\/v2\/product_cat?post=15362"},{"taxonomy":"product_tag","embeddable":true,"href":"https:\/\/www.cfaebooks.com\/pl\/wp-json\/wp\/v2\/product_tag?post=15362"}],"curies":[{"name":"wp","href":"https:\/\/api.w.org\/{rel}","templated":true}]}}