{"id":14339,"date":"2025-10-13T01:11:39","date_gmt":"2025-10-13T01:11:39","guid":{"rendered":"https:\/\/www.cfaebooks.com\/?post_type=product&#038;p=14339"},"modified":"2026-04-03T08:06:52","modified_gmt":"2026-04-03T08:06:52","slug":"2026-cfa-level-1-finquiz-question-bank","status":"publish","type":"product","link":"https:\/\/www.cfaebooks.com\/pl\/products\/2026-cfa-level-1-finquiz-question-bank\/","title":{"rendered":"2026 CFA Level 1 Finquiz Question Bank"},"content":{"rendered":"<p>Na sprzeda\u017c jest e-book <strong>2026 Bank pyta\u0144 CFA Finquiz poziom 1 <\/strong>PDF.<\/p>\n\n\n\n<ul class=\"wp-block-list\">\n<li>Obj\u0119ty temat:\n<ol class=\"wp-block-list\">\n<li>Metody ilo\u015bciowe<\/li>\n\n\n\n<li>Ekonomia<\/li>\n\n\n\n<li>Emitenci korporacyjni<\/li>\n\n\n\n<li>Analiza sprawozda\u0144 finansowych<\/li>\n\n\n\n<li>Inwestycje kapita\u0142owe<\/li>\n\n\n\n<li>Sta\u0142y doch\u00f3d<\/li>\n\n\n\n<li>Inwestycje w instrumenty pochodne<\/li>\n\n\n\n<li>Inwestycje alternatywne <\/li>\n\n\n\n<li>Zarz\u0105dzanie portfelem<\/li>\n\n\n\n<li>Standardy etyczne i zawodowe<\/li>\n<\/ol>\n<\/li>\n\n\n\n<li>Zawiera osobny plik z pytaniami i odpowiedziami, dzi\u0119ki czemu mo\u017cna zadawa\u0107 pytania, a nast\u0119pnie por\u00f3wnywa\u0107 odpowiedzi. <\/li>\n\n\n\n<li>Tekst mo\u017cna przeszukiwa\u0107 za pomoc\u0105 funkcji wyszukiwania na klawiaturze komputera \"ctrl+f\" oraz poprzez wyszukiwanie na smartfonie\/tablecie.<\/li>\n\n\n\n<li>Nie jest to fizyczna ksi\u0105\u017cka, lecz cyfrowa kopia w formacie PDF. Nie dokonuj zakupu, je\u015bli chcesz otrzyma\u0107 fizyczn\u0105 kopi\u0119.<\/li>\n\n\n\n<li>Po dokonaniu p\u0142atno\u015bci mo\u017cesz natychmiast pobra\u0107 e-booka.<\/li>\n<\/ul>","protected":false},"excerpt":{"rendered":"<p>Na sprzeda\u017c jest e-book 2026 CFA Finquiz Question Bank Level 1 PDF.<\/p>","protected":false},"featured_media":14340,"comment_status":"closed","ping_status":"closed","template":"","meta":[],"product_brand":[],"product_cat":[260],"product_tag":[369,93,88,90,370,87,91,92,162,161,163],"class_list":{"0":"post-14339","1":"product","2":"type-product","3":"status-publish","4":"has-post-thumbnail","6":"product_cat-cfa-level-1","7":"product_tag-cfa-2026","8":"product_tag-cfa-books","9":"product_tag-cfa-ebooks","10":"product_tag-cfa-exam","11":"product_tag-cfa-level-1-2026","12":"product_tag-cfa-level-i","13":"product_tag-cfa-prep","14":"product_tag-cfa-test","15":"product_tag-qbank","16":"product_tag-question-bank","17":"product_tag-schweser-qbank","19":"first","20":"instock","21":"downloadable","22":"virtual","23":"sold-individually","24":"purchasable","25":"product-type-simple"},"_links":{"self":[{"href":"https:\/\/www.cfaebooks.com\/pl\/wp-json\/wp\/v2\/product\/14339","targetHints":{"allow":["GET"]}}],"collection":[{"href":"https:\/\/www.cfaebooks.com\/pl\/wp-json\/wp\/v2\/product"}],"about":[{"href":"https:\/\/www.cfaebooks.com\/pl\/wp-json\/wp\/v2\/types\/product"}],"replies":[{"embeddable":true,"href":"https:\/\/www.cfaebooks.com\/pl\/wp-json\/wp\/v2\/comments?post=14339"}],"wp:featuredmedia":[{"embeddable":true,"href":"https:\/\/www.cfaebooks.com\/pl\/wp-json\/wp\/v2\/media\/14340"}],"wp:attachment":[{"href":"https:\/\/www.cfaebooks.com\/pl\/wp-json\/wp\/v2\/media?parent=14339"}],"wp:term":[{"taxonomy":"product_brand","embeddable":true,"href":"https:\/\/www.cfaebooks.com\/pl\/wp-json\/wp\/v2\/product_brand?post=14339"},{"taxonomy":"product_cat","embeddable":true,"href":"https:\/\/www.cfaebooks.com\/pl\/wp-json\/wp\/v2\/product_cat?post=14339"},{"taxonomy":"product_tag","embeddable":true,"href":"https:\/\/www.cfaebooks.com\/pl\/wp-json\/wp\/v2\/product_tag?post=14339"}],"curies":[{"name":"wp","href":"https:\/\/api.w.org\/{rel}","templated":true}]}}