{"id":14110,"date":"2025-10-04T23:22:50","date_gmt":"2025-10-04T23:22:50","guid":{"rendered":"https:\/\/www.cfaebooks.com\/?post_type=product&#038;p=14110"},"modified":"2026-04-03T08:06:25","modified_gmt":"2026-04-03T08:06:25","slug":"2026-cfa-level-1-schweser-prerequisite-program-notes-qbank-video","status":"publish","type":"product","link":"https:\/\/www.cfaebooks.com\/pl\/products\/2026-cfa-level-1-schweser-prerequisite-program-notes-qbank-video\/","title":{"rendered":"Program przygotowuj\u0105cy do egzaminu CFA Level 1 Schweser 2026 (notatki, baza pyta\u0144, materia\u0142y wideo)"},"content":{"rendered":"<p>Na sprzeda\u017c jest 2026 CFA Schweser Prerequisite Program Level 1 (Notatki, Qbank, Video).<\/p>\n\n\n\n<p>Obejmuje nast\u0119puj\u0105ce tematy:&nbsp;<\/p>\n\n\n\n<ul class=\"wp-block-list\">\n<li><strong>Metody ilo\u015bciowe<\/strong><\/li>\n\n\n\n<li><strong>Ekonomia<\/strong><\/li>\n\n\n\n<li><strong>Analiza sprawozda\u0144 finansowych<\/strong>. <\/li>\n<\/ul>\n\n\n\n<p>W opakowaniu znajduj\u0105 si\u0119 mi\u0119dzy innymi <strong>Notatki, bank pyta\u0144 i wyk\u0142ady wideo<\/strong><\/p>\n\n\n\n<ul class=\"wp-block-list\">\n<li>Qbank: zawiera oddzielny plik z pytaniami i odpowiedziami, dzi\u0119ki czemu mo\u017cna zadawa\u0107 pytania, a nast\u0119pnie por\u00f3wnywa\u0107 odpowiedzi.<\/li>\n\n\n\n<li>Tekst mo\u017cna przeszukiwa\u0107 za pomoc\u0105 funkcji wyszukiwania na klawiaturze komputera \"ctrl+f\" oraz poprzez wyszukiwanie na smartfonie\/tablecie.<\/li>\n\n\n\n<li>Po dokonaniu p\u0142atno\u015bci mo\u017cesz natychmiast pobra\u0107 plik.<\/li>\n<\/ul>","protected":false},"excerpt":{"rendered":"<p>For sale is the 2026 CFA Schweser Prerequisite Program Level 1 (Notes, Qbank, Video). Includes the following topics:&nbsp; In the package, it including Notes, Question Bank and Video Lectures<\/p>","protected":false},"featured_media":14111,"comment_status":"closed","ping_status":"closed","template":"","meta":[],"product_brand":[],"product_cat":[260,269],"product_tag":[369,378,93,88,370,91,158,272,179,271,270],"class_list":{"0":"post-14110","1":"product","2":"type-product","3":"status-publish","4":"has-post-thumbnail","6":"product_cat-cfa-level-1","7":"product_cat-cfa-video-lectures","8":"product_tag-cfa-2026","9":"product_tag-cfa-2026-video-lectures","10":"product_tag-cfa-books","11":"product_tag-cfa-ebooks","12":"product_tag-cfa-level-1-2026","13":"product_tag-cfa-prep","14":"product_tag-kaplan-schweser","15":"product_tag-prerequisite-program","16":"product_tag-schweser-notes","17":"product_tag-video-lectures","18":"product_tag-video-lessons","20":"first","21":"instock","22":"downloadable","23":"virtual","24":"sold-individually","25":"purchasable","26":"product-type-simple"},"_links":{"self":[{"href":"https:\/\/www.cfaebooks.com\/pl\/wp-json\/wp\/v2\/product\/14110","targetHints":{"allow":["GET"]}}],"collection":[{"href":"https:\/\/www.cfaebooks.com\/pl\/wp-json\/wp\/v2\/product"}],"about":[{"href":"https:\/\/www.cfaebooks.com\/pl\/wp-json\/wp\/v2\/types\/product"}],"replies":[{"embeddable":true,"href":"https:\/\/www.cfaebooks.com\/pl\/wp-json\/wp\/v2\/comments?post=14110"}],"wp:featuredmedia":[{"embeddable":true,"href":"https:\/\/www.cfaebooks.com\/pl\/wp-json\/wp\/v2\/media\/14111"}],"wp:attachment":[{"href":"https:\/\/www.cfaebooks.com\/pl\/wp-json\/wp\/v2\/media?parent=14110"}],"wp:term":[{"taxonomy":"product_brand","embeddable":true,"href":"https:\/\/www.cfaebooks.com\/pl\/wp-json\/wp\/v2\/product_brand?post=14110"},{"taxonomy":"product_cat","embeddable":true,"href":"https:\/\/www.cfaebooks.com\/pl\/wp-json\/wp\/v2\/product_cat?post=14110"},{"taxonomy":"product_tag","embeddable":true,"href":"https:\/\/www.cfaebooks.com\/pl\/wp-json\/wp\/v2\/product_tag?post=14110"}],"curies":[{"name":"wp","href":"https:\/\/api.w.org\/{rel}","templated":true}]}}