{"id":14088,"date":"2025-10-04T15:00:57","date_gmt":"2025-10-04T15:00:57","guid":{"rendered":"https:\/\/www.cfaebooks.com\/?post_type=product&#038;p=14088"},"modified":"2026-04-03T08:06:14","modified_gmt":"2026-04-03T08:06:14","slug":"cfa-2026-level-3-salt-solutions-mock-exams-portfolio-management-pathway","status":"publish","type":"product","link":"https:\/\/www.cfaebooks.com\/pl\/products\/cfa-2026-level-3-salt-solutions-mock-exams-portfolio-management-pathway\/","title":{"rendered":"Egzaminy pr\u00f3bne CFA 2026 poziom 3 Salt Solutions (\u015bcie\u017cka zarz\u0105dzania portfelem)"},"content":{"rendered":"<p>Na sprzeda\u017c jest e-Book 2026 CFA Salt Solutions Mock Exams Level 3 Portfolio Management Pathway PDF.<\/p>\n\n\n\n<ul class=\"wp-block-list\">\n<li>W tym <strong>3 pr\u00f3bne egzaminy<\/strong>, ka\u017cdy z <strong>2 sesje<\/strong>.<\/li>\n\n\n\n<li>Zawiera oddzielny plik z pytaniami i odpowiedziami, dzi\u0119ki czemu mo\u017cna zadawa\u0107 pytania, a nast\u0119pnie por\u00f3wnywa\u0107 odpowiedzi.<\/li>\n\n\n\n<li>Tekst mo\u017cna przeszukiwa\u0107 za pomoc\u0105 funkcji wyszukiwania na klawiaturze komputera \"ctrl+f\" oraz poprzez wyszukiwanie na smartfonie\/tablecie.<\/li>\n\n\n\n<li>Nie jest to fizyczna ksi\u0105\u017cka, lecz cyfrowa kopia w formacie PDF. Nie dokonuj zakupu, je\u015bli chcesz otrzyma\u0107 fizyczn\u0105 kopi\u0119.<\/li>\n\n\n\n<li>Po dokonaniu zakupu mo\u017cesz natychmiast pobra\u0107 e-booka.<\/li>\n<\/ul>\n\n\n\n<p><\/p>","protected":false},"excerpt":{"rendered":"<p>Na sprzeda\u017c jest e-Book 2026 CFA Salt Solutions Mock Exams Level 3 Portfolio Management Pathway PDF.<\/p>","protected":false},"featured_media":14089,"comment_status":"closed","ping_status":"closed","template":"","meta":[],"product_brand":[],"product_cat":[265],"product_tag":[369,93,88,90,180,371,361,311,91,363,92],"class_list":{"0":"post-14088","1":"product","2":"type-product","3":"status-publish","4":"has-post-thumbnail","6":"product_cat-cfa-level-3","7":"product_tag-cfa-2026","8":"product_tag-cfa-books","9":"product_tag-cfa-ebooks","10":"product_tag-cfa-exam","11":"product_tag-cfa-level-3","12":"product_tag-cfa-level-3-2026","13":"product_tag-cfa-mock-exams","14":"product_tag-cfa-mocks","15":"product_tag-cfa-prep","16":"product_tag-cfa-study-notes","17":"product_tag-cfa-test","19":"first","20":"instock","21":"downloadable","22":"virtual","23":"sold-individually","24":"purchasable","25":"product-type-simple"},"_links":{"self":[{"href":"https:\/\/www.cfaebooks.com\/pl\/wp-json\/wp\/v2\/product\/14088","targetHints":{"allow":["GET"]}}],"collection":[{"href":"https:\/\/www.cfaebooks.com\/pl\/wp-json\/wp\/v2\/product"}],"about":[{"href":"https:\/\/www.cfaebooks.com\/pl\/wp-json\/wp\/v2\/types\/product"}],"replies":[{"embeddable":true,"href":"https:\/\/www.cfaebooks.com\/pl\/wp-json\/wp\/v2\/comments?post=14088"}],"wp:featuredmedia":[{"embeddable":true,"href":"https:\/\/www.cfaebooks.com\/pl\/wp-json\/wp\/v2\/media\/14089"}],"wp:attachment":[{"href":"https:\/\/www.cfaebooks.com\/pl\/wp-json\/wp\/v2\/media?parent=14088"}],"wp:term":[{"taxonomy":"product_brand","embeddable":true,"href":"https:\/\/www.cfaebooks.com\/pl\/wp-json\/wp\/v2\/product_brand?post=14088"},{"taxonomy":"product_cat","embeddable":true,"href":"https:\/\/www.cfaebooks.com\/pl\/wp-json\/wp\/v2\/product_cat?post=14088"},{"taxonomy":"product_tag","embeddable":true,"href":"https:\/\/www.cfaebooks.com\/pl\/wp-json\/wp\/v2\/product_tag?post=14088"}],"curies":[{"name":"wp","href":"https:\/\/api.w.org\/{rel}","templated":true}]}}