{"id":14040,"date":"2025-10-04T01:08:10","date_gmt":"2025-10-04T01:08:10","guid":{"rendered":"https:\/\/www.cfaebooks.com\/?post_type=product&#038;p=14040"},"modified":"2026-04-03T08:06:03","modified_gmt":"2026-04-03T08:06:03","slug":"cfa-2026-level-1-salt-solutions-question-bank-and-mock-exams","status":"publish","type":"product","link":"https:\/\/www.cfaebooks.com\/pl\/products\/cfa-2026-level-1-salt-solutions-question-bank-and-mock-exams\/","title":{"rendered":"CFA 2026 Level 1 Salt Solutions Bank pyta\u0144 i pr\u00f3bne egzaminy"},"content":{"rendered":"<p>Na sprzeda\u017c jest e-Book 2026 CFA Level 1 Salt Solutions Question Bank and Mock Exams PDF.<\/p>\n\n\n\n<ul class=\"wp-block-list\">\n<li>Zawiera ponad 1000 pyta\u0144 z odpowiedziami<\/li>\n\n\n\n<li>Obejmuje 3 pr\u00f3bne egzaminy, ka\u017cdy z 2 sesjami.<\/li>\n\n\n\n<li>Obejmowa\u0142 10 temat\u00f3w:&nbsp;\n<ul class=\"wp-block-list\">\n<li><em><strong>Metody ilo\u015bciowe<\/strong><\/em><\/li>\n\n\n\n<li><em><strong>Ekonomia<\/strong><\/em><\/li>\n\n\n\n<li><em><strong>Emitenci korporacyjni<\/strong><\/em><\/li>\n\n\n\n<li><em><strong>Analiza sprawozda\u0144 finansowych<\/strong><\/em><\/li>\n\n\n\n<li><em><strong>Akcje<\/strong><\/em><\/li>\n\n\n\n<li><em><strong>Sta\u0142y doch\u00f3d<\/strong><\/em><\/li>\n\n\n\n<li><em><strong>Instrumenty pochodne<\/strong><\/em><\/li>\n\n\n\n<li><em><strong>Inwestycje alternatywne<\/strong><\/em><\/li>\n\n\n\n<li><em><strong>Zarz\u0105dzanie portfelem<\/strong><\/em><\/li>\n\n\n\n<li><em><strong>Etyka.<\/strong><\/em><\/li>\n<\/ul>\n<\/li>\n\n\n\n<li>Zawiera oddzielny plik z pytaniami i odpowiedziami, dzi\u0119ki czemu mo\u017cna zadawa\u0107 pytania, a nast\u0119pnie por\u00f3wnywa\u0107 odpowiedzi.<\/li>\n\n\n\n<li>Tekst mo\u017cna przeszukiwa\u0107 za pomoc\u0105 funkcji wyszukiwania na klawiaturze komputera \"ctrl+f\" oraz poprzez wyszukiwanie na smartfonie\/tablecie.<\/li>\n\n\n\n<li>Nie jest to fizyczna ksi\u0105\u017cka, lecz cyfrowa kopia w formacie PDF. Nie dokonuj zakupu, je\u015bli chcesz otrzyma\u0107 fizyczn\u0105 kopi\u0119.<\/li>\n\n\n\n<li>Po dokonaniu zakupu mo\u017cesz natychmiast pobra\u0107 e-booka.<\/li>\n<\/ul>","protected":false},"excerpt":{"rendered":"<p>Na sprzeda\u017c jest e-Book 2026 CFA Level 1 Salt Solutions Question Bank and Mock Exams PDF.<\/p>","protected":false},"featured_media":14042,"comment_status":"closed","ping_status":"closed","template":"","meta":[],"product_brand":[],"product_cat":[260],"product_tag":[369,93,88,90,370,87,361,311,91,166,92,176,162,377],"class_list":{"0":"post-14040","1":"product","2":"type-product","3":"status-publish","4":"has-post-thumbnail","6":"product_cat-cfa-level-1","7":"product_tag-cfa-2026","8":"product_tag-cfa-books","9":"product_tag-cfa-ebooks","10":"product_tag-cfa-exam","11":"product_tag-cfa-level-1-2026","12":"product_tag-cfa-level-i","13":"product_tag-cfa-mock-exams","14":"product_tag-cfa-mocks","15":"product_tag-cfa-prep","16":"product_tag-cfa-question-bank","17":"product_tag-cfa-test","18":"product_tag-mock-exam","19":"product_tag-qbank","20":"product_tag-salt-solutions","22":"first","23":"instock","24":"downloadable","25":"virtual","26":"sold-individually","27":"purchasable","28":"product-type-simple"},"_links":{"self":[{"href":"https:\/\/www.cfaebooks.com\/pl\/wp-json\/wp\/v2\/product\/14040","targetHints":{"allow":["GET"]}}],"collection":[{"href":"https:\/\/www.cfaebooks.com\/pl\/wp-json\/wp\/v2\/product"}],"about":[{"href":"https:\/\/www.cfaebooks.com\/pl\/wp-json\/wp\/v2\/types\/product"}],"replies":[{"embeddable":true,"href":"https:\/\/www.cfaebooks.com\/pl\/wp-json\/wp\/v2\/comments?post=14040"}],"wp:featuredmedia":[{"embeddable":true,"href":"https:\/\/www.cfaebooks.com\/pl\/wp-json\/wp\/v2\/media\/14042"}],"wp:attachment":[{"href":"https:\/\/www.cfaebooks.com\/pl\/wp-json\/wp\/v2\/media?parent=14040"}],"wp:term":[{"taxonomy":"product_brand","embeddable":true,"href":"https:\/\/www.cfaebooks.com\/pl\/wp-json\/wp\/v2\/product_brand?post=14040"},{"taxonomy":"product_cat","embeddable":true,"href":"https:\/\/www.cfaebooks.com\/pl\/wp-json\/wp\/v2\/product_cat?post=14040"},{"taxonomy":"product_tag","embeddable":true,"href":"https:\/\/www.cfaebooks.com\/pl\/wp-json\/wp\/v2\/product_tag?post=14040"}],"curies":[{"name":"wp","href":"https:\/\/api.w.org\/{rel}","templated":true}]}}