{"id":13376,"date":"2025-08-13T12:36:47","date_gmt":"2025-08-13T12:36:47","guid":{"rendered":"https:\/\/www.cfaebooks.com\/?post_type=product&#038;p=13376"},"modified":"2026-04-03T08:05:19","modified_gmt":"2026-04-03T08:05:19","slug":"cfa-2026-ift-study-notes-poziom-3-sciezka-zarzadzania-portfelem-z-arkuszem-wzorow","status":"publish","type":"product","link":"https:\/\/www.cfaebooks.com\/pl\/products\/cfa-2026-ift-study-notes-poziom-3-sciezka-zarzadzania-portfelem-z-arkuszem-wzorow\/","title":{"rendered":"CFA 2026 IFT Study Notes Poziom 3 \u015acie\u017cka zarz\u0105dzania portfelem z arkuszem wzor\u00f3w"},"content":{"rendered":"<p>Na sprzeda\u017c jest e-book 2026 CFA Level 3 IFT Study Notes Portfolio Management Pathway with Formula Sheet PDF.<\/p>\n\n\n\n<p>Obejmuje nast\u0119puj\u0105ce tematy:<\/p>\n\n\n\n<ul class=\"wp-block-list\">\n<li>Tom 1 - Alokacja aktyw\u00f3w<\/li>\n\n\n\n<li><em>Tom 2 - Budowa portfela<\/em><\/li>\n\n\n\n<li><em>Tom 3 - Pomiar wydajno\u015bci<\/em><\/li>\n\n\n\n<li><em>Tom 4 - Instrumenty pochodne i zarz\u0105dzanie ryzykiem<\/em><\/li>\n\n\n\n<li><em>Tom 5 - Standardy etyczne i zawodowe<\/em><\/li>\n\n\n\n<li>\u015acie\u017cka zarz\u0105dzania portfelem<\/li>\n\n\n\n<li><em>Arkusz fakt\u00f3w i formu\u0142y 2026 poziomu III<\/em><\/li>\n<\/ul>\n\n\n\n<p>Tekst mo\u017cna przeszukiwa\u0107 za pomoc\u0105 funkcji wyszukiwania na klawiaturze komputera \"ctrl f\" oraz poprzez wyszukiwanie na smartfonie\/tablecie.<\/p>\n\n\n\n<p>Otrzymasz szczeg\u00f3\u0142owe notatki do nauki obejmuj\u0105ce wszystkie LOS, w tym:&nbsp;<strong><em>Podsumowanie ka\u017cdego czytania i przyk\u0142ady<\/em><\/strong><\/p>\n\n\n\n<ul class=\"wp-block-list\">\n<li>Po dokonaniu p\u0142atno\u015bci mo\u017cesz natychmiast pobra\u0107 e-booka.<\/li>\n\n\n\n<li>Nie jest to fizyczna ksi\u0105\u017cka, lecz cyfrowa kopia w formacie PDF. Nie kupuj, je\u015bli chcesz otrzyma\u0107 fizyczn\u0105 kopi\u0119.<\/li>\n<\/ul>\n\n\n\n<p><\/p>","protected":false},"excerpt":{"rendered":"<p>For sale is an e-Book 2026 CFA Level 3 IFT Study Notes Portfolio Management Pathway with Formula Sheet PDF. Includes the following topics: The text is searchable using the find feature on your computer keyboard &#8216;ctrl f&#8217; and through search on your smartphone\/tablet. You will get detailed Study Notes covering all LOS, and which include:&nbsp;Summary [&hellip;]<\/p>\n","protected":false},"featured_media":13377,"comment_status":"closed","ping_status":"closed","template":"","meta":[],"product_brand":[],"product_cat":[265],"product_tag":[369,93,88,90,180,371,91,363,92,372,168],"class_list":{"0":"post-13376","1":"product","2":"type-product","3":"status-publish","4":"has-post-thumbnail","6":"product_cat-cfa-level-3","7":"product_tag-cfa-2026","8":"product_tag-cfa-books","9":"product_tag-cfa-ebooks","10":"product_tag-cfa-exam","11":"product_tag-cfa-level-3","12":"product_tag-cfa-level-3-2026","13":"product_tag-cfa-prep","14":"product_tag-cfa-study-notes","15":"product_tag-cfa-test","16":"product_tag-ift-study-notes","17":"product_tag-study-notes","19":"first","20":"instock","21":"downloadable","22":"virtual","23":"sold-individually","24":"purchasable","25":"product-type-simple"},"_links":{"self":[{"href":"https:\/\/www.cfaebooks.com\/pl\/wp-json\/wp\/v2\/product\/13376","targetHints":{"allow":["GET"]}}],"collection":[{"href":"https:\/\/www.cfaebooks.com\/pl\/wp-json\/wp\/v2\/product"}],"about":[{"href":"https:\/\/www.cfaebooks.com\/pl\/wp-json\/wp\/v2\/types\/product"}],"replies":[{"embeddable":true,"href":"https:\/\/www.cfaebooks.com\/pl\/wp-json\/wp\/v2\/comments?post=13376"}],"wp:featuredmedia":[{"embeddable":true,"href":"https:\/\/www.cfaebooks.com\/pl\/wp-json\/wp\/v2\/media\/13377"}],"wp:attachment":[{"href":"https:\/\/www.cfaebooks.com\/pl\/wp-json\/wp\/v2\/media?parent=13376"}],"wp:term":[{"taxonomy":"product_brand","embeddable":true,"href":"https:\/\/www.cfaebooks.com\/pl\/wp-json\/wp\/v2\/product_brand?post=13376"},{"taxonomy":"product_cat","embeddable":true,"href":"https:\/\/www.cfaebooks.com\/pl\/wp-json\/wp\/v2\/product_cat?post=13376"},{"taxonomy":"product_tag","embeddable":true,"href":"https:\/\/www.cfaebooks.com\/pl\/wp-json\/wp\/v2\/product_tag?post=13376"}],"curies":[{"name":"wp","href":"https:\/\/api.w.org\/{rel}","templated":true}]}}