{"id":12974,"date":"2025-06-26T08:21:49","date_gmt":"2025-06-26T08:21:49","guid":{"rendered":"https:\/\/www.cfaebooks.com\/?post_type=product&#038;p=12974"},"modified":"2026-04-03T08:05:11","modified_gmt":"2026-04-03T08:05:11","slug":"2026-cfa-program-nauczania-poziom-1-zestaw-pudelkowy","status":"publish","type":"product","link":"https:\/\/www.cfaebooks.com\/pl\/products\/2026-cfa-program-nauczania-poziom-1-zestaw-pudelkowy\/","title":{"rendered":"2026 Program nauczania CFA Poziom 1 Zestaw pude\u0142kowy"},"content":{"rendered":"<p>Na sprzeda\u017c jest e-Book 2026 CFA Program Curriculum Level I Box Set.<\/p>\n\n\n\n<p>Tomy obejmuj\u0105:<\/p>\n\n\n\n<ul class=\"wp-block-list\">\n<li>Tom 1: Metody ilo\u015bciowe<\/li>\n\n\n\n<li>Tom 2: Ekonomia<\/li>\n\n\n\n<li>Tom 3: Emitenci korporacyjni<\/li>\n\n\n\n<li>Tom 4: Analiza sprawozda\u0144 finansowych<\/li>\n\n\n\n<li>Tom 5: Inwestycje kapita\u0142owe<\/li>\n\n\n\n<li>Tom 6: Sta\u0142y doch\u00f3d<\/li>\n\n\n\n<li>Tom 7:  Instrumenty pochodne<\/li>\n\n\n\n<li>Tom 8: Inwestycje alternatywne<\/li>\n\n\n\n<li>Tom 9: Zarz\u0105dzanie portfelem<\/li>\n\n\n\n<li>Tom 10: Standardy etyczne i zawodowe&nbsp;<\/li>\n<\/ul>\n\n\n\n<p>To nie jest fizyczna ksi\u0105\u017cka, to plik PDF w wersji cyfrowej. Nie dokonuj zakupu, je\u015bli chcesz otrzyma\u0107 fizyczn\u0105 wersj\u0119 papierow\u0105. Po dokonaniu zakupu mo\u017cesz natychmiast pobra\u0107 e-booka.<\/p>","protected":false},"excerpt":{"rendered":"<p>For sale is an e-Book 2026 CFA Program Curriculum Level I Box Set. Volumes include: This is not a physical book it is a&nbsp;PDF&nbsp;digital. Please do not purchase if you want a physical hard copy. After checkout you can download the e-Book immediately.<\/p>","protected":false},"featured_media":12980,"comment_status":"closed","ping_status":"closed","template":"","meta":[],"product_brand":[],"product_cat":[260],"product_tag":[369,93,88,90,370,87,91,89,92,241,168],"class_list":{"0":"post-12974","1":"product","2":"type-product","3":"status-publish","4":"has-post-thumbnail","6":"product_cat-cfa-level-1","7":"product_tag-cfa-2026","8":"product_tag-cfa-books","9":"product_tag-cfa-ebooks","10":"product_tag-cfa-exam","11":"product_tag-cfa-level-1-2026","12":"product_tag-cfa-level-i","13":"product_tag-cfa-prep","14":"product_tag-cfa-program-curriculum","15":"product_tag-cfa-test","16":"product_tag-level-1","17":"product_tag-study-notes","19":"first","20":"instock","21":"downloadable","22":"virtual","23":"sold-individually","24":"purchasable","25":"product-type-simple"},"_links":{"self":[{"href":"https:\/\/www.cfaebooks.com\/pl\/wp-json\/wp\/v2\/product\/12974","targetHints":{"allow":["GET"]}}],"collection":[{"href":"https:\/\/www.cfaebooks.com\/pl\/wp-json\/wp\/v2\/product"}],"about":[{"href":"https:\/\/www.cfaebooks.com\/pl\/wp-json\/wp\/v2\/types\/product"}],"replies":[{"embeddable":true,"href":"https:\/\/www.cfaebooks.com\/pl\/wp-json\/wp\/v2\/comments?post=12974"}],"wp:featuredmedia":[{"embeddable":true,"href":"https:\/\/www.cfaebooks.com\/pl\/wp-json\/wp\/v2\/media\/12980"}],"wp:attachment":[{"href":"https:\/\/www.cfaebooks.com\/pl\/wp-json\/wp\/v2\/media?parent=12974"}],"wp:term":[{"taxonomy":"product_brand","embeddable":true,"href":"https:\/\/www.cfaebooks.com\/pl\/wp-json\/wp\/v2\/product_brand?post=12974"},{"taxonomy":"product_cat","embeddable":true,"href":"https:\/\/www.cfaebooks.com\/pl\/wp-json\/wp\/v2\/product_cat?post=12974"},{"taxonomy":"product_tag","embeddable":true,"href":"https:\/\/www.cfaebooks.com\/pl\/wp-json\/wp\/v2\/product_tag?post=12974"}],"curies":[{"name":"wp","href":"https:\/\/api.w.org\/{rel}","templated":true}]}}