{"id":12941,"date":"2025-06-22T05:08:46","date_gmt":"2025-06-22T05:08:46","guid":{"rendered":"https:\/\/www.cfaebooks.com\/?post_type=product&#038;p=12941"},"modified":"2026-04-03T08:05:05","modified_gmt":"2026-04-03T08:05:05","slug":"caia-2025-poziom-2-bank-pytan-uppermark-crq-i-pytania-do-eseju-2","status":"publish","type":"product","link":"https:\/\/www.cfaebooks.com\/pl\/products\/caia-2025-poziom-2-bank-pytan-uppermark-crq-i-pytania-do-eseju-2\/","title":{"rendered":"CAIA 2025 Level 2 UpperMark Question Bank, CRQ i pytania eseistyczne"},"content":{"rendered":"<p>Na sprzeda\u017c jest e-book 2025 CAIA Level 2 UpperMark Question Bank, CRQ i Essay Questions.<\/p>\n\n\n\n<p><strong>Bank test\u00f3w zawiera ponad 2000 pyta\u0144 ze szczeg\u00f3\u0142owymi odpowiedziami.<\/strong><\/p>\n\n\n\n<p><strong>Pytania konstruktywnej odpowiedzi<\/strong> (CRQ)<\/p>\n\n\n\n<p><strong>Pytania eseistyczne z modelowymi odpowiedziami<\/strong><\/p>\n\n\n\n<p><strong>QBank Obj\u0119te tematy:<\/strong><\/p>\n\n\n\n<ul class=\"wp-block-list\">\n<li>Temat 1 Instytucjonalni w\u0142a\u015bciciele aktyw\u00f3w i polityka inwestycyjna<\/li>\n\n\n\n<li>Temat 2 Alokacja aktyw\u00f3w<\/li>\n\n\n\n<li>Temat 3 Ryzyko i zarz\u0105dzanie ryzykiem<\/li>\n\n\n\n<li>Temat 4 Metody i modele<\/li>\n\n\n\n<li>Temat 5 Dost\u0119p do inwestycji alternatywnych<\/li>\n\n\n\n<li>Temat 6 Analiza due diligence i wyb\u00f3r mened\u017cer\u00f3w<\/li>\n\n\n\n<li>Temat 7 Zmienno\u015b\u0107 i z\u0142o\u017cone strategie<\/li>\n<\/ul>\n\n\n\n<p><strong>Temat obj\u0119ty CRQ:<\/strong><\/p>\n\n\n\n<ul class=\"wp-block-list\">\n<li>Temat 1 Instytucjonalni w\u0142a\u015bciciele aktyw\u00f3w i polityka inwestycyjna<\/li>\n\n\n\n<li>Temat 2 Alokacja aktyw\u00f3w<\/li>\n\n\n\n<li>Temat 3 Ryzyko i zarz\u0105dzanie ryzykiem<\/li>\n\n\n\n<li>Temat 4 Metody i modele<\/li>\n\n\n\n<li>Temat 5 Dost\u0119p do inwestycji alternatywnych<\/li>\n\n\n\n<li>Temat 6 Analiza due diligence i wyb\u00f3r mened\u017cer\u00f3w<\/li>\n\n\n\n<li>Temat 7 Zmienno\u015b\u0107 i z\u0142o\u017cone strategie<\/li>\n\n\n\n<li>Temat 8 Rozwa\u017cania dotycz\u0105ce inwestycji uniwersalnych<\/li>\n\n\n\n<li>Temat 9 Pojawiaj\u0105ce si\u0119 tematy<\/li>\n<\/ul>\n\n\n\n<p>Nie jest to fizyczna ksi\u0105\u017cka, lecz cyfrowa kopia w formacie PDF. Nie dokonuj zakupu, je\u015bli chcesz otrzyma\u0107 fizyczn\u0105 kopi\u0119. Po dokonaniu zakupu mo\u017cesz natychmiast pobra\u0107 e-booka.<\/p>","protected":false},"excerpt":{"rendered":"<p>For sale is an e-Book 2025 CAIA Level 2 UpperMark Question Bank, CRQ and Essay Questions. The test bank includes over 2,000 questions with detailed answers. Constructive Response Questions (CRQ) Essay Questions with Model Answers QBank Topic covered: CRQ Topic covered: This is not a physical book it is a&nbsp;PDF&nbsp;digital copy. Please do not purchase [&hellip;]<\/p>\n","protected":false},"featured_media":12942,"comment_status":"closed","ping_status":"closed","template":"","meta":[],"product_brand":[],"product_cat":[318],"product_tag":[247,319,251,368,250,248,253,252,330,331,249],"class_list":{"0":"post-12941","1":"product","2":"type-product","3":"status-publish","4":"has-post-thumbnail","6":"product_cat-caia-level-2","7":"product_tag-caia","8":"product_tag-caia-2025","9":"product_tag-caia-books","10":"product_tag-caia-crq","11":"product_tag-caia-ebooks","12":"product_tag-caia-exam","13":"product_tag-caia-level-ii","14":"product_tag-caia-prep","15":"product_tag-caia-qbank","16":"product_tag-caia-question-bank","17":"product_tag-caia-test","19":"first","20":"instock","21":"downloadable","22":"virtual","23":"sold-individually","24":"purchasable","25":"product-type-simple"},"_links":{"self":[{"href":"https:\/\/www.cfaebooks.com\/pl\/wp-json\/wp\/v2\/product\/12941","targetHints":{"allow":["GET"]}}],"collection":[{"href":"https:\/\/www.cfaebooks.com\/pl\/wp-json\/wp\/v2\/product"}],"about":[{"href":"https:\/\/www.cfaebooks.com\/pl\/wp-json\/wp\/v2\/types\/product"}],"replies":[{"embeddable":true,"href":"https:\/\/www.cfaebooks.com\/pl\/wp-json\/wp\/v2\/comments?post=12941"}],"wp:featuredmedia":[{"embeddable":true,"href":"https:\/\/www.cfaebooks.com\/pl\/wp-json\/wp\/v2\/media\/12942"}],"wp:attachment":[{"href":"https:\/\/www.cfaebooks.com\/pl\/wp-json\/wp\/v2\/media?parent=12941"}],"wp:term":[{"taxonomy":"product_brand","embeddable":true,"href":"https:\/\/www.cfaebooks.com\/pl\/wp-json\/wp\/v2\/product_brand?post=12941"},{"taxonomy":"product_cat","embeddable":true,"href":"https:\/\/www.cfaebooks.com\/pl\/wp-json\/wp\/v2\/product_cat?post=12941"},{"taxonomy":"product_tag","embeddable":true,"href":"https:\/\/www.cfaebooks.com\/pl\/wp-json\/wp\/v2\/product_tag?post=12941"}],"curies":[{"name":"wp","href":"https:\/\/api.w.org\/{rel}","templated":true}]}}