{"id":12937,"date":"2025-06-22T04:58:36","date_gmt":"2025-06-22T04:58:36","guid":{"rendered":"https:\/\/www.cfaebooks.com\/?post_type=product&#038;p=12937"},"modified":"2026-04-03T08:05:01","modified_gmt":"2026-04-03T08:05:01","slug":"caia-2025-uppermark-mock-exams-level-1","status":"publish","type":"product","link":"https:\/\/www.cfaebooks.com\/pl\/products\/caia-2025-uppermark-mock-exams-level-1\/","title":{"rendered":"Egzaminy pr\u00f3bne CAIA 2025 UpperMark, poziom 1"},"content":{"rendered":"<p>Na sprzeda\u017c jest e-book 2025 CAIA UpperMark Mock Exams Level 1.<\/p>\n\n\n\n<p><strong>W zestawie znajduj\u0105 si\u0119 <strong>4 pe\u0142ne egzaminy pr\u00f3bne<\/strong>Ka\u017cda z nich sk\u0142ada si\u0119 z dw\u00f3ch sesji - zaprojektowanych tak, aby odzwierciedla\u0142y rzeczywisty format egzaminu CAIA na poziomie I.<\/strong><\/p>\n\n\n\n<p><strong>Zawiera odpowied\u017a na ka\u017cde pytanie.<\/strong><\/p>\n\n\n\n<p>Nie jest to fizyczna ksi\u0105\u017cka, lecz cyfrowa kopia w formacie PDF. Nie dokonuj zakupu, je\u015bli chcesz otrzyma\u0107 fizyczn\u0105 kopi\u0119. Po dokonaniu zakupu mo\u017cesz natychmiast pobra\u0107 e-booka.<\/p>","protected":false},"excerpt":{"rendered":"<p>For sale is an e-Book 2025 CAIA UpperMark Mock Exams Level 1. Included are 4 full mock exams, each with two sessions\u2014designed to mirror the actual CAIA Level I exam format. Includes an answer for every question. This is not a physical book it is a&nbsp;PDF&nbsp;digital copy. Please do not purchase if you want a [&hellip;]<\/p>\n","protected":false},"featured_media":12938,"comment_status":"closed","ping_status":"closed","template":"","meta":[],"product_brand":[],"product_cat":[317],"product_tag":[247,319,251,250,248,246,252,249],"class_list":{"0":"post-12937","1":"product","2":"type-product","3":"status-publish","4":"has-post-thumbnail","6":"product_cat-caia-level-1","7":"product_tag-caia","8":"product_tag-caia-2025","9":"product_tag-caia-books","10":"product_tag-caia-ebooks","11":"product_tag-caia-exam","12":"product_tag-caia-level-i","13":"product_tag-caia-prep","14":"product_tag-caia-test","16":"first","17":"instock","18":"downloadable","19":"virtual","20":"sold-individually","21":"purchasable","22":"product-type-simple"},"_links":{"self":[{"href":"https:\/\/www.cfaebooks.com\/pl\/wp-json\/wp\/v2\/product\/12937","targetHints":{"allow":["GET"]}}],"collection":[{"href":"https:\/\/www.cfaebooks.com\/pl\/wp-json\/wp\/v2\/product"}],"about":[{"href":"https:\/\/www.cfaebooks.com\/pl\/wp-json\/wp\/v2\/types\/product"}],"replies":[{"embeddable":true,"href":"https:\/\/www.cfaebooks.com\/pl\/wp-json\/wp\/v2\/comments?post=12937"}],"wp:featuredmedia":[{"embeddable":true,"href":"https:\/\/www.cfaebooks.com\/pl\/wp-json\/wp\/v2\/media\/12938"}],"wp:attachment":[{"href":"https:\/\/www.cfaebooks.com\/pl\/wp-json\/wp\/v2\/media?parent=12937"}],"wp:term":[{"taxonomy":"product_brand","embeddable":true,"href":"https:\/\/www.cfaebooks.com\/pl\/wp-json\/wp\/v2\/product_brand?post=12937"},{"taxonomy":"product_cat","embeddable":true,"href":"https:\/\/www.cfaebooks.com\/pl\/wp-json\/wp\/v2\/product_cat?post=12937"},{"taxonomy":"product_tag","embeddable":true,"href":"https:\/\/www.cfaebooks.com\/pl\/wp-json\/wp\/v2\/product_tag?post=12937"}],"curies":[{"name":"wp","href":"https:\/\/api.w.org\/{rel}","templated":true}]}}