{"id":12889,"date":"2025-06-21T01:24:57","date_gmt":"2025-06-21T01:24:57","guid":{"rendered":"https:\/\/www.cfaebooks.com\/?post_type=product&#038;p=12889"},"modified":"2026-04-03T08:04:47","modified_gmt":"2026-04-03T08:04:47","slug":"cfa-2025-uworld-bank-pytan-poziom-3-sciezka-zarzadzania-portfelem","status":"publish","type":"product","link":"https:\/\/www.cfaebooks.com\/pl\/products\/cfa-2025-uworld-bank-pytan-poziom-3-sciezka-zarzadzania-portfelem\/","title":{"rendered":"CFA 2025 UWorld Bank pyta\u0144 Poziom 3 Zarz\u0105dzanie portfelem (MCQ + CRQ)"},"content":{"rendered":"<p>Na sprzeda\u017c jest e-book\u00a0<strong>2025 CFA UWorld Bank pyta\u0144 Poziom 3 \u015acie\u017cka zarz\u0105dzania portfelem<\/strong>\u00a0PDF.<\/p>\n\n\n\n<p>Zawiera <strong>MCQ i CRQ<\/strong>przy czym ka\u017cda cz\u0119\u015b\u0107 obejmuje <strong>podstawowe tematy i \u015bcie\u017cka zarz\u0105dzania portfelem<\/strong> pytania i odpowiedzi.<\/p>\n\n\n\n<p>Obejmuje nast\u0119puj\u0105ce tematy:&nbsp;<\/p>\n\n\n\n<ul class=\"wp-block-list\">\n<li>Alokacja aktyw\u00f3w<\/li>\n\n\n\n<li>Budowa portfela<\/li>\n\n\n\n<li>Zarz\u0105dzanie wydajno\u015bci\u0105<\/li>\n\n\n\n<li>Instrumenty pochodne i zarz\u0105dzanie ryzykiem<\/li>\n\n\n\n<li>Standardy etyczne i zawodowe<\/li>\n\n\n\n<li><strong>\u015acie\u017cka zarz\u0105dzania portfelem<\/strong><\/li>\n<\/ul>\n\n\n\n<p>Tekst mo\u017cna przeszukiwa\u0107 za pomoc\u0105 funkcji wyszukiwania na klawiaturze komputera \"ctrl + f\" oraz poprzez wyszukiwanie na smartfonie\/tablecie. Po dokonaniu p\u0142atno\u015bci mo\u017cna natychmiast pobra\u0107 bank pyta\u0144.<\/p>","protected":false},"excerpt":{"rendered":"<p>For sale is an e-Book\u00a02025 CFA UWorld Question bank Level 3 Portfolio management pathway\u00a0PDF. Includes MCQs and CRQs, with each part covering core topics and Portfolio management pathway questions and answers. Includes the following topics:&nbsp; The text is searchable using the find feature on your computer keyboard \u2018ctrl+f\u2019 and through search on your smartphone\/tablet. After [&hellip;]<\/p>\n","protected":false},"featured_media":12900,"comment_status":"closed","ping_status":"closed","template":"","meta":[],"product_brand":[],"product_cat":[265],"product_tag":[261,93,88,90,180,91,166,92,365],"class_list":{"0":"post-12889","1":"product","2":"type-product","3":"status-publish","4":"has-post-thumbnail","6":"product_cat-cfa-level-3","7":"product_tag-cfa-2025","8":"product_tag-cfa-books","9":"product_tag-cfa-ebooks","10":"product_tag-cfa-exam","11":"product_tag-cfa-level-3","12":"product_tag-cfa-prep","13":"product_tag-cfa-question-bank","14":"product_tag-cfa-test","15":"product_tag-cfa-uworld","17":"first","18":"instock","19":"downloadable","20":"virtual","21":"sold-individually","22":"purchasable","23":"product-type-simple"},"_links":{"self":[{"href":"https:\/\/www.cfaebooks.com\/pl\/wp-json\/wp\/v2\/product\/12889","targetHints":{"allow":["GET"]}}],"collection":[{"href":"https:\/\/www.cfaebooks.com\/pl\/wp-json\/wp\/v2\/product"}],"about":[{"href":"https:\/\/www.cfaebooks.com\/pl\/wp-json\/wp\/v2\/types\/product"}],"replies":[{"embeddable":true,"href":"https:\/\/www.cfaebooks.com\/pl\/wp-json\/wp\/v2\/comments?post=12889"}],"wp:featuredmedia":[{"embeddable":true,"href":"https:\/\/www.cfaebooks.com\/pl\/wp-json\/wp\/v2\/media\/12900"}],"wp:attachment":[{"href":"https:\/\/www.cfaebooks.com\/pl\/wp-json\/wp\/v2\/media?parent=12889"}],"wp:term":[{"taxonomy":"product_brand","embeddable":true,"href":"https:\/\/www.cfaebooks.com\/pl\/wp-json\/wp\/v2\/product_brand?post=12889"},{"taxonomy":"product_cat","embeddable":true,"href":"https:\/\/www.cfaebooks.com\/pl\/wp-json\/wp\/v2\/product_cat?post=12889"},{"taxonomy":"product_tag","embeddable":true,"href":"https:\/\/www.cfaebooks.com\/pl\/wp-json\/wp\/v2\/product_tag?post=12889"}],"curies":[{"name":"wp","href":"https:\/\/api.w.org\/{rel}","templated":true}]}}