{"id":12864,"date":"2025-06-20T14:20:18","date_gmt":"2025-06-20T14:20:18","guid":{"rendered":"https:\/\/www.cfaebooks.com\/?post_type=product&#038;p=12864"},"modified":"2026-04-03T08:04:27","modified_gmt":"2026-04-03T08:04:27","slug":"cfa-2025-uworld-video-lectures-level-3-private-markets-pathway","status":"publish","type":"product","link":"https:\/\/www.cfaebooks.com\/pl\/products\/cfa-2025-uworld-video-lectures-level-3-private-markets-pathway\/","title":{"rendered":"\u015acie\u017cka wyk\u0142ad\u00f3w wideo CFA 2025 UWorld na poziomie 3 dla rynk\u00f3w prywatnych"},"content":{"rendered":"<p>Na sprzeda\u017c jest <strong>2025 Wyk\u0142ady wideo CFA UWorld Poziom 3 \u015acie\u017cka rynk\u00f3w prywatnych<\/strong>.<\/p>\n\n\n\n<p>Obejmuje nast\u0119puj\u0105ce tematy:&nbsp;<\/p>\n\n\n\n<ul class=\"wp-block-list\">\n<li>Alokacja aktyw\u00f3w<\/li>\n\n\n\n<li>Budowa portfela<\/li>\n\n\n\n<li>Zarz\u0105dzanie wydajno\u015bci\u0105<\/li>\n\n\n\n<li>Instrumenty pochodne i zarz\u0105dzanie ryzykiem<\/li>\n\n\n\n<li>Standardy etyczne i zawodowe<\/li>\n\n\n\n<li><strong>\u015acie\u017cka rynk\u00f3w prywatnych<\/strong><\/li>\n<\/ul>\n\n\n\n<p>Wszystkie filmy s\u0105 w formacie .mp4. Po dokonaniu p\u0142atno\u015bci mo\u017cna natychmiast pobra\u0107 film.<\/p>","protected":false},"excerpt":{"rendered":"<p>For sale is the 2025 CFA UWorld Video Lectures Level 3 Private Markets Pathway. Includes the following topics:&nbsp; All videos are in .mp4 format. After checkout you can download the video immediately.<\/p>","protected":false},"featured_media":12865,"comment_status":"closed","ping_status":"closed","template":"","meta":[],"product_brand":[],"product_cat":[265,269],"product_tag":[261,93,88,90,180,91,92,365,271],"class_list":{"0":"post-12864","1":"product","2":"type-product","3":"status-publish","4":"has-post-thumbnail","6":"product_cat-cfa-level-3","7":"product_cat-cfa-video-lectures","8":"product_tag-cfa-2025","9":"product_tag-cfa-books","10":"product_tag-cfa-ebooks","11":"product_tag-cfa-exam","12":"product_tag-cfa-level-3","13":"product_tag-cfa-prep","14":"product_tag-cfa-test","15":"product_tag-cfa-uworld","16":"product_tag-video-lectures","18":"first","19":"instock","20":"downloadable","21":"virtual","22":"sold-individually","23":"purchasable","24":"product-type-simple"},"_links":{"self":[{"href":"https:\/\/www.cfaebooks.com\/pl\/wp-json\/wp\/v2\/product\/12864","targetHints":{"allow":["GET"]}}],"collection":[{"href":"https:\/\/www.cfaebooks.com\/pl\/wp-json\/wp\/v2\/product"}],"about":[{"href":"https:\/\/www.cfaebooks.com\/pl\/wp-json\/wp\/v2\/types\/product"}],"replies":[{"embeddable":true,"href":"https:\/\/www.cfaebooks.com\/pl\/wp-json\/wp\/v2\/comments?post=12864"}],"wp:featuredmedia":[{"embeddable":true,"href":"https:\/\/www.cfaebooks.com\/pl\/wp-json\/wp\/v2\/media\/12865"}],"wp:attachment":[{"href":"https:\/\/www.cfaebooks.com\/pl\/wp-json\/wp\/v2\/media?parent=12864"}],"wp:term":[{"taxonomy":"product_brand","embeddable":true,"href":"https:\/\/www.cfaebooks.com\/pl\/wp-json\/wp\/v2\/product_brand?post=12864"},{"taxonomy":"product_cat","embeddable":true,"href":"https:\/\/www.cfaebooks.com\/pl\/wp-json\/wp\/v2\/product_cat?post=12864"},{"taxonomy":"product_tag","embeddable":true,"href":"https:\/\/www.cfaebooks.com\/pl\/wp-json\/wp\/v2\/product_tag?post=12864"}],"curies":[{"name":"wp","href":"https:\/\/api.w.org\/{rel}","templated":true}]}}