{"id":12770,"date":"2025-06-06T04:47:19","date_gmt":"2025-06-06T04:47:19","guid":{"rendered":"https:\/\/www.cfaebooks.com\/?post_type=product&#038;p=12770"},"modified":"2026-04-03T08:04:20","modified_gmt":"2026-04-03T08:04:20","slug":"cfa-2025-analystprep-essays-level-3-all-pathways","status":"publish","type":"product","link":"https:\/\/www.cfaebooks.com\/pl\/products\/cfa-2025-analystprep-essays-level-3-all-pathways\/","title":{"rendered":"CFA 2025 AnalystPrep Essays Poziom 3 Wszystkie \u015bcie\u017cki"},"content":{"rendered":"<p>Na sprzeda\u017c jest e-book <strong>2025 CFA AnalystPrep Essays Poziom 3 Wszystkie \u015bcie\u017cki<\/strong> PDF.<\/p>\n\n\n\n<p>Obejmuje nast\u0119puj\u0105ce tematy:&nbsp;<\/p>\n\n\n\n<ul class=\"wp-block-list\">\n<li><strong>Rozdzia\u0142 1:<\/strong> Alokacja aktyw\u00f3w<\/li>\n\n\n\n<li><strong>Rozdzia\u0142 2:<\/strong> Budowa portfela<\/li>\n\n\n\n<li><strong>Rozdzia\u0142 3:<\/strong> Zarz\u0105dzanie wydajno\u015bci\u0105<\/li>\n\n\n\n<li><strong>Rozdzia\u0142 4:<\/strong> Instrumenty pochodne i zarz\u0105dzanie ryzykiem<\/li>\n\n\n\n<li><strong>Rozdzia\u0142 5:<\/strong> Standardy etyczne<\/li>\n\n\n\n<li><strong>\u015acie\u017cka zarz\u0105dzania portfelem<\/strong><\/li>\n\n\n\n<li><strong>\u015acie\u017cka rynk\u00f3w prywatnych<\/strong><\/li>\n\n\n\n<li><strong>\u015acie\u017cka prywatnego bogactwa<\/strong><\/li>\n<\/ul>\n\n\n\n<p>Nie jest to fizyczna ksi\u0105\u017cka, lecz cyfrowa kopia w formacie PDF. Nie dokonuj zakupu, je\u015bli chcesz otrzyma\u0107 fizyczn\u0105 kopi\u0119. Po dokonaniu zakupu mo\u017cesz natychmiast pobra\u0107 e-booka.<\/p>","protected":false},"excerpt":{"rendered":"<p>For sale is an e-Book 2025 CFA AnalystPrep Essays Level 3 All Pathways PDF. Includes the following topics:&nbsp; This is not a physical book it is a&nbsp;PDF&nbsp;digital copy. Please do not purchase if you want a physical hard copy. After checkout you can download the e-Book immediately.<\/p>","protected":false},"featured_media":12600,"comment_status":"closed","ping_status":"closed","template":"","meta":[],"product_brand":[],"product_cat":[265],"product_tag":[261,93,88,364,90,180,91,92],"class_list":{"0":"post-12770","1":"product","2":"type-product","3":"status-publish","4":"has-post-thumbnail","6":"product_cat-cfa-level-3","7":"product_tag-cfa-2025","8":"product_tag-cfa-books","9":"product_tag-cfa-ebooks","10":"product_tag-cfa-essays","11":"product_tag-cfa-exam","12":"product_tag-cfa-level-3","13":"product_tag-cfa-prep","14":"product_tag-cfa-test","16":"first","17":"instock","18":"downloadable","19":"virtual","20":"sold-individually","21":"purchasable","22":"product-type-simple"},"_links":{"self":[{"href":"https:\/\/www.cfaebooks.com\/pl\/wp-json\/wp\/v2\/product\/12770","targetHints":{"allow":["GET"]}}],"collection":[{"href":"https:\/\/www.cfaebooks.com\/pl\/wp-json\/wp\/v2\/product"}],"about":[{"href":"https:\/\/www.cfaebooks.com\/pl\/wp-json\/wp\/v2\/types\/product"}],"replies":[{"embeddable":true,"href":"https:\/\/www.cfaebooks.com\/pl\/wp-json\/wp\/v2\/comments?post=12770"}],"wp:featuredmedia":[{"embeddable":true,"href":"https:\/\/www.cfaebooks.com\/pl\/wp-json\/wp\/v2\/media\/12600"}],"wp:attachment":[{"href":"https:\/\/www.cfaebooks.com\/pl\/wp-json\/wp\/v2\/media?parent=12770"}],"wp:term":[{"taxonomy":"product_brand","embeddable":true,"href":"https:\/\/www.cfaebooks.com\/pl\/wp-json\/wp\/v2\/product_brand?post=12770"},{"taxonomy":"product_cat","embeddable":true,"href":"https:\/\/www.cfaebooks.com\/pl\/wp-json\/wp\/v2\/product_cat?post=12770"},{"taxonomy":"product_tag","embeddable":true,"href":"https:\/\/www.cfaebooks.com\/pl\/wp-json\/wp\/v2\/product_tag?post=12770"}],"curies":[{"name":"wp","href":"https:\/\/api.w.org\/{rel}","templated":true}]}}