{"id":12756,"date":"2025-06-06T04:09:23","date_gmt":"2025-06-06T04:09:23","guid":{"rendered":"https:\/\/www.cfaebooks.com\/?post_type=product&#038;p=12756"},"modified":"2026-04-03T08:04:14","modified_gmt":"2026-04-03T08:04:14","slug":"cfa-2025-analystprep-study-notes-with-formula-sheet-level-3-all-pathways","status":"publish","type":"product","link":"https:\/\/www.cfaebooks.com\/pl\/products\/cfa-2025-analystprep-study-notes-with-formula-sheet-level-3-all-pathways\/","title":{"rendered":"CFA 2025 AnalystPrep Study Notes z arkuszem wzor\u00f3w Poziom 3 Wszystkie \u015bcie\u017cki"},"content":{"rendered":"<p>Na sprzeda\u017c jest e-book <strong>2025 CFA AnalystPrep Notatki do nauki Poziom 3 z arkuszem wzor\u00f3w Wszystkie \u015bcie\u017cki<\/strong> PDF.<\/p>\n\n\n\n<p>Obejmuje nast\u0119puj\u0105ce tematy:&nbsp;<\/p>\n\n\n\n<ul class=\"wp-block-list\">\n<li><strong>Rozdzia\u0142 1:<\/strong> Alokacja aktyw\u00f3w<\/li>\n\n\n\n<li><strong>Rozdzia\u0142 2:<\/strong> Budowa portfela<\/li>\n\n\n\n<li><strong>Rozdzia\u0142 3:<\/strong> Zarz\u0105dzanie wydajno\u015bci\u0105<\/li>\n\n\n\n<li><strong>Rozdzia\u0142 4:<\/strong> Instrumenty pochodne i zarz\u0105dzanie ryzykiem<\/li>\n\n\n\n<li><strong>Rozdzia\u0142 5:<\/strong> Standardy etyczne<\/li>\n\n\n\n<li><strong>\u015acie\u017cka zarz\u0105dzania portfelem<\/strong><\/li>\n\n\n\n<li><strong>\u015acie\u017cka rynk\u00f3w prywatnych<\/strong><\/li>\n\n\n\n<li><strong>\u015acie\u017cka prywatnego bogactwa<\/strong><\/li>\n\n\n\n<li><strong>Arkusz formu\u0142y<\/strong><\/li>\n<\/ul>\n\n\n\n<p>Nie jest to fizyczna ksi\u0105\u017cka, lecz cyfrowa kopia w formacie PDF. Nie dokonuj zakupu, je\u015bli chcesz otrzyma\u0107 fizyczn\u0105 kopi\u0119. Po dokonaniu zakupu mo\u017cesz natychmiast pobra\u0107 e-booka.<\/p>","protected":false},"excerpt":{"rendered":"<p>For sale is an e-Book 2025 CFA AnalystPrep Study notes Level 3 with Formula sheet All pathways PDF. Includes the following topics:&nbsp; This is not a physical book it is a&nbsp;PDF&nbsp;digital copy. Please do not purchase if you want a physical hard copy. After checkout you can download the e-Book immediately.<\/p>","protected":false},"featured_media":12600,"comment_status":"closed","ping_status":"closed","template":"","meta":[],"product_brand":[],"product_cat":[265],"product_tag":[261,93,88,90,180,91,363,92,164,176,168],"class_list":{"0":"post-12756","1":"product","2":"type-product","3":"status-publish","4":"has-post-thumbnail","6":"product_cat-cfa-level-3","7":"product_tag-cfa-2025","8":"product_tag-cfa-books","9":"product_tag-cfa-ebooks","10":"product_tag-cfa-exam","11":"product_tag-cfa-level-3","12":"product_tag-cfa-prep","13":"product_tag-cfa-study-notes","14":"product_tag-cfa-test","15":"product_tag-formula-sheet","16":"product_tag-mock-exam","17":"product_tag-study-notes","19":"first","20":"instock","21":"downloadable","22":"virtual","23":"sold-individually","24":"purchasable","25":"product-type-simple"},"_links":{"self":[{"href":"https:\/\/www.cfaebooks.com\/pl\/wp-json\/wp\/v2\/product\/12756","targetHints":{"allow":["GET"]}}],"collection":[{"href":"https:\/\/www.cfaebooks.com\/pl\/wp-json\/wp\/v2\/product"}],"about":[{"href":"https:\/\/www.cfaebooks.com\/pl\/wp-json\/wp\/v2\/types\/product"}],"replies":[{"embeddable":true,"href":"https:\/\/www.cfaebooks.com\/pl\/wp-json\/wp\/v2\/comments?post=12756"}],"wp:featuredmedia":[{"embeddable":true,"href":"https:\/\/www.cfaebooks.com\/pl\/wp-json\/wp\/v2\/media\/12600"}],"wp:attachment":[{"href":"https:\/\/www.cfaebooks.com\/pl\/wp-json\/wp\/v2\/media?parent=12756"}],"wp:term":[{"taxonomy":"product_brand","embeddable":true,"href":"https:\/\/www.cfaebooks.com\/pl\/wp-json\/wp\/v2\/product_brand?post=12756"},{"taxonomy":"product_cat","embeddable":true,"href":"https:\/\/www.cfaebooks.com\/pl\/wp-json\/wp\/v2\/product_cat?post=12756"},{"taxonomy":"product_tag","embeddable":true,"href":"https:\/\/www.cfaebooks.com\/pl\/wp-json\/wp\/v2\/product_tag?post=12756"}],"curies":[{"name":"wp","href":"https:\/\/api.w.org\/{rel}","templated":true}]}}