{"id":12500,"date":"2025-05-02T03:18:12","date_gmt":"2025-05-02T03:18:12","guid":{"rendered":"https:\/\/www.cfaebooks.com\/?post_type=product&#038;p=12500"},"modified":"2026-04-03T08:03:44","modified_gmt":"2026-04-03T08:03:44","slug":"cfa-2025-ift-high-yield-study-notes-poziom-1","status":"publish","type":"product","link":"https:\/\/www.cfaebooks.com\/pl\/products\/cfa-2025-ift-high-yield-study-notes-poziom-1\/","title":{"rendered":"CFA 2025 IFT High Yield Study Notes Poziom 1"},"content":{"rendered":"<p>Na sprzeda\u017c jest e-book <strong>Obligacje wysokodochodowe 2025 CFA poziom 1 IFT <\/strong> PDF.<\/p>\n\n\n\n<p><strong>Uwzgl\u0119dniony temat:<\/strong><\/p>\n\n\n\n<ul class=\"wp-block-list\">\n<li><strong><em>Metody ilo\u015bciowe<\/em><\/strong><\/li>\n\n\n\n<li><strong><em>Ekonomia<\/em><\/strong><\/li>\n\n\n\n<li><strong><em>Emitenci korporacyjni<\/em><\/strong><\/li>\n\n\n\n<li><strong><em>Analiza sprawozda\u0144 finansowych<\/em><\/strong><\/li>\n\n\n\n<li><strong><em>Kapita\u0142 w\u0142asny<\/em> Inwestycje<\/strong><\/li>\n\n\n\n<li><strong><em>Sta\u0142y doch\u00f3d<\/em><\/strong><\/li>\n\n\n\n<li><strong><em>Instrumenty pochodne<\/em><\/strong><\/li>\n\n\n\n<li><strong><em>Inwestycje alternatywne<\/em><\/strong><\/li>\n\n\n\n<li><strong><em>Zarz\u0105dzanie portfelem<\/em><\/strong><\/li>\n\n\n\n<li><strong><strong><em>Standardy etyczne i zawodowe<\/em><\/strong>.<\/strong><\/li>\n<\/ul>\n\n\n\n<p>Po dokonaniu zakupu mo\u017cesz natychmiast pobra\u0107 e-booki. Nie s\u0105 to fizyczne ksi\u0105\u017cki, lecz cyfrowe kopie w formacie PDF. Nie dokonuj zakupu, je\u015bli chcesz otrzyma\u0107 fizyczn\u0105 kopi\u0119.<\/p>","protected":false},"excerpt":{"rendered":"<p>For sale is an e-Book 2025 CFA Level 1 IFT High Yield Notes PDF. Topic Included: After checkout you can download the e-Books immediately. These are not physical books they are PDF digital copies. Please do not purchase if you want a physical hard copy.<\/p>","protected":false},"featured_media":12501,"comment_status":"closed","ping_status":"closed","template":"","meta":[],"product_brand":[],"product_cat":[260],"product_tag":[261,93,90,87,311,91,92,335,167],"class_list":{"0":"post-12500","1":"product","2":"type-product","3":"status-publish","4":"has-post-thumbnail","6":"product_cat-cfa-level-1","7":"product_tag-cfa-2025","8":"product_tag-cfa-books","9":"product_tag-cfa-exam","10":"product_tag-cfa-level-i","11":"product_tag-cfa-mocks","12":"product_tag-cfa-prep","13":"product_tag-cfa-test","14":"product_tag-high-yield-notes","15":"product_tag-ift","17":"first","18":"instock","19":"downloadable","20":"virtual","21":"sold-individually","22":"purchasable","23":"product-type-simple"},"_links":{"self":[{"href":"https:\/\/www.cfaebooks.com\/pl\/wp-json\/wp\/v2\/product\/12500","targetHints":{"allow":["GET"]}}],"collection":[{"href":"https:\/\/www.cfaebooks.com\/pl\/wp-json\/wp\/v2\/product"}],"about":[{"href":"https:\/\/www.cfaebooks.com\/pl\/wp-json\/wp\/v2\/types\/product"}],"replies":[{"embeddable":true,"href":"https:\/\/www.cfaebooks.com\/pl\/wp-json\/wp\/v2\/comments?post=12500"}],"wp:featuredmedia":[{"embeddable":true,"href":"https:\/\/www.cfaebooks.com\/pl\/wp-json\/wp\/v2\/media\/12501"}],"wp:attachment":[{"href":"https:\/\/www.cfaebooks.com\/pl\/wp-json\/wp\/v2\/media?parent=12500"}],"wp:term":[{"taxonomy":"product_brand","embeddable":true,"href":"https:\/\/www.cfaebooks.com\/pl\/wp-json\/wp\/v2\/product_brand?post=12500"},{"taxonomy":"product_cat","embeddable":true,"href":"https:\/\/www.cfaebooks.com\/pl\/wp-json\/wp\/v2\/product_cat?post=12500"},{"taxonomy":"product_tag","embeddable":true,"href":"https:\/\/www.cfaebooks.com\/pl\/wp-json\/wp\/v2\/product_tag?post=12500"}],"curies":[{"name":"wp","href":"https:\/\/api.w.org\/{rel}","templated":true}]}}