{"id":12324,"date":"2025-04-09T06:07:10","date_gmt":"2025-04-09T06:07:10","guid":{"rendered":"https:\/\/www.cfaebooks.com\/?post_type=product&#038;p=12324"},"modified":"2026-04-03T08:03:27","modified_gmt":"2026-04-03T08:03:27","slug":"cfa-2025-schweser-probne-egzaminy-poziom-2","status":"publish","type":"product","link":"https:\/\/www.cfaebooks.com\/pl\/products\/cfa-2025-schweser-probne-egzaminy-poziom-2\/","title":{"rendered":"Egzaminy pr\u00f3bne CFA 2025 Schweser poziom 2"},"content":{"rendered":"<p>Na sprzeda\u017c jest e-book\u00a0<strong>2025 Pr\u00f3bne egzaminy CFA Schweser poziom 2<\/strong>\u00a0PDF<\/p>\n\n\n\n<ul class=\"wp-block-list\">\n<li>Zawiera 6 pr\u00f3bnych egzamin\u00f3w<\/li>\n\n\n\n<li>Ponad 500 pyta\u0144 i odpowiedzi<\/li>\n\n\n\n<li>Zawiera pytania i odpowiedzi na ka\u017cde pytanie<\/li>\n<\/ul>\n\n\n\n<p>Tekst mo\u017cna przeszukiwa\u0107 za pomoc\u0105 funkcji wyszukiwania na klawiaturze komputera \"ctrl+f\" oraz poprzez wyszukiwanie na smartfonie\/tablecie.<\/p>\n\n\n\n<p>Nie s\u0105 to fizyczne ksi\u0105\u017cki, lecz cyfrowe kopie w formacie PDF. Nie kupuj ich, je\u015bli chcesz otrzyma\u0107 fizyczn\u0105 kopi\u0119.<\/p>\n\n\n\n<p>Po dokonaniu zakupu mo\u017cesz natychmiast pobra\u0107 e-booki<\/p>","protected":false},"excerpt":{"rendered":"<p>For sale is an e-Book\u00a02025 CFA Schweser\u00a0Mock Exams Level 2\u00a0PDF The text is searchable using the find feature on your computer keyboard \u2018ctrl+f\u2019 and through search on your smartphone\/tablet These are not physical books they are PDF digital copies. Please do not purchase if you want a physical hard copy After checkout you can download [&hellip;]<\/p>\n","protected":false},"featured_media":12325,"comment_status":"closed","ping_status":"closed","template":"","meta":[],"product_brand":[],"product_cat":[266],"product_tag":[261,93,88,90,293,166,92],"class_list":{"0":"post-12324","1":"product","2":"type-product","3":"status-publish","4":"has-post-thumbnail","6":"product_cat-cfa-level-2","7":"product_tag-cfa-2025","8":"product_tag-cfa-books","9":"product_tag-cfa-ebooks","10":"product_tag-cfa-exam","11":"product_tag-cfa-level-2-2025","12":"product_tag-cfa-question-bank","13":"product_tag-cfa-test","15":"first","16":"instock","17":"downloadable","18":"virtual","19":"sold-individually","20":"purchasable","21":"product-type-simple"},"_links":{"self":[{"href":"https:\/\/www.cfaebooks.com\/pl\/wp-json\/wp\/v2\/product\/12324","targetHints":{"allow":["GET"]}}],"collection":[{"href":"https:\/\/www.cfaebooks.com\/pl\/wp-json\/wp\/v2\/product"}],"about":[{"href":"https:\/\/www.cfaebooks.com\/pl\/wp-json\/wp\/v2\/types\/product"}],"replies":[{"embeddable":true,"href":"https:\/\/www.cfaebooks.com\/pl\/wp-json\/wp\/v2\/comments?post=12324"}],"wp:featuredmedia":[{"embeddable":true,"href":"https:\/\/www.cfaebooks.com\/pl\/wp-json\/wp\/v2\/media\/12325"}],"wp:attachment":[{"href":"https:\/\/www.cfaebooks.com\/pl\/wp-json\/wp\/v2\/media?parent=12324"}],"wp:term":[{"taxonomy":"product_brand","embeddable":true,"href":"https:\/\/www.cfaebooks.com\/pl\/wp-json\/wp\/v2\/product_brand?post=12324"},{"taxonomy":"product_cat","embeddable":true,"href":"https:\/\/www.cfaebooks.com\/pl\/wp-json\/wp\/v2\/product_cat?post=12324"},{"taxonomy":"product_tag","embeddable":true,"href":"https:\/\/www.cfaebooks.com\/pl\/wp-json\/wp\/v2\/product_tag?post=12324"}],"curies":[{"name":"wp","href":"https:\/\/api.w.org\/{rel}","templated":true}]}}