{"id":12296,"date":"2025-04-07T08:35:34","date_gmt":"2025-04-07T08:35:34","guid":{"rendered":"https:\/\/www.cfaebooks.com\/?post_type=product&#038;p=12296"},"modified":"2026-04-03T08:03:15","modified_gmt":"2026-04-03T08:03:15","slug":"frm-2025-schweser-secret-sauce-part-2","status":"publish","type":"product","link":"https:\/\/www.cfaebooks.com\/pl\/products\/frm-2025-schweser-secret-sauce-part-2\/","title":{"rendered":"FRM 2025 Schweser Secret Sauce, cz\u0119\u015b\u0107 2"},"content":{"rendered":"<p>Na sprzeda\u017c jest e-Book 2025 FRM Schweser Secret Sauce Part 2 PDF.<\/p>\n\n\n\n<p><strong>Omawiane tematy:<\/strong><\/p>\n\n\n\n<ul class=\"wp-block-list\">\n<li><strong>Pomiar i zarz\u0105dzanie ryzykiem rynkowym<\/strong><\/li>\n\n\n\n<li><strong>Pomiar i zarz\u0105dzanie ryzykiem kredytowym<\/strong><\/li>\n\n\n\n<li><strong>Zarz\u0105dzanie ryzykiem operacyjnym i zintegrowanym<\/strong><\/li>\n\n\n\n<li><strong>Pomiar i zarz\u0105dzanie ryzykiem p\u0142ynno\u015bci i ryzykiem skarbowym<\/strong><\/li>\n\n\n\n<li><strong>Zarz\u0105dzanie ryzykiem i inwestycjami<\/strong><\/li>\n\n\n\n<li><strong>Bie\u017c\u0105ce zagadnienia na rynkach finansowych<\/strong><\/li>\n<\/ul>\n\n\n\n<p>Nie jest to fizyczna ksi\u0105\u017cka, lecz cyfrowa kopia w formacie PDF. Nie kupuj, je\u015bli chcesz otrzyma\u0107 fizyczn\u0105 kopi\u0119.<\/p>\n\n\n\n<p>Po dokonaniu zakupu mo\u017cesz natychmiast pobra\u0107 e-booka.<\/p>","protected":false},"excerpt":{"rendered":"<p>For sale is an e-Book 2025 FRM Schweser Secret Sauce Part 2 PDF. Topics Covered: This is not a physical book it is a&nbsp;PDF&nbsp;digital copy. Please do not purchase if you want a physical hard copy After checkout you can download the e-Book instantly.<\/p>","protected":false},"featured_media":12297,"comment_status":"closed","ping_status":"closed","template":"","meta":[],"product_brand":[],"product_cat":[325],"product_tag":[184,326,185,186,181,188,329,182,183],"class_list":{"0":"post-12296","1":"product","2":"type-product","3":"status-publish","4":"has-post-thumbnail","6":"product_cat-frm-part-2","7":"product_tag-frm","8":"product_tag-frm-2025","9":"product_tag-frm-books","10":"product_tag-frm-ebooks","11":"product_tag-frm-exam","12":"product_tag-frm-part-2","13":"product_tag-frm-part-2-2025","14":"product_tag-frm-prep","15":"product_tag-frm-test","17":"first","18":"instock","19":"downloadable","20":"virtual","21":"sold-individually","22":"purchasable","23":"product-type-simple"},"_links":{"self":[{"href":"https:\/\/www.cfaebooks.com\/pl\/wp-json\/wp\/v2\/product\/12296","targetHints":{"allow":["GET"]}}],"collection":[{"href":"https:\/\/www.cfaebooks.com\/pl\/wp-json\/wp\/v2\/product"}],"about":[{"href":"https:\/\/www.cfaebooks.com\/pl\/wp-json\/wp\/v2\/types\/product"}],"replies":[{"embeddable":true,"href":"https:\/\/www.cfaebooks.com\/pl\/wp-json\/wp\/v2\/comments?post=12296"}],"wp:featuredmedia":[{"embeddable":true,"href":"https:\/\/www.cfaebooks.com\/pl\/wp-json\/wp\/v2\/media\/12297"}],"wp:attachment":[{"href":"https:\/\/www.cfaebooks.com\/pl\/wp-json\/wp\/v2\/media?parent=12296"}],"wp:term":[{"taxonomy":"product_brand","embeddable":true,"href":"https:\/\/www.cfaebooks.com\/pl\/wp-json\/wp\/v2\/product_brand?post=12296"},{"taxonomy":"product_cat","embeddable":true,"href":"https:\/\/www.cfaebooks.com\/pl\/wp-json\/wp\/v2\/product_cat?post=12296"},{"taxonomy":"product_tag","embeddable":true,"href":"https:\/\/www.cfaebooks.com\/pl\/wp-json\/wp\/v2\/product_tag?post=12296"}],"curies":[{"name":"wp","href":"https:\/\/api.w.org\/{rel}","templated":true}]}}