{"id":12289,"date":"2025-04-07T08:07:32","date_gmt":"2025-04-07T08:07:32","guid":{"rendered":"https:\/\/www.cfaebooks.com\/?post_type=product&#038;p=12289"},"modified":"2026-04-03T08:03:11","modified_gmt":"2026-04-03T08:03:11","slug":"probne-egzaminy-frm-2025-czesc-3","status":"publish","type":"product","link":"https:\/\/www.cfaebooks.com\/pl\/products\/probne-egzaminy-frm-2025-czesc-3\/","title":{"rendered":"Egzaminy pr\u00f3bne FRM 2025, cz\u0119\u015b\u0107 2"},"content":{"rendered":"<p>Na sprzeda\u017c jest e-book 2025 FRM Schweser Mock Exams Part 2 PDF.<\/p>\n\n\n\n<p>Obejmuje nast\u0119puj\u0105ce tematy:<\/p>\n\n\n\n<ul class=\"wp-block-list\">\n<li>Pomiar i zarz\u0105dzanie ryzykiem rynkowym<\/li>\n\n\n\n<li>Pomiar i zarz\u0105dzanie ryzykiem kredytowym<\/li>\n\n\n\n<li>Ryzyko operacyjne i odporno\u015b\u0107<\/li>\n\n\n\n<li>Pomiar i zarz\u0105dzanie ryzykiem p\u0142ynno\u015bci i ryzykiem skarbowym<\/li>\n\n\n\n<li>Zarz\u0105dzanie ryzykiem i zarz\u0105dzanie inwestycjami<\/li>\n\n\n\n<li>Bie\u017c\u0105ce zagadnienia na rynkach finansowych<\/li>\n<\/ul>\n\n\n\n<p><strong>Kluczowe cechy:<\/strong><\/p>\n\n\n\n<ul class=\"wp-block-list\">\n<li>Realistyczne pytania egzaminacyjne ze szczeg\u00f3\u0142owymi rozwi\u0105zaniami<\/li>\n\n\n\n<li>Pe\u0142ne pokrycie wszystkich podstawowych temat\u00f3w FRM Part 2<\/li>\n\n\n\n<li>Stworzony, aby replikowa\u0107 rzeczywiste do\u015bwiadczenie egzaminacyjne w celu skutecznego przygotowania<\/li>\n<\/ul>\n\n\n\n<p>Po dokonaniu zakupu mo\u017cesz natychmiast pobra\u0107 e-booka. Nie jest to fizyczna ksi\u0105\u017cka, lecz cyfrowa kopia w formacie PDF. Nie dokonuj zakupu, je\u015bli chcesz otrzyma\u0107 fizyczn\u0105 wersj\u0119 papierow\u0105.<\/p>","protected":false},"excerpt":{"rendered":"<p>For sale is an e-Book 2025 FRM Schweser Mock Exams Part 2 PDF. Includes the following topics: Key Features: After checkout you can download the e-Book instantly. This is not a physical book it is a\u00a0PDF\u00a0digital copy. Please do not purchase if you want a physical hard copy.<\/p>","protected":false},"featured_media":12290,"comment_status":"closed","ping_status":"closed","template":"","meta":[],"product_brand":[],"product_cat":[325],"product_tag":[184,326,185,186,181,339,188,329,182,183],"class_list":{"0":"post-12289","1":"product","2":"type-product","3":"status-publish","4":"has-post-thumbnail","6":"product_cat-frm-part-2","7":"product_tag-frm","8":"product_tag-frm-2025","9":"product_tag-frm-books","10":"product_tag-frm-ebooks","11":"product_tag-frm-exam","12":"product_tag-frm-mock-exam","13":"product_tag-frm-part-2","14":"product_tag-frm-part-2-2025","15":"product_tag-frm-prep","16":"product_tag-frm-test","18":"first","19":"instock","20":"downloadable","21":"virtual","22":"sold-individually","23":"purchasable","24":"product-type-simple"},"_links":{"self":[{"href":"https:\/\/www.cfaebooks.com\/pl\/wp-json\/wp\/v2\/product\/12289","targetHints":{"allow":["GET"]}}],"collection":[{"href":"https:\/\/www.cfaebooks.com\/pl\/wp-json\/wp\/v2\/product"}],"about":[{"href":"https:\/\/www.cfaebooks.com\/pl\/wp-json\/wp\/v2\/types\/product"}],"replies":[{"embeddable":true,"href":"https:\/\/www.cfaebooks.com\/pl\/wp-json\/wp\/v2\/comments?post=12289"}],"wp:featuredmedia":[{"embeddable":true,"href":"https:\/\/www.cfaebooks.com\/pl\/wp-json\/wp\/v2\/media\/12290"}],"wp:attachment":[{"href":"https:\/\/www.cfaebooks.com\/pl\/wp-json\/wp\/v2\/media?parent=12289"}],"wp:term":[{"taxonomy":"product_brand","embeddable":true,"href":"https:\/\/www.cfaebooks.com\/pl\/wp-json\/wp\/v2\/product_brand?post=12289"},{"taxonomy":"product_cat","embeddable":true,"href":"https:\/\/www.cfaebooks.com\/pl\/wp-json\/wp\/v2\/product_cat?post=12289"},{"taxonomy":"product_tag","embeddable":true,"href":"https:\/\/www.cfaebooks.com\/pl\/wp-json\/wp\/v2\/product_tag?post=12289"}],"curies":[{"name":"wp","href":"https:\/\/api.w.org\/{rel}","templated":true}]}}