{"id":12284,"date":"2025-04-07T07:51:06","date_gmt":"2025-04-07T07:51:06","guid":{"rendered":"https:\/\/www.cfaebooks.com\/?post_type=product&#038;p=12284"},"modified":"2026-04-03T08:03:08","modified_gmt":"2026-04-03T08:03:08","slug":"frm-2026-schweser-wideo-czesc-2-z-zeszytem-cwiczen","status":"publish","type":"product","link":"https:\/\/www.cfaebooks.com\/pl\/products\/frm-2026-schweser-wideo-czesc-2-z-zeszytem-cwiczen\/","title":{"rendered":"FRM 2026 Schweser Videos Part 2 z zeszytem \u0107wicze\u0144"},"content":{"rendered":"<p>W sprzeda\u017cy znajduje si\u0119 zestaw wyk\u0142ad\u00f3w wideo FRM Schweser 2026, cz\u0119\u015b\u0107 2, wraz ze zeszytem \u0107wicze\u0144.<\/p>\n\n\n\n<p><strong>Omawiane tematy:<\/strong><\/p>\n\n\n\n<ul class=\"wp-block-list\">\n<li>Pomiar i zarz\u0105dzanie ryzykiem rynkowym<\/li>\n\n\n\n<li>Pomiar i zarz\u0105dzanie ryzykiem kredytowym<\/li>\n\n\n\n<li>Ryzyko operacyjne i odporno\u015b\u0107<\/li>\n\n\n\n<li>Pomiar i zarz\u0105dzanie ryzykiem p\u0142ynno\u015bci i ryzykiem skarbowym<\/li>\n\n\n\n<li>Zarz\u0105dzanie ryzykiem, zarz\u0105dzanie inwestycjami i bie\u017c\u0105ce zagadnienia na rynkach finansowych<\/li>\n<\/ul>\n\n\n\n<p><strong>Co zawiera:<\/strong><\/p>\n\n\n\n<ul class=\"wp-block-list\">\n<li><strong>Wyk\u0142ady wideo<\/strong>: Szczeg\u00f3\u0142owe prezentacje prowadzone przez do\u015bwiadczonych instruktor\u00f3w, obejmuj\u0105ce wszystkie istotne tematy z cz\u0119\u015bci 2.<\/li>\n\n\n\n<li><strong>Zeszyt \u0107wicze\u0144<\/strong>: Dobrze zorganizowane slajdy podsumowuj\u0105ce kluczowe punkty, idealne do szybkiej i skutecznej powt\u00f3rki.<\/li>\n<\/ul>\n\n\n\n<p>Po dokonaniu p\u0142atno\u015bci mo\u017cesz natychmiast pobra\u0107 plik.<\/p>","protected":false},"excerpt":{"rendered":"<p>For sale is the 2026 FRM Schweser Video Lectures Part 2 with Workbook. Topics Covered: What\u2019s Included: After checkout you can download instantly.<\/p>","protected":false},"featured_media":17229,"comment_status":"closed","ping_status":"closed","template":"","meta":[],"product_brand":[],"product_cat":[325],"product_tag":[184,409,181,411,182,183,175,271],"class_list":{"0":"post-12284","1":"product","2":"type-product","3":"status-publish","4":"has-post-thumbnail","6":"product_cat-frm-part-2","7":"product_tag-frm","8":"product_tag-frm-2026","9":"product_tag-frm-exam","10":"product_tag-frm-part-2-2026","11":"product_tag-frm-prep","12":"product_tag-frm-test","13":"product_tag-video","14":"product_tag-video-lectures","16":"first","17":"instock","18":"downloadable","19":"virtual","20":"sold-individually","21":"purchasable","22":"product-type-simple"},"_links":{"self":[{"href":"https:\/\/www.cfaebooks.com\/pl\/wp-json\/wp\/v2\/product\/12284","targetHints":{"allow":["GET"]}}],"collection":[{"href":"https:\/\/www.cfaebooks.com\/pl\/wp-json\/wp\/v2\/product"}],"about":[{"href":"https:\/\/www.cfaebooks.com\/pl\/wp-json\/wp\/v2\/types\/product"}],"replies":[{"embeddable":true,"href":"https:\/\/www.cfaebooks.com\/pl\/wp-json\/wp\/v2\/comments?post=12284"}],"wp:featuredmedia":[{"embeddable":true,"href":"https:\/\/www.cfaebooks.com\/pl\/wp-json\/wp\/v2\/media\/17229"}],"wp:attachment":[{"href":"https:\/\/www.cfaebooks.com\/pl\/wp-json\/wp\/v2\/media?parent=12284"}],"wp:term":[{"taxonomy":"product_brand","embeddable":true,"href":"https:\/\/www.cfaebooks.com\/pl\/wp-json\/wp\/v2\/product_brand?post=12284"},{"taxonomy":"product_cat","embeddable":true,"href":"https:\/\/www.cfaebooks.com\/pl\/wp-json\/wp\/v2\/product_cat?post=12284"},{"taxonomy":"product_tag","embeddable":true,"href":"https:\/\/www.cfaebooks.com\/pl\/wp-json\/wp\/v2\/product_tag?post=12284"}],"curies":[{"name":"wp","href":"https:\/\/api.w.org\/{rel}","templated":true}]}}