{"id":12279,"date":"2025-04-07T04:29:46","date_gmt":"2025-04-07T04:29:46","guid":{"rendered":"https:\/\/www.cfaebooks.com\/?post_type=product&#038;p=12279"},"modified":"2026-04-03T08:03:06","modified_gmt":"2026-04-03T08:03:06","slug":"frm-2026-schweser-wideo-czesc-1-z-zeszytem-cwiczen","status":"publish","type":"product","link":"https:\/\/www.cfaebooks.com\/pl\/products\/frm-2026-schweser-wideo-czesc-1-z-zeszytem-cwiczen\/","title":{"rendered":"FRM 2025 Schweser Videos Part 1 z zeszytem \u0107wicze\u0144"},"content":{"rendered":"<p>Na sprzeda\u017c jest FRM 2026 Schweser Videos Part 1 z zeszytem \u0107wicze\u0144.<\/p>\n\n\n\n<p><strong>Omawiane tematy:<\/strong><\/p>\n\n\n\n<ul class=\"wp-block-list\">\n<li>Podstawy zarz\u0105dzania ryzykiem<\/li>\n\n\n\n<li>Analiza ilo\u015bciowa<\/li>\n\n\n\n<li>Rynki i produkty finansowe<\/li>\n\n\n\n<li>Modele wyceny i ryzyka<\/li>\n<\/ul>\n\n\n\n<p><strong>Co zawiera:<\/strong><\/p>\n\n\n\n<ul class=\"wp-block-list\">\n<li><strong>Wyk\u0142ady wideo<\/strong>: Prowadzone przez ekspert\u00f3w bran\u017cowych, obejmuj\u0105ce wszystkie g\u0142\u00f3wne tematy cz\u0119\u015bci 1.<\/li>\n\n\n\n<li><strong>Zeszyt \u0107wicze\u0144<\/strong>: Zwi\u0119z\u0142e slajdy podsumowuj\u0105ce kluczowe punkty ka\u017cdego tematu, idealne do szybkiej powt\u00f3rki.<\/li>\n<\/ul>\n\n\n\n<p>Po dokonaniu p\u0142atno\u015bci mo\u017cesz natychmiast pobra\u0107 materia\u0142.<\/p>","protected":false},"excerpt":{"rendered":"<p>For sale is the 2026 FRM\u00a0Schweser Videos Part 1 with Workbook. Topics Covered: What\u2019s Included: After checkout you can download the material instantly.<\/p>","protected":false},"featured_media":17215,"comment_status":"closed","ping_status":"closed","template":"","meta":[],"product_brand":[],"product_cat":[324],"product_tag":[184,409,181,410,182,183,340,175],"class_list":{"0":"post-12279","1":"product","2":"type-product","3":"status-publish","4":"has-post-thumbnail","6":"product_cat-frm-part-1","7":"product_tag-frm","8":"product_tag-frm-2026","9":"product_tag-frm-exam","10":"product_tag-frm-part-1-2026","11":"product_tag-frm-prep","12":"product_tag-frm-test","13":"product_tag-frm-videos","14":"product_tag-video","16":"first","17":"instock","18":"downloadable","19":"virtual","20":"sold-individually","21":"purchasable","22":"product-type-simple"},"_links":{"self":[{"href":"https:\/\/www.cfaebooks.com\/pl\/wp-json\/wp\/v2\/product\/12279","targetHints":{"allow":["GET"]}}],"collection":[{"href":"https:\/\/www.cfaebooks.com\/pl\/wp-json\/wp\/v2\/product"}],"about":[{"href":"https:\/\/www.cfaebooks.com\/pl\/wp-json\/wp\/v2\/types\/product"}],"replies":[{"embeddable":true,"href":"https:\/\/www.cfaebooks.com\/pl\/wp-json\/wp\/v2\/comments?post=12279"}],"wp:featuredmedia":[{"embeddable":true,"href":"https:\/\/www.cfaebooks.com\/pl\/wp-json\/wp\/v2\/media\/17215"}],"wp:attachment":[{"href":"https:\/\/www.cfaebooks.com\/pl\/wp-json\/wp\/v2\/media?parent=12279"}],"wp:term":[{"taxonomy":"product_brand","embeddable":true,"href":"https:\/\/www.cfaebooks.com\/pl\/wp-json\/wp\/v2\/product_brand?post=12279"},{"taxonomy":"product_cat","embeddable":true,"href":"https:\/\/www.cfaebooks.com\/pl\/wp-json\/wp\/v2\/product_cat?post=12279"},{"taxonomy":"product_tag","embeddable":true,"href":"https:\/\/www.cfaebooks.com\/pl\/wp-json\/wp\/v2\/product_tag?post=12279"}],"curies":[{"name":"wp","href":"https:\/\/api.w.org\/{rel}","templated":true}]}}