{"id":12203,"date":"2025-04-02T14:43:35","date_gmt":"2025-04-02T14:43:35","guid":{"rendered":"https:\/\/www.cfaebooks.com\/?post_type=product&#038;p=12203"},"modified":"2026-04-03T08:02:37","modified_gmt":"2026-04-03T08:02:37","slug":"cfa-2025-analystprep-level-2-video-notes-qbank-mock-exams","status":"publish","type":"product","link":"https:\/\/www.cfaebooks.com\/pl\/products\/cfa-2025-analystprep-level-2-video-notes-qbank-mock-exams\/","title":{"rendered":"CFA 2025 AnalystPrep Level 2 Filmy, notatki, QBank, pr\u00f3bne egzaminy"},"content":{"rendered":"<p>Na sprzeda\u017c jest 2025 CFA Level 2 AnalystPrep Videos, Study Notes, Question Bank i Mock Exams.<\/p>\n\n\n\n<p>Zawiera zestaw 10 tom\u00f3w:<\/p>\n\n\n\n<ul class=\"wp-block-list\">\n<li>Metody ilo\u015bciowe<\/li>\n\n\n\n<li>Ekonomia<\/li>\n\n\n\n<li>Sprawozdawczo\u015b\u0107 finansowa i analiza<\/li>\n\n\n\n<li>Emitenci korporacyjni<\/li>\n\n\n\n<li>Kapita\u0142 w\u0142asny<\/li>\n\n\n\n<li>Sta\u0142y doch\u00f3d<\/li>\n\n\n\n<li>Instrumenty pochodne<\/li>\n\n\n\n<li>Inwestycje alternatywne<\/li>\n\n\n\n<li>Zarz\u0105dzanie portfelem<\/li>\n\n\n\n<li>Etyka<\/li>\n<\/ul>\n\n\n\n<p>Nie dokonuj zakupu, je\u015bli chcesz otrzyma\u0107 fizyczn\u0105 kopi\u0119. <\/p>\n\n\n\n<p>Po dokonaniu p\u0142atno\u015bci mo\u017cna natychmiast pobra\u0107 materia\u0142.<\/p>","protected":false},"excerpt":{"rendered":"<p>For sale is the 2025 CFA Level 2 AnalystPrep Videos, Study Notes, Question Bank and Mock Exams. Includes Set of 10 volumes: Please do not purchase if you want a physical hard copy. After checkout you can download the material immediately.<\/p>","protected":false},"featured_media":12204,"comment_status":"closed","ping_status":"closed","template":"","meta":[],"product_brand":[],"product_cat":[266],"product_tag":[261,93,88,90,293,166,92,302,168,271],"class_list":{"0":"post-12203","1":"product","2":"type-product","3":"status-publish","4":"has-post-thumbnail","6":"product_cat-cfa-level-2","7":"product_tag-cfa-2025","8":"product_tag-cfa-books","9":"product_tag-cfa-ebooks","10":"product_tag-cfa-exam","11":"product_tag-cfa-level-2-2025","12":"product_tag-cfa-question-bank","13":"product_tag-cfa-test","14":"product_tag-cfa-video-lectures","15":"product_tag-study-notes","16":"product_tag-video-lectures","18":"first","19":"instock","20":"downloadable","21":"virtual","22":"sold-individually","23":"purchasable","24":"product-type-simple"},"_links":{"self":[{"href":"https:\/\/www.cfaebooks.com\/pl\/wp-json\/wp\/v2\/product\/12203","targetHints":{"allow":["GET"]}}],"collection":[{"href":"https:\/\/www.cfaebooks.com\/pl\/wp-json\/wp\/v2\/product"}],"about":[{"href":"https:\/\/www.cfaebooks.com\/pl\/wp-json\/wp\/v2\/types\/product"}],"replies":[{"embeddable":true,"href":"https:\/\/www.cfaebooks.com\/pl\/wp-json\/wp\/v2\/comments?post=12203"}],"wp:featuredmedia":[{"embeddable":true,"href":"https:\/\/www.cfaebooks.com\/pl\/wp-json\/wp\/v2\/media\/12204"}],"wp:attachment":[{"href":"https:\/\/www.cfaebooks.com\/pl\/wp-json\/wp\/v2\/media?parent=12203"}],"wp:term":[{"taxonomy":"product_brand","embeddable":true,"href":"https:\/\/www.cfaebooks.com\/pl\/wp-json\/wp\/v2\/product_brand?post=12203"},{"taxonomy":"product_cat","embeddable":true,"href":"https:\/\/www.cfaebooks.com\/pl\/wp-json\/wp\/v2\/product_cat?post=12203"},{"taxonomy":"product_tag","embeddable":true,"href":"https:\/\/www.cfaebooks.com\/pl\/wp-json\/wp\/v2\/product_tag?post=12203"}],"curies":[{"name":"wp","href":"https:\/\/api.w.org\/{rel}","templated":true}]}}