{"id":12184,"date":"2025-04-02T02:18:26","date_gmt":"2025-04-02T02:18:26","guid":{"rendered":"https:\/\/www.cfaebooks.com\/?post_type=product&#038;p=12184"},"modified":"2026-04-03T08:02:33","modified_gmt":"2026-04-03T08:02:33","slug":"cfa-level-2-2025-analystprep-study-notes","status":"publish","type":"product","link":"https:\/\/www.cfaebooks.com\/pl\/products\/cfa-level-2-2025-analystprep-study-notes\/","title":{"rendered":"CFA Level 2 2025 AnalystPrep Study Notes"},"content":{"rendered":"<p>Na sprzeda\u017c jest 2025 CFA AnalystPrep Study Notes Level 2 PDF.<\/p>\n\n\n\n<p>Zawiera zestaw 10 tom\u00f3w:<\/p>\n\n\n\n<ul class=\"wp-block-list\">\n<li>Metody ilo\u015bciowe<\/li>\n\n\n\n<li>Ekonomia<\/li>\n\n\n\n<li>Sprawozdawczo\u015b\u0107 finansowa i analiza<\/li>\n\n\n\n<li>Emitenci korporacyjni<\/li>\n\n\n\n<li>Kapita\u0142 w\u0142asny<\/li>\n\n\n\n<li>Sta\u0142y doch\u00f3d<\/li>\n\n\n\n<li>Instrumenty pochodne<\/li>\n\n\n\n<li>Inwestycje alternatywne<\/li>\n\n\n\n<li>Zarz\u0105dzanie portfelem<\/li>\n\n\n\n<li>Etyka<\/li>\n<\/ul>\n\n\n\n<p>Nie dokonuj zakupu, je\u015bli chcesz otrzyma\u0107 fizyczn\u0105 kopi\u0119. <\/p>\n\n\n\n<p>Po dokonaniu p\u0142atno\u015bci mo\u017cna natychmiast pobra\u0107 materia\u0142.<\/p>","protected":false},"excerpt":{"rendered":"<p>For sale is the 2025 CFA AnalystPrep Study Notes Level 2 PDF. Includes Set of 10 volumes: Please do not purchase if you want a physical hard copy. After checkout you can download the material immediately.<\/p>","protected":false},"featured_media":12185,"comment_status":"closed","ping_status":"closed","template":"","meta":[],"product_brand":[],"product_cat":[266],"product_tag":[261,93,88,90,293,92,168],"class_list":{"0":"post-12184","1":"product","2":"type-product","3":"status-publish","4":"has-post-thumbnail","6":"product_cat-cfa-level-2","7":"product_tag-cfa-2025","8":"product_tag-cfa-books","9":"product_tag-cfa-ebooks","10":"product_tag-cfa-exam","11":"product_tag-cfa-level-2-2025","12":"product_tag-cfa-test","13":"product_tag-study-notes","15":"first","16":"instock","17":"downloadable","18":"virtual","19":"sold-individually","20":"purchasable","21":"product-type-simple"},"_links":{"self":[{"href":"https:\/\/www.cfaebooks.com\/pl\/wp-json\/wp\/v2\/product\/12184","targetHints":{"allow":["GET"]}}],"collection":[{"href":"https:\/\/www.cfaebooks.com\/pl\/wp-json\/wp\/v2\/product"}],"about":[{"href":"https:\/\/www.cfaebooks.com\/pl\/wp-json\/wp\/v2\/types\/product"}],"replies":[{"embeddable":true,"href":"https:\/\/www.cfaebooks.com\/pl\/wp-json\/wp\/v2\/comments?post=12184"}],"wp:featuredmedia":[{"embeddable":true,"href":"https:\/\/www.cfaebooks.com\/pl\/wp-json\/wp\/v2\/media\/12185"}],"wp:attachment":[{"href":"https:\/\/www.cfaebooks.com\/pl\/wp-json\/wp\/v2\/media?parent=12184"}],"wp:term":[{"taxonomy":"product_brand","embeddable":true,"href":"https:\/\/www.cfaebooks.com\/pl\/wp-json\/wp\/v2\/product_brand?post=12184"},{"taxonomy":"product_cat","embeddable":true,"href":"https:\/\/www.cfaebooks.com\/pl\/wp-json\/wp\/v2\/product_cat?post=12184"},{"taxonomy":"product_tag","embeddable":true,"href":"https:\/\/www.cfaebooks.com\/pl\/wp-json\/wp\/v2\/product_tag?post=12184"}],"curies":[{"name":"wp","href":"https:\/\/api.w.org\/{rel}","templated":true}]}}