{"id":12108,"date":"2025-03-14T08:04:42","date_gmt":"2025-03-14T08:04:42","guid":{"rendered":"https:\/\/www.cfaebooks.com\/?post_type=product&#038;p=12108"},"modified":"2026-04-03T08:02:26","modified_gmt":"2026-04-03T08:02:26","slug":"cfa-2025-level-1-collections-with-10000-mcqs","status":"publish","type":"product","link":"https:\/\/www.cfaebooks.com\/pl\/products\/cfa-2025-level-1-collections-with-10000-mcqs\/","title":{"rendered":"CFA 2025 Level 1 Collections z 10 000 MCQs"},"content":{"rendered":"<p>Na sprzeda\u017c jest 2025 CFA Level 1 Collections z 10.000 MCQs PDF.<\/p>\n\n\n\n<p>Pakiet zawiera:<\/p>\n\n\n\n<ul class=\"wp-block-list\">\n<li>KSI\u0104\u017bKI - 3000 MCQ w \u015brodku<\/li>\n\n\n\n<li>QBank KAPLAN-3000 MCQs<\/li>\n\n\n\n<li>QB CFA WEB PAID-1000 MCQs<\/li>\n\n\n\n<li>ETHICS 200 EXTRA MCQs<\/li>\n\n\n\n<li>25-GODZINNY BANK PYTA\u0143 (650 PYTA\u0143)<\/li>\n\n\n\n<li>TOUGH QBank UWORLD-2000 MCQs<\/li>\n\n\n\n<li>EXTRA QBank-700MCQs<\/li>\n\n\n\n<li>KAPLAN MOCK-1100 MCQs<\/li>\n\n\n\n<li>CFA WEB MOCKS-900 MCQs<\/li>\n\n\n\n<li>FORMU\u0141Y I PODSUMOWANIA<\/li>\n\n\n\n<li>KEVIN SIR_s MOCK<\/li>\n<\/ul>\n\n\n\n<p>Nie jest to fizyczna ksi\u0105\u017cka, lecz cyfrowa kopia w formacie PDF. Nie dokonuj zakupu, je\u015bli chcesz otrzyma\u0107 fizyczn\u0105 kopi\u0119.<\/p>\n\n\n\n<p>Po dokonaniu p\u0142atno\u015bci mo\u017cna natychmiast pobra\u0107 materia\u0142.<\/p>","protected":false},"excerpt":{"rendered":"<p>For sale is the 2025 CFA Level 1 Collections with 10,000 MCQs PDF. In the package, it is include: This is not a physical book it is a\u00a0PDF\u00a0digital copy. Please do not purchase if you want a physical hard copy. After checkout you can download the material immediately.<\/p>","protected":false},"featured_media":12111,"comment_status":"closed","ping_status":"closed","template":"","meta":[],"product_brand":[],"product_cat":[260,273],"product_tag":[261,93,88,90,268,87,338,311,91,92],"class_list":{"0":"post-12108","1":"product","2":"type-product","3":"status-publish","4":"has-post-thumbnail","6":"product_cat-cfa-level-1","7":"product_cat-cfa-bundles","8":"product_tag-cfa-2025","9":"product_tag-cfa-books","10":"product_tag-cfa-ebooks","11":"product_tag-cfa-exam","12":"product_tag-cfa-level-1-2025","13":"product_tag-cfa-level-i","14":"product_tag-cfa-mcqs","15":"product_tag-cfa-mocks","16":"product_tag-cfa-prep","17":"product_tag-cfa-test","19":"first","20":"instock","21":"downloadable","22":"virtual","23":"sold-individually","24":"purchasable","25":"product-type-simple"},"_links":{"self":[{"href":"https:\/\/www.cfaebooks.com\/pl\/wp-json\/wp\/v2\/product\/12108","targetHints":{"allow":["GET"]}}],"collection":[{"href":"https:\/\/www.cfaebooks.com\/pl\/wp-json\/wp\/v2\/product"}],"about":[{"href":"https:\/\/www.cfaebooks.com\/pl\/wp-json\/wp\/v2\/types\/product"}],"replies":[{"embeddable":true,"href":"https:\/\/www.cfaebooks.com\/pl\/wp-json\/wp\/v2\/comments?post=12108"}],"wp:featuredmedia":[{"embeddable":true,"href":"https:\/\/www.cfaebooks.com\/pl\/wp-json\/wp\/v2\/media\/12111"}],"wp:attachment":[{"href":"https:\/\/www.cfaebooks.com\/pl\/wp-json\/wp\/v2\/media?parent=12108"}],"wp:term":[{"taxonomy":"product_brand","embeddable":true,"href":"https:\/\/www.cfaebooks.com\/pl\/wp-json\/wp\/v2\/product_brand?post=12108"},{"taxonomy":"product_cat","embeddable":true,"href":"https:\/\/www.cfaebooks.com\/pl\/wp-json\/wp\/v2\/product_cat?post=12108"},{"taxonomy":"product_tag","embeddable":true,"href":"https:\/\/www.cfaebooks.com\/pl\/wp-json\/wp\/v2\/product_tag?post=12108"}],"curies":[{"name":"wp","href":"https:\/\/api.w.org\/{rel}","templated":true}]}}